{"id":8736,"date":"2022-02-07T15:04:42","date_gmt":"2022-02-07T15:04:42","guid":{"rendered":"https:\/\/www.nature-ride.be\/?post_type=product&#038;p=8736"},"modified":"2024-11-08T18:07:55","modified_gmt":"2024-11-08T18:07:55","slug":"longway-jeux-de-direction-neochrome","status":"publish","type":"product","link":"https:\/\/www.nature-ride.be\/en\/boutique\/trottinette\/jeux-de-direction\/longway-jeux-de-direction-neochrome\/","title":{"rendered":"Longway jeux de direction int\u00e9gr\u00e9 Neochrome"},"content":{"rendered":"<div data-elementor-type=\"product-post\" data-elementor-id=\"8736\" class=\"elementor elementor-8736\" data-elementor-post-type=\"product\">\n\t\t\t\t\t\t<section class=\"elementor-section elementor-top-section elementor-element elementor-element-b539c20 elementor-section-boxed elementor-section-height-default elementor-section-height-default\" data-id=\"b539c20\" data-element_type=\"section\" data-e-type=\"section\">\n\t\t\t\t\t\t<div class=\"elementor-container elementor-column-gap-default\">\n\t\t\t\t\t<div class=\"elementor-column elementor-col-100 elementor-top-column elementor-element elementor-element-8b51f1f\" data-id=\"8b51f1f\" data-element_type=\"column\" data-e-type=\"column\">\n\t\t\t<div class=\"elementor-widget-wrap elementor-element-populated\">\n\t\t\t\t\t\t<div class=\"elementor-element elementor-element-d68301d elementor-widget elementor-widget-text-editor\" data-id=\"d68301d\" data-element_type=\"widget\" data-e-type=\"widget\" data-widget_type=\"text-editor.default\">\n\t\t\t\t<div class=\"elementor-widget-container\">\n\t\t\t\t\t\t\t\t\t<p style=\"text-align: center;\"><strong>A clean and complete headset!<\/strong><\/p><p>This piece has been designed to fit perfectly into any integrated deck.<\/p><p>The Longway logo is laser engraved on it.<\/p><p><strong>Type :<\/strong> Integrated 1 1\/8\u2033<br \/><strong>Compatible with :<\/strong> Forks without thread<br \/><strong>Bearing type :<\/strong> Closed<br \/><strong>Weight :<\/strong> 69 g<br \/><strong>Crown race :<\/strong> Yes (with cut)<br \/><strong>Ring C :<\/strong> Plastic<br \/><strong>Starnut :<\/strong> Not included<br \/><strong>Compression bolt :<\/strong> Not included<\/p>\t\t\t\t\t\t\t\t<\/div>\n\t\t\t\t<\/div>\n\t\t\t\t\t<\/div>\n\t\t<\/div>\n\t\t\t\t\t<\/div>\n\t\t<\/section>\n\t\t\t\t<section class=\"elementor-section elementor-top-section elementor-element elementor-element-e7a76ff elementor-section-boxed elementor-section-height-default elementor-section-height-default\" data-id=\"e7a76ff\" data-element_type=\"section\" data-e-type=\"section\">\n\t\t\t\t\t\t<div class=\"elementor-container elementor-column-gap-default\">\n\t\t\t\t\t<div class=\"elementor-column elementor-col-100 elementor-top-column elementor-element elementor-element-57b3ba9\" data-id=\"57b3ba9\" data-element_type=\"column\" data-e-type=\"column\">\n\t\t\t<div class=\"elementor-widget-wrap elementor-element-populated\">\n\t\t\t\t\t\t<div class=\"elementor-element elementor-element-9413908 elementor-widget elementor-widget-gallery\" data-id=\"9413908\" data-element_type=\"widget\" data-e-type=\"widget\" data-settings=\"{&quot;columns&quot;:3,&quot;aspect_ratio&quot;:&quot;1:1&quot;,&quot;columns_mobile&quot;:2,&quot;lazyload&quot;:&quot;yes&quot;,&quot;gallery_layout&quot;:&quot;grid&quot;,&quot;columns_tablet&quot;:2,&quot;gap&quot;:{&quot;unit&quot;:&quot;px&quot;,&quot;size&quot;:10,&quot;sizes&quot;:[]},&quot;gap_tablet&quot;:{&quot;unit&quot;:&quot;px&quot;,&quot;size&quot;:10,&quot;sizes&quot;:[]},&quot;gap_mobile&quot;:{&quot;unit&quot;:&quot;px&quot;,&quot;size&quot;:10,&quot;sizes&quot;:[]},&quot;link_to&quot;:&quot;file&quot;,&quot;overlay_background&quot;:&quot;yes&quot;,&quot;content_hover_animation&quot;:&quot;fade-in&quot;}\" data-widget_type=\"gallery.default\">\n\t\t\t\t<div class=\"elementor-widget-container\">\n\t\t\t\t\t\t\t<div class=\"elementor-gallery__container\">\n\t\t\t\t\t\t\t<a class=\"e-gallery-item elementor-gallery-item elementor-animated-content\" href=\"https:\/\/www.nature-ride.be\/wp-content\/uploads\/2022\/02\/Longway-Integre-Jeu-De-Direction-Trottinette-Neochrome-1x1-1.jpg\" data-elementor-open-lightbox=\"yes\" data-elementor-lightbox-slideshow=\"9413908\" data-elementor-lightbox-title=\"Longway Int\u00e9gr\u00e9 Jeu De Direction Trottinette (Neochrome) 1x1 1\" data-e-action-hash=\"#elementor-action%3Aaction%3Dlightbox%26settings%3DeyJpZCI6ODczNywidXJsIjoiaHR0cHM6XC9cL3d3dy5uYXR1cmUtcmlkZS5iZVwvd3AtY29udGVudFwvdXBsb2Fkc1wvMjAyMlwvMDJcL0xvbmd3YXktSW50ZWdyZS1KZXUtRGUtRGlyZWN0aW9uLVRyb3R0aW5ldHRlLU5lb2Nocm9tZS0xeDEtMS5qcGciLCJzbGlkZXNob3ciOiI5NDEzOTA4In0%3D\">\n\t\t\t\t\t<div class=\"e-gallery-image elementor-gallery-item__image\" data-thumbnail=\"https:\/\/www.nature-ride.be\/wp-content\/uploads\/2022\/02\/Longway-Integre-Jeu-De-Direction-Trottinette-Neochrome-1x1-1.jpg\" data-width=\"1024\" data-height=\"1024\" aria-label=\"\" role=\"img\" ><\/div>\n\t\t\t\t\t\t\t\t\t\t\t<div class=\"elementor-gallery-item__overlay\"><\/div>\n\t\t\t\t\t\t\t\t\t\t\t\t\t\t<\/a>\n\t\t\t\t\t\t\t<a class=\"e-gallery-item elementor-gallery-item elementor-animated-content\" href=\"https:\/\/www.nature-ride.be\/wp-content\/uploads\/2022\/02\/Longway-Integre-Jeu-De-Direction-Trottinette-Neochrome-1x1-2.jpg\" data-elementor-open-lightbox=\"yes\" data-elementor-lightbox-slideshow=\"9413908\" data-elementor-lightbox-title=\"Longway Int\u00e9gr\u00e9 Jeu De Direction Trottinette (Neochrome) 1x1 2\" data-e-action-hash=\"#elementor-action%3Aaction%3Dlightbox%26settings%3DeyJpZCI6ODczOCwidXJsIjoiaHR0cHM6XC9cL3d3dy5uYXR1cmUtcmlkZS5iZVwvd3AtY29udGVudFwvdXBsb2Fkc1wvMjAyMlwvMDJcL0xvbmd3YXktSW50ZWdyZS1KZXUtRGUtRGlyZWN0aW9uLVRyb3R0aW5ldHRlLU5lb2Nocm9tZS0xeDEtMi5qcGciLCJzbGlkZXNob3ciOiI5NDEzOTA4In0%3D\">\n\t\t\t\t\t<div class=\"e-gallery-image elementor-gallery-item__image\" data-thumbnail=\"https:\/\/www.nature-ride.be\/wp-content\/uploads\/2022\/02\/Longway-Integre-Jeu-De-Direction-Trottinette-Neochrome-1x1-2.jpg\" data-width=\"1024\" data-height=\"1024\" aria-label=\"\" role=\"img\" ><\/div>\n\t\t\t\t\t\t\t\t\t\t\t<div class=\"elementor-gallery-item__overlay\"><\/div>\n\t\t\t\t\t\t\t\t\t\t\t\t\t\t<\/a>\n\t\t\t\t\t\t\t<a class=\"e-gallery-item elementor-gallery-item elementor-animated-content\" href=\"https:\/\/www.nature-ride.be\/wp-content\/uploads\/2022\/02\/Longway-Integre-Jeu-De-Direction-Trottinette-Neochrome-1x1-3.jpg\" data-elementor-open-lightbox=\"yes\" data-elementor-lightbox-slideshow=\"9413908\" data-elementor-lightbox-title=\"Longway Int\u00e9gr\u00e9 Jeu De Direction Trottinette (Neochrome) 1x1 3\" data-e-action-hash=\"#elementor-action%3Aaction%3Dlightbox%26settings%3DeyJpZCI6ODczOSwidXJsIjoiaHR0cHM6XC9cL3d3dy5uYXR1cmUtcmlkZS5iZVwvd3AtY29udGVudFwvdXBsb2Fkc1wvMjAyMlwvMDJcL0xvbmd3YXktSW50ZWdyZS1KZXUtRGUtRGlyZWN0aW9uLVRyb3R0aW5ldHRlLU5lb2Nocm9tZS0xeDEtMy5qcGciLCJzbGlkZXNob3ciOiI5NDEzOTA4In0%3D\">\n\t\t\t\t\t<div class=\"e-gallery-image elementor-gallery-item__image\" data-thumbnail=\"https:\/\/www.nature-ride.be\/wp-content\/uploads\/2022\/02\/Longway-Integre-Jeu-De-Direction-Trottinette-Neochrome-1x1-3.jpg\" data-width=\"1024\" data-height=\"1024\" aria-label=\"\" role=\"img\" ><\/div>\n\t\t\t\t\t\t\t\t\t\t\t<div class=\"elementor-gallery-item__overlay\"><\/div>\n\t\t\t\t\t\t\t\t\t\t\t\t\t\t<\/a>\n\t\t\t\t\t<\/div>\n\t\t\t\t\t<\/div>\n\t\t\t\t<\/div>\n\t\t\t\t\t<\/div>\n\t\t<\/div>\n\t\t\t\t\t<\/div>\n\t\t<\/section>\n\t\t\t\t<section class=\"elementor-section elementor-top-section elementor-element elementor-element-612319b elementor-section-boxed elementor-section-height-default elementor-section-height-default\" data-id=\"612319b\" data-element_type=\"section\" data-e-type=\"section\">\n\t\t\t\t\t\t<div class=\"elementor-container elementor-column-gap-default\">\n\t\t\t\t\t<div class=\"elementor-column elementor-col-100 elementor-top-column elementor-element elementor-element-ed64179\" data-id=\"ed64179\" data-element_type=\"column\" data-e-type=\"column\">\n\t\t\t<div class=\"elementor-widget-wrap elementor-element-populated\">\n\t\t\t\t\t\t<div class=\"elementor-element elementor-element-b02835e elementor-widget elementor-widget-image\" data-id=\"b02835e\" data-element_type=\"widget\" data-e-type=\"widget\" data-widget_type=\"image.default\">\n\t\t\t\t<div class=\"elementor-widget-container\">\n\t\t\t\t\t\t\t\t\t\t\t\t\t\t\t<img fetchpriority=\"high\" decoding=\"async\" width=\"1921\" height=\"700\" src=\"https:\/\/www.nature-ride.be\/wp-content\/uploads\/2022\/02\/longway-parts-accessories-headset.jpg\" class=\"attachment-full size-full wp-image-8732\" alt=\"\" srcset=\"https:\/\/www.nature-ride.be\/wp-content\/uploads\/2022\/02\/longway-parts-accessories-headset.jpg 1921w, https:\/\/www.nature-ride.be\/wp-content\/uploads\/2022\/02\/longway-parts-accessories-headset-300x109.jpg 300w, https:\/\/www.nature-ride.be\/wp-content\/uploads\/2022\/02\/longway-parts-accessories-headset-1024x373.jpg 1024w, https:\/\/www.nature-ride.be\/wp-content\/uploads\/2022\/02\/longway-parts-accessories-headset-768x280.jpg 768w, https:\/\/www.nature-ride.be\/wp-content\/uploads\/2022\/02\/longway-parts-accessories-headset-1536x560.jpg 1536w, https:\/\/www.nature-ride.be\/wp-content\/uploads\/2022\/02\/longway-parts-accessories-headset-18x7.jpg 18w, https:\/\/www.nature-ride.be\/wp-content\/uploads\/2022\/02\/longway-parts-accessories-headset-600x219.jpg 600w\" sizes=\"(max-width: 1921px) 100vw, 1921px\" \/>\t\t\t\t\t\t\t\t\t\t\t\t\t\t\t<\/div>\n\t\t\t\t<\/div>\n\t\t\t\t\t<\/div>\n\t\t<\/div>\n\t\t\t\t\t<\/div>\n\t\t<\/section>\n\t\t\t\t<\/div>","protected":false},"excerpt":{"rendered":"<p><a href=\"https:\/\/www.nature-ride.be\/en\/longway-presentation\/\"><img decoding=\"async\" class=\"alignnone wp-image-4647 size-medium lazyload\" data-src=\"https:\/\/www.nature-ride.be\/wp-content\/uploads\/2021\/11\/Longway-Scooter-Logo-Print-300x212.png\" alt=\"\" width=\"300\" height=\"212\" data-srcset=\"https:\/\/www.nature-ride.be\/wp-content\/uploads\/2021\/11\/Longway-Scooter-Logo-Print-300x212.png 300w, https:\/\/www.nature-ride.be\/wp-content\/uploads\/2021\/11\/Longway-Scooter-Logo-Print-600x424.png 600w, https:\/\/www.nature-ride.be\/wp-content\/uploads\/2021\/11\/Longway-Scooter-Logo-Print-1024x724.png 1024w, https:\/\/www.nature-ride.be\/wp-content\/uploads\/2021\/11\/Longway-Scooter-Logo-Print-768x543.png 768w, https:\/\/www.nature-ride.be\/wp-content\/uploads\/2021\/11\/Longway-Scooter-Logo-Print-1536x1086.png 1536w, https:\/\/www.nature-ride.be\/wp-content\/uploads\/2021\/11\/Longway-Scooter-Logo-Print-2048x1448.png 2048w, https:\/\/www.nature-ride.be\/wp-content\/uploads\/2021\/11\/Longway-Scooter-Logo-Print-18x12.png 18w\" data-sizes=\"(max-width: 300px) 100vw, 300px\" src=\"data:image\/svg+xml;base64,PHN2ZyB3aWR0aD0iMSIgaGVpZ2h0PSIxIiB4bWxucz0iaHR0cDovL3d3dy53My5vcmcvMjAwMC9zdmciPjwvc3ZnPg==\" style=\"--smush-placeholder-width: 300px; --smush-placeholder-aspect-ratio: 300\/212;\" \/><\/a><\/p>","protected":false},"featured_media":8737,"comment_status":"open","ping_status":"closed","template":"","meta":{"_monsterinsights_skip_tracking":false,"_monsterinsights_sitenote_active":false,"_monsterinsights_sitenote_note":"","_monsterinsights_sitenote_category":0,"site-sidebar-layout":"left-sidebar","site-content-layout":"page-builder","ast-site-content-layout":"default","site-content-style":"default","site-sidebar-style":"default","ast-global-header-display":"","ast-banner-title-visibility":"","ast-main-header-display":"","ast-hfb-above-header-display":"","ast-hfb-below-header-display":"","ast-hfb-mobile-header-display":"","site-post-title":"disabled","ast-breadcrumbs-content":"","ast-featured-img":"disabled","footer-sml-layout":"","ast-disable-related-posts":"","theme-transparent-header-meta":"default","adv-header-id-meta":"","stick-header-meta":"","header-above-stick-meta":"","header-main-stick-meta":"","header-below-stick-meta":"","astra-migrate-meta-layouts":"default","ast-page-background-enabled":"default","ast-page-background-meta":{"desktop":{"background-color":"","background-image":"","background-repeat":"repeat","background-position":"center center","background-size":"auto","background-attachment":"scroll","background-type":"","background-media":"","overlay-type":"","overlay-color":"","overlay-opacity":"","overlay-gradient":""},"tablet":{"background-color":"","background-image":"","background-repeat":"repeat","background-position":"center center","background-size":"auto","background-attachment":"scroll","background-type":"","background-media":"","overlay-type":"","overlay-color":"","overlay-opacity":"","overlay-gradient":""},"mobile":{"background-color":"","background-image":"","background-repeat":"repeat","background-position":"center center","background-size":"auto","background-attachment":"scroll","background-type":"","background-media":"","overlay-type":"","overlay-color":"","overlay-opacity":"","overlay-gradient":""}},"ast-content-background-meta":{"desktop":{"background-color":"var(--ast-global-color-5)","background-image":"","background-repeat":"repeat","background-position":"center center","background-size":"auto","background-attachment":"scroll","background-type":"","background-media":"","overlay-type":"","overlay-color":"","overlay-opacity":"","overlay-gradient":""},"tablet":{"background-color":"var(--ast-global-color-5)","background-image":"","background-repeat":"repeat","background-position":"center center","background-size":"auto","background-attachment":"scroll","background-type":"","background-media":"","overlay-type":"","overlay-color":"","overlay-opacity":"","overlay-gradient":""},"mobile":{"background-color":"var(--ast-global-color-5)","background-image":"","background-repeat":"repeat","background-position":"center center","background-size":"auto","background-attachment":"scroll","background-type":"","background-media":"","overlay-type":"","overlay-color":"","overlay-opacity":"","overlay-gradient":""}}},"product_brand":[117],"product_cat":[68,62],"product_tag":[],"class_list":{"0":"post-8736","1":"product","2":"type-product","3":"status-publish","4":"has-post-thumbnail","6":"product_brand-longway","7":"product_cat-jeux-de-direction","8":"product_cat-trottinette","9":"desktop-align-left","10":"tablet-align-left","11":"mobile-align-center","13":"first","14":"instock","15":"taxable","16":"shipping-taxable","17":"purchasable","18":"product-type-simple"},"yoast_head":"<!-- This site is optimized with the Yoast SEO plugin v27.5 - https:\/\/yoast.com\/product\/yoast-seo-wordpress\/ -->\n<title>Nature-Ride - Longway jeux de direction int\u00e9gr\u00e9 Neochrome<\/title>\n<meta name=\"description\" content=\"Retrouvez le jeu de direction int\u00e9gr\u00e9 Longway Scooters sur Nature-Ride ! Un large choix de trottinettes freestyle, decks, bars et accessoires\" \/>\n<meta name=\"robots\" content=\"index, follow, max-snippet:-1, max-image-preview:large, max-video-preview:-1\" \/>\n<link rel=\"canonical\" href=\"https:\/\/www.nature-ride.be\/en\/boutique\/trottinette\/jeux-de-direction\/longway-jeux-de-direction-neochrome\/\" \/>\n<meta property=\"og:locale\" content=\"en_GB\" \/>\n<meta property=\"og:type\" content=\"article\" \/>\n<meta property=\"og:title\" content=\"Nature-Ride - Longway jeux de direction int\u00e9gr\u00e9 Neochrome\" \/>\n<meta property=\"og:description\" content=\"Retrouvez le jeu de direction int\u00e9gr\u00e9 Longway Scooters sur Nature-Ride ! Un large choix de trottinettes freestyle, decks, bars et accessoires\" \/>\n<meta property=\"og:url\" content=\"https:\/\/www.nature-ride.be\/en\/boutique\/trottinette\/jeux-de-direction\/longway-jeux-de-direction-neochrome\/\" \/>\n<meta property=\"og:site_name\" content=\"Nature-Ride\" \/>\n<meta property=\"article:publisher\" content=\"https:\/\/www.facebook.com\/NatureRideShop\/\" \/>\n<meta property=\"article:modified_time\" content=\"2024-11-08T18:07:55+00:00\" \/>\n<meta property=\"og:image\" content=\"https:\/\/www.nature-ride.be\/wp-content\/uploads\/2022\/02\/Longway-Integre-Jeu-De-Direction-Trottinette-Neochrome-1x1-1.jpg\" \/>\n\t<meta property=\"og:image:width\" content=\"1024\" \/>\n\t<meta property=\"og:image:height\" content=\"1024\" \/>\n\t<meta property=\"og:image:type\" content=\"image\/jpeg\" \/>\n<meta name=\"twitter:card\" content=\"summary_large_image\" \/>\n<script type=\"application\/ld+json\" class=\"yoast-schema-graph\">{\"@context\":\"https:\\\/\\\/schema.org\",\"@graph\":[{\"@type\":\"WebPage\",\"@id\":\"https:\\\/\\\/www.nature-ride.be\\\/boutique\\\/trottinette\\\/jeux-de-direction\\\/longway-jeux-de-direction-neochrome\\\/\",\"url\":\"https:\\\/\\\/www.nature-ride.be\\\/boutique\\\/trottinette\\\/jeux-de-direction\\\/longway-jeux-de-direction-neochrome\\\/\",\"name\":\"Nature-Ride - Longway jeux de direction int\u00e9gr\u00e9 Neochrome\",\"isPartOf\":{\"@id\":\"https:\\\/\\\/www.nature-ride.be\\\/#website\"},\"primaryImageOfPage\":{\"@id\":\"https:\\\/\\\/www.nature-ride.be\\\/boutique\\\/trottinette\\\/jeux-de-direction\\\/longway-jeux-de-direction-neochrome\\\/#primaryimage\"},\"image\":{\"@id\":\"https:\\\/\\\/www.nature-ride.be\\\/boutique\\\/trottinette\\\/jeux-de-direction\\\/longway-jeux-de-direction-neochrome\\\/#primaryimage\"},\"thumbnailUrl\":\"https:\\\/\\\/www.nature-ride.be\\\/wp-content\\\/uploads\\\/2022\\\/02\\\/Longway-Integre-Jeu-De-Direction-Trottinette-Neochrome-1x1-1.jpg\",\"datePublished\":\"2022-02-07T15:04:42+00:00\",\"dateModified\":\"2024-11-08T18:07:55+00:00\",\"description\":\"Retrouvez le jeu de direction int\u00e9gr\u00e9 Longway Scooters sur Nature-Ride ! Un large choix de trottinettes freestyle, decks, bars et accessoires\",\"breadcrumb\":{\"@id\":\"https:\\\/\\\/www.nature-ride.be\\\/boutique\\\/trottinette\\\/jeux-de-direction\\\/longway-jeux-de-direction-neochrome\\\/#breadcrumb\"},\"inLanguage\":\"en-GB\",\"potentialAction\":[{\"@type\":\"ReadAction\",\"target\":[\"https:\\\/\\\/www.nature-ride.be\\\/boutique\\\/trottinette\\\/jeux-de-direction\\\/longway-jeux-de-direction-neochrome\\\/\"]}]},{\"@type\":\"ImageObject\",\"inLanguage\":\"en-GB\",\"@id\":\"https:\\\/\\\/www.nature-ride.be\\\/boutique\\\/trottinette\\\/jeux-de-direction\\\/longway-jeux-de-direction-neochrome\\\/#primaryimage\",\"url\":\"https:\\\/\\\/www.nature-ride.be\\\/wp-content\\\/uploads\\\/2022\\\/02\\\/Longway-Integre-Jeu-De-Direction-Trottinette-Neochrome-1x1-1.jpg\",\"contentUrl\":\"https:\\\/\\\/www.nature-ride.be\\\/wp-content\\\/uploads\\\/2022\\\/02\\\/Longway-Integre-Jeu-De-Direction-Trottinette-Neochrome-1x1-1.jpg\",\"width\":1024,\"height\":1024},{\"@type\":\"BreadcrumbList\",\"@id\":\"https:\\\/\\\/www.nature-ride.be\\\/boutique\\\/trottinette\\\/jeux-de-direction\\\/longway-jeux-de-direction-neochrome\\\/#breadcrumb\",\"itemListElement\":[{\"@type\":\"ListItem\",\"position\":1,\"name\":\"Accueil\",\"item\":\"https:\\\/\\\/www.nature-ride.be\\\/\"},{\"@type\":\"ListItem\",\"position\":2,\"name\":\"Boutique\",\"item\":\"https:\\\/\\\/www.nature-ride.be\\\/boutique\\\/\"},{\"@type\":\"ListItem\",\"position\":3,\"name\":\"Longway jeux de direction int\u00e9gr\u00e9 Neochrome\"}]},{\"@type\":\"WebSite\",\"@id\":\"https:\\\/\\\/www.nature-ride.be\\\/#website\",\"url\":\"https:\\\/\\\/www.nature-ride.be\\\/\",\"name\":\"Nature-Ride\",\"description\":\"Nature-Ride - Le site n\u00b01 du ride \u00e9cologique\",\"publisher\":{\"@id\":\"https:\\\/\\\/www.nature-ride.be\\\/#organization\"},\"potentialAction\":[{\"@type\":\"SearchAction\",\"target\":{\"@type\":\"EntryPoint\",\"urlTemplate\":\"https:\\\/\\\/www.nature-ride.be\\\/?s={search_term_string}\"},\"query-input\":{\"@type\":\"PropertyValueSpecification\",\"valueRequired\":true,\"valueName\":\"search_term_string\"}}],\"inLanguage\":\"en-GB\"},{\"@type\":\"Organization\",\"@id\":\"https:\\\/\\\/www.nature-ride.be\\\/#organization\",\"name\":\"Nature-Ride\",\"url\":\"https:\\\/\\\/www.nature-ride.be\\\/\",\"logo\":{\"@type\":\"ImageObject\",\"inLanguage\":\"en-GB\",\"@id\":\"https:\\\/\\\/www.nature-ride.be\\\/#\\\/schema\\\/logo\\\/image\\\/\",\"url\":\"https:\\\/\\\/www.nature-ride.be\\\/wp-content\\\/uploads\\\/2021\\\/02\\\/Nature-Ride-LOGO-2.png\",\"contentUrl\":\"https:\\\/\\\/www.nature-ride.be\\\/wp-content\\\/uploads\\\/2021\\\/02\\\/Nature-Ride-LOGO-2.png\",\"width\":2952,\"height\":1314,\"caption\":\"Nature-Ride\"},\"image\":{\"@id\":\"https:\\\/\\\/www.nature-ride.be\\\/#\\\/schema\\\/logo\\\/image\\\/\"},\"sameAs\":[\"https:\\\/\\\/www.facebook.com\\\/NatureRideShop\\\/\",\"https:\\\/\\\/www.instagram.com\\\/naturerideshop\\\/\"]}]}<\/script>\n<!-- \/ Yoast SEO plugin. -->","yoast_head_json":{"title":"Nature-Ride - Longway jeux de direction int\u00e9gr\u00e9 Neochrome","description":"Retrouvez le jeu de direction int\u00e9gr\u00e9 Longway Scooters sur Nature-Ride ! Un large choix de trottinettes freestyle, decks, bars et accessoires","robots":{"index":"index","follow":"follow","max-snippet":"max-snippet:-1","max-image-preview":"max-image-preview:large","max-video-preview":"max-video-preview:-1"},"canonical":"https:\/\/www.nature-ride.be\/en\/boutique\/trottinette\/jeux-de-direction\/longway-jeux-de-direction-neochrome\/","og_locale":"en_GB","og_type":"article","og_title":"Nature-Ride - Longway jeux de direction int\u00e9gr\u00e9 Neochrome","og_description":"Retrouvez le jeu de direction int\u00e9gr\u00e9 Longway Scooters sur Nature-Ride ! Un large choix de trottinettes freestyle, decks, bars et accessoires","og_url":"https:\/\/www.nature-ride.be\/en\/boutique\/trottinette\/jeux-de-direction\/longway-jeux-de-direction-neochrome\/","og_site_name":"Nature-Ride","article_publisher":"https:\/\/www.facebook.com\/NatureRideShop\/","article_modified_time":"2024-11-08T18:07:55+00:00","og_image":[{"width":1024,"height":1024,"url":"https:\/\/www.nature-ride.be\/wp-content\/uploads\/2022\/02\/Longway-Integre-Jeu-De-Direction-Trottinette-Neochrome-1x1-1.jpg","type":"image\/jpeg"}],"twitter_card":"summary_large_image","schema":{"@context":"https:\/\/schema.org","@graph":[{"@type":"WebPage","@id":"https:\/\/www.nature-ride.be\/boutique\/trottinette\/jeux-de-direction\/longway-jeux-de-direction-neochrome\/","url":"https:\/\/www.nature-ride.be\/boutique\/trottinette\/jeux-de-direction\/longway-jeux-de-direction-neochrome\/","name":"Nature-Ride - Longway jeux de direction int\u00e9gr\u00e9 Neochrome","isPartOf":{"@id":"https:\/\/www.nature-ride.be\/#website"},"primaryImageOfPage":{"@id":"https:\/\/www.nature-ride.be\/boutique\/trottinette\/jeux-de-direction\/longway-jeux-de-direction-neochrome\/#primaryimage"},"image":{"@id":"https:\/\/www.nature-ride.be\/boutique\/trottinette\/jeux-de-direction\/longway-jeux-de-direction-neochrome\/#primaryimage"},"thumbnailUrl":"https:\/\/www.nature-ride.be\/wp-content\/uploads\/2022\/02\/Longway-Integre-Jeu-De-Direction-Trottinette-Neochrome-1x1-1.jpg","datePublished":"2022-02-07T15:04:42+00:00","dateModified":"2024-11-08T18:07:55+00:00","description":"Retrouvez le jeu de direction int\u00e9gr\u00e9 Longway Scooters sur Nature-Ride ! Un large choix de trottinettes freestyle, decks, bars et accessoires","breadcrumb":{"@id":"https:\/\/www.nature-ride.be\/boutique\/trottinette\/jeux-de-direction\/longway-jeux-de-direction-neochrome\/#breadcrumb"},"inLanguage":"en-GB","potentialAction":[{"@type":"ReadAction","target":["https:\/\/www.nature-ride.be\/boutique\/trottinette\/jeux-de-direction\/longway-jeux-de-direction-neochrome\/"]}]},{"@type":"ImageObject","inLanguage":"en-GB","@id":"https:\/\/www.nature-ride.be\/boutique\/trottinette\/jeux-de-direction\/longway-jeux-de-direction-neochrome\/#primaryimage","url":"https:\/\/www.nature-ride.be\/wp-content\/uploads\/2022\/02\/Longway-Integre-Jeu-De-Direction-Trottinette-Neochrome-1x1-1.jpg","contentUrl":"https:\/\/www.nature-ride.be\/wp-content\/uploads\/2022\/02\/Longway-Integre-Jeu-De-Direction-Trottinette-Neochrome-1x1-1.jpg","width":1024,"height":1024},{"@type":"BreadcrumbList","@id":"https:\/\/www.nature-ride.be\/boutique\/trottinette\/jeux-de-direction\/longway-jeux-de-direction-neochrome\/#breadcrumb","itemListElement":[{"@type":"ListItem","position":1,"name":"Accueil","item":"https:\/\/www.nature-ride.be\/"},{"@type":"ListItem","position":2,"name":"Boutique","item":"https:\/\/www.nature-ride.be\/boutique\/"},{"@type":"ListItem","position":3,"name":"Longway jeux de direction int\u00e9gr\u00e9 Neochrome"}]},{"@type":"WebSite","@id":"https:\/\/www.nature-ride.be\/#website","url":"https:\/\/www.nature-ride.be\/","name":"Nature-Ride","description":"Nature-Ride - Le site n\u00b01 du ride \u00e9cologique","publisher":{"@id":"https:\/\/www.nature-ride.be\/#organization"},"potentialAction":[{"@type":"SearchAction","target":{"@type":"EntryPoint","urlTemplate":"https:\/\/www.nature-ride.be\/?s={search_term_string}"},"query-input":{"@type":"PropertyValueSpecification","valueRequired":true,"valueName":"search_term_string"}}],"inLanguage":"en-GB"},{"@type":"Organization","@id":"https:\/\/www.nature-ride.be\/#organization","name":"Nature-Ride","url":"https:\/\/www.nature-ride.be\/","logo":{"@type":"ImageObject","inLanguage":"en-GB","@id":"https:\/\/www.nature-ride.be\/#\/schema\/logo\/image\/","url":"https:\/\/www.nature-ride.be\/wp-content\/uploads\/2021\/02\/Nature-Ride-LOGO-2.png","contentUrl":"https:\/\/www.nature-ride.be\/wp-content\/uploads\/2021\/02\/Nature-Ride-LOGO-2.png","width":2952,"height":1314,"caption":"Nature-Ride"},"image":{"@id":"https:\/\/www.nature-ride.be\/#\/schema\/logo\/image\/"},"sameAs":["https:\/\/www.facebook.com\/NatureRideShop\/","https:\/\/www.instagram.com\/naturerideshop\/"]}]}},"_links":{"self":[{"href":"https:\/\/www.nature-ride.be\/en\/wp-json\/wp\/v2\/product\/8736","targetHints":{"allow":["GET"]}}],"collection":[{"href":"https:\/\/www.nature-ride.be\/en\/wp-json\/wp\/v2\/product"}],"about":[{"href":"https:\/\/www.nature-ride.be\/en\/wp-json\/wp\/v2\/types\/product"}],"replies":[{"embeddable":true,"href":"https:\/\/www.nature-ride.be\/en\/wp-json\/wp\/v2\/comments?post=8736"}],"version-history":[{"count":19,"href":"https:\/\/www.nature-ride.be\/en\/wp-json\/wp\/v2\/product\/8736\/revisions"}],"predecessor-version":[{"id":14908,"href":"https:\/\/www.nature-ride.be\/en\/wp-json\/wp\/v2\/product\/8736\/revisions\/14908"}],"wp:featuredmedia":[{"embeddable":true,"href":"https:\/\/www.nature-ride.be\/en\/wp-json\/wp\/v2\/media\/8737"}],"wp:attachment":[{"href":"https:\/\/www.nature-ride.be\/en\/wp-json\/wp\/v2\/media?parent=8736"}],"wp:term":[{"taxonomy":"product_brand","embeddable":true,"href":"https:\/\/www.nature-ride.be\/en\/wp-json\/wp\/v2\/product_brand?post=8736"},{"taxonomy":"product_cat","embeddable":true,"href":"https:\/\/www.nature-ride.be\/en\/wp-json\/wp\/v2\/product_cat?post=8736"},{"taxonomy":"product_tag","embeddable":true,"href":"https:\/\/www.nature-ride.be\/en\/wp-json\/wp\/v2\/product_tag?post=8736"}],"curies":[{"name":"wp","href":"https:\/\/api.w.org\/{rel}","templated":true}]}}