{"id":5275,"date":"2021-11-23T11:58:08","date_gmt":"2021-11-23T11:58:08","guid":{"rendered":"https:\/\/www.nature-ride.be\/?post_type=product&#038;p=5275"},"modified":"2024-08-08T18:30:42","modified_gmt":"2024-08-08T18:30:42","slug":"jessup-original-9-grip-agent-orange","status":"publish","type":"product","link":"https:\/\/www.nature-ride.be\/en\/boutique\/skateboard\/grip\/jessup-original-9-grip-agent-orange\/","title":{"rendered":"Jessup Original 9&#8243; Grip Agent Orange"},"content":{"rendered":"<div data-elementor-type=\"product-post\" data-elementor-id=\"5275\" class=\"elementor elementor-5275\" data-elementor-post-type=\"product\">\n\t\t\t\t\t\t<section class=\"elementor-section elementor-top-section elementor-element elementor-element-785f113e elementor-section-boxed elementor-section-height-default elementor-section-height-default\" data-id=\"785f113e\" data-element_type=\"section\" data-e-type=\"section\">\n\t\t\t\t\t\t<div class=\"elementor-container elementor-column-gap-default\">\n\t\t\t\t\t<div class=\"elementor-column elementor-col-100 elementor-top-column elementor-element elementor-element-2dda4cb0\" data-id=\"2dda4cb0\" data-element_type=\"column\" data-e-type=\"column\">\n\t\t\t<div class=\"elementor-widget-wrap elementor-element-populated\">\n\t\t\t\t\t\t<div class=\"elementor-element elementor-element-4f08faf6 elementor-widget elementor-widget-text-editor\" data-id=\"4f08faf6\" data-element_type=\"widget\" data-e-type=\"widget\" data-widget_type=\"text-editor.default\">\n\t\t\t\t<div class=\"elementor-widget-container\">\n\t\t\t\t\t\t\t\t\t<p>The original Jessup grip is a classic that never disappoints! Agent Orange 9 inches version, for the skateboarding fanatics !<\/p><ul><li>Firm grip on most surfaces<\/li><li>Easy to cut and apply<\/li><li>Used by professional skateboarders around the world, the Jessup Griptape offers the best possible control in the skatepark or on the street.<\/li><li>Made in the USA.<\/li><\/ul><p>The quality is always there at Jessup! Tested and approved by Danny Way, PJ Ladd, and Rune Glifberg!<\/p>\t\t\t\t\t\t\t\t<\/div>\n\t\t\t\t<\/div>\n\t\t\t\t<div class=\"elementor-element elementor-element-a1626ee elementor-widget elementor-widget-gallery\" data-id=\"a1626ee\" data-element_type=\"widget\" data-e-type=\"widget\" data-settings=\"{&quot;columns&quot;:2,&quot;gap&quot;:{&quot;unit&quot;:&quot;px&quot;,&quot;size&quot;:5,&quot;sizes&quot;:[]},&quot;aspect_ratio&quot;:&quot;21:9&quot;,&quot;lazyload&quot;:&quot;yes&quot;,&quot;gallery_layout&quot;:&quot;grid&quot;,&quot;columns_tablet&quot;:2,&quot;columns_mobile&quot;:1,&quot;gap_tablet&quot;:{&quot;unit&quot;:&quot;px&quot;,&quot;size&quot;:10,&quot;sizes&quot;:[]},&quot;gap_mobile&quot;:{&quot;unit&quot;:&quot;px&quot;,&quot;size&quot;:10,&quot;sizes&quot;:[]},&quot;link_to&quot;:&quot;file&quot;,&quot;overlay_background&quot;:&quot;yes&quot;,&quot;content_hover_animation&quot;:&quot;fade-in&quot;}\" data-widget_type=\"gallery.default\">\n\t\t\t\t<div class=\"elementor-widget-container\">\n\t\t\t\t\t\t\t<div class=\"elementor-gallery__container\">\n\t\t\t\t\t\t\t<a class=\"e-gallery-item elementor-gallery-item elementor-animated-content\" href=\"https:\/\/www.nature-ride.be\/wp-content\/uploads\/2022\/02\/Jessup-OG-Agent-Orange-1x1-1.jpg\" data-elementor-open-lightbox=\"yes\" data-elementor-lightbox-slideshow=\"a1626ee\" data-elementor-lightbox-title=\"Jessup OG Agent Orange 1x1\" data-e-action-hash=\"#elementor-action%3Aaction%3Dlightbox%26settings%3DeyJpZCI6ODQzMSwidXJsIjoiaHR0cHM6XC9cL3d3dy5uYXR1cmUtcmlkZS5iZVwvd3AtY29udGVudFwvdXBsb2Fkc1wvMjAyMlwvMDJcL0plc3N1cC1PRy1BZ2VudC1PcmFuZ2UtMXgxLTEuanBnIiwic2xpZGVzaG93IjoiYTE2MjZlZSJ9\">\n\t\t\t\t\t<div class=\"e-gallery-image elementor-gallery-item__image\" data-thumbnail=\"https:\/\/www.nature-ride.be\/wp-content\/uploads\/2022\/02\/Jessup-OG-Agent-Orange-1x1-1.jpg\" data-width=\"1024\" data-height=\"1024\" aria-label=\"\" role=\"img\" ><\/div>\n\t\t\t\t\t\t\t\t\t\t\t<div class=\"elementor-gallery-item__overlay\"><\/div>\n\t\t\t\t\t\t\t\t\t\t\t\t\t\t<\/a>\n\t\t\t\t\t\t\t<a class=\"e-gallery-item elementor-gallery-item elementor-animated-content\" href=\"https:\/\/www.nature-ride.be\/wp-content\/uploads\/2022\/02\/Jessup-OG-Agent-orange-2-1x1-1.jpg\" data-elementor-open-lightbox=\"yes\" data-elementor-lightbox-slideshow=\"a1626ee\" data-elementor-lightbox-title=\"Jessup OG Agent orange 2 1x1\" data-e-action-hash=\"#elementor-action%3Aaction%3Dlightbox%26settings%3DeyJpZCI6ODQzMCwidXJsIjoiaHR0cHM6XC9cL3d3dy5uYXR1cmUtcmlkZS5iZVwvd3AtY29udGVudFwvdXBsb2Fkc1wvMjAyMlwvMDJcL0plc3N1cC1PRy1BZ2VudC1vcmFuZ2UtMi0xeDEtMS5qcGciLCJzbGlkZXNob3ciOiJhMTYyNmVlIn0%3D\">\n\t\t\t\t\t<div class=\"e-gallery-image elementor-gallery-item__image\" data-thumbnail=\"https:\/\/www.nature-ride.be\/wp-content\/uploads\/2022\/02\/Jessup-OG-Agent-orange-2-1x1-1.jpg\" data-width=\"1024\" data-height=\"1024\" aria-label=\"\" role=\"img\" ><\/div>\n\t\t\t\t\t\t\t\t\t\t\t<div class=\"elementor-gallery-item__overlay\"><\/div>\n\t\t\t\t\t\t\t\t\t\t\t\t\t\t<\/a>\n\t\t\t\t\t<\/div>\n\t\t\t\t\t<\/div>\n\t\t\t\t<\/div>\n\t\t\t\t\t<\/div>\n\t\t<\/div>\n\t\t\t\t\t<\/div>\n\t\t<\/section>\n\t\t\t\t<\/div>","protected":false},"excerpt":{"rendered":"<p><a href=\"https:\/\/www.nature-ride.be\/en\/jessup-presentation\/\"><img decoding=\"async\" class=\"alignnone wp-image-5559 size-medium lazyload\" data-src=\"https:\/\/www.nature-ride.be\/wp-content\/uploads\/2021\/11\/logo-jessup-original-300x145.png\" alt=\"\" width=\"300\" height=\"145\" data-srcset=\"https:\/\/www.nature-ride.be\/wp-content\/uploads\/2021\/11\/logo-jessup-original-300x145.png 300w, https:\/\/www.nature-ride.be\/wp-content\/uploads\/2021\/11\/logo-jessup-original-18x9.png 18w, https:\/\/www.nature-ride.be\/wp-content\/uploads\/2021\/11\/logo-jessup-original.png 331w\" data-sizes=\"(max-width: 300px) 100vw, 300px\" src=\"data:image\/svg+xml;base64,PHN2ZyB3aWR0aD0iMSIgaGVpZ2h0PSIxIiB4bWxucz0iaHR0cDovL3d3dy53My5vcmcvMjAwMC9zdmciPjwvc3ZnPg==\" style=\"--smush-placeholder-width: 300px; --smush-placeholder-aspect-ratio: 300\/145;\" \/><\/a><\/p>","protected":false},"featured_media":6109,"comment_status":"open","ping_status":"closed","template":"","meta":{"_monsterinsights_skip_tracking":false,"_monsterinsights_sitenote_active":false,"_monsterinsights_sitenote_note":"","_monsterinsights_sitenote_category":0,"site-sidebar-layout":"left-sidebar","site-content-layout":"default","ast-site-content-layout":"default","site-content-style":"default","site-sidebar-style":"default","ast-global-header-display":"","ast-banner-title-visibility":"","ast-main-header-display":"","ast-hfb-above-header-display":"","ast-hfb-below-header-display":"","ast-hfb-mobile-header-display":"","site-post-title":"","ast-breadcrumbs-content":"","ast-featured-img":"","footer-sml-layout":"","ast-disable-related-posts":"","theme-transparent-header-meta":"default","adv-header-id-meta":"","stick-header-meta":"","header-above-stick-meta":"","header-main-stick-meta":"","header-below-stick-meta":"","astra-migrate-meta-layouts":"set","ast-page-background-enabled":"default","ast-page-background-meta":{"desktop":{"background-color":"","background-image":"","background-repeat":"repeat","background-position":"center center","background-size":"auto","background-attachment":"scroll","background-type":"","background-media":"","overlay-type":"","overlay-color":"","overlay-opacity":"","overlay-gradient":""},"tablet":{"background-color":"","background-image":"","background-repeat":"repeat","background-position":"center center","background-size":"auto","background-attachment":"scroll","background-type":"","background-media":"","overlay-type":"","overlay-color":"","overlay-opacity":"","overlay-gradient":""},"mobile":{"background-color":"","background-image":"","background-repeat":"repeat","background-position":"center center","background-size":"auto","background-attachment":"scroll","background-type":"","background-media":"","overlay-type":"","overlay-color":"","overlay-opacity":"","overlay-gradient":""}},"ast-content-background-meta":{"desktop":{"background-color":"var(--ast-global-color-5)","background-image":"","background-repeat":"repeat","background-position":"center center","background-size":"auto","background-attachment":"scroll","background-type":"","background-media":"","overlay-type":"","overlay-color":"","overlay-opacity":"","overlay-gradient":""},"tablet":{"background-color":"var(--ast-global-color-5)","background-image":"","background-repeat":"repeat","background-position":"center center","background-size":"auto","background-attachment":"scroll","background-type":"","background-media":"","overlay-type":"","overlay-color":"","overlay-opacity":"","overlay-gradient":""},"mobile":{"background-color":"var(--ast-global-color-5)","background-image":"","background-repeat":"repeat","background-position":"center center","background-size":"auto","background-attachment":"scroll","background-type":"","background-media":"","overlay-type":"","overlay-color":"","overlay-opacity":"","overlay-gradient":""}}},"product_brand":[116],"product_cat":[115,16],"product_tag":[],"class_list":{"0":"post-5275","1":"product","2":"type-product","3":"status-publish","4":"has-post-thumbnail","6":"product_brand-jessup","7":"product_cat-grip","8":"product_cat-skateboard","9":"desktop-align-left","10":"tablet-align-left","11":"mobile-align-center","13":"first","14":"instock","15":"taxable","16":"shipping-taxable","17":"purchasable","18":"product-type-simple"},"yoast_head":"<!-- This site is optimized with the Yoast SEO plugin v27.5 - https:\/\/yoast.com\/product\/yoast-seo-wordpress\/ -->\n<title>Nature-Ride - Jessup Original 9&quot; Grip Agent Orange<\/title>\n<meta name=\"description\" content=\"Jessup The Original\u00ae Skateboard Griptape. Facile \u00e0 appliquer, sans bulles. Qualit\u00e9 et durabilit\u00e9 sup\u00e9rieure.\" \/>\n<meta name=\"robots\" content=\"index, follow, max-snippet:-1, max-image-preview:large, max-video-preview:-1\" \/>\n<link rel=\"canonical\" href=\"https:\/\/www.nature-ride.be\/en\/boutique\/skateboard\/grip\/jessup-original-9-grip-agent-orange\/\" \/>\n<meta property=\"og:locale\" content=\"en_GB\" \/>\n<meta property=\"og:type\" content=\"article\" \/>\n<meta property=\"og:title\" content=\"Nature-Ride - Jessup Original 9&quot; Grip Agent Orange\" \/>\n<meta property=\"og:description\" content=\"Jessup The Original\u00ae Skateboard Griptape. Facile \u00e0 appliquer, sans bulles. Qualit\u00e9 et durabilit\u00e9 sup\u00e9rieure.\" \/>\n<meta property=\"og:url\" content=\"https:\/\/www.nature-ride.be\/en\/boutique\/skateboard\/grip\/jessup-original-9-grip-agent-orange\/\" \/>\n<meta property=\"og:site_name\" content=\"Nature-Ride\" \/>\n<meta property=\"article:publisher\" content=\"https:\/\/www.facebook.com\/NatureRideShop\/\" \/>\n<meta property=\"article:modified_time\" content=\"2024-08-08T18:30:42+00:00\" \/>\n<meta property=\"og:image\" content=\"https:\/\/www.nature-ride.be\/wp-content\/uploads\/2021\/11\/Jessup-OG-Agent-Orange-1x1-1.jpg\" \/>\n\t<meta property=\"og:image:width\" content=\"1024\" \/>\n\t<meta property=\"og:image:height\" content=\"1024\" \/>\n\t<meta property=\"og:image:type\" content=\"image\/jpeg\" \/>\n<meta name=\"twitter:card\" content=\"summary_large_image\" \/>\n<script type=\"application\/ld+json\" class=\"yoast-schema-graph\">{\"@context\":\"https:\\\/\\\/schema.org\",\"@graph\":[{\"@type\":\"WebPage\",\"@id\":\"https:\\\/\\\/www.nature-ride.be\\\/boutique\\\/skateboard\\\/grip\\\/jessup-original-9-grip-agent-orange\\\/\",\"url\":\"https:\\\/\\\/www.nature-ride.be\\\/boutique\\\/skateboard\\\/grip\\\/jessup-original-9-grip-agent-orange\\\/\",\"name\":\"Nature-Ride - Jessup Original 9\\\" Grip Agent Orange\",\"isPartOf\":{\"@id\":\"https:\\\/\\\/www.nature-ride.be\\\/#website\"},\"primaryImageOfPage\":{\"@id\":\"https:\\\/\\\/www.nature-ride.be\\\/boutique\\\/skateboard\\\/grip\\\/jessup-original-9-grip-agent-orange\\\/#primaryimage\"},\"image\":{\"@id\":\"https:\\\/\\\/www.nature-ride.be\\\/boutique\\\/skateboard\\\/grip\\\/jessup-original-9-grip-agent-orange\\\/#primaryimage\"},\"thumbnailUrl\":\"https:\\\/\\\/www.nature-ride.be\\\/wp-content\\\/uploads\\\/2021\\\/11\\\/Jessup-OG-Agent-Orange-1x1-1.jpg\",\"datePublished\":\"2021-11-23T11:58:08+00:00\",\"dateModified\":\"2024-08-08T18:30:42+00:00\",\"description\":\"Jessup The Original\u00ae Skateboard Griptape. Facile \u00e0 appliquer, sans bulles. Qualit\u00e9 et durabilit\u00e9 sup\u00e9rieure.\",\"breadcrumb\":{\"@id\":\"https:\\\/\\\/www.nature-ride.be\\\/boutique\\\/skateboard\\\/grip\\\/jessup-original-9-grip-agent-orange\\\/#breadcrumb\"},\"inLanguage\":\"en-GB\",\"potentialAction\":[{\"@type\":\"ReadAction\",\"target\":[\"https:\\\/\\\/www.nature-ride.be\\\/boutique\\\/skateboard\\\/grip\\\/jessup-original-9-grip-agent-orange\\\/\"]}]},{\"@type\":\"ImageObject\",\"inLanguage\":\"en-GB\",\"@id\":\"https:\\\/\\\/www.nature-ride.be\\\/boutique\\\/skateboard\\\/grip\\\/jessup-original-9-grip-agent-orange\\\/#primaryimage\",\"url\":\"https:\\\/\\\/www.nature-ride.be\\\/wp-content\\\/uploads\\\/2021\\\/11\\\/Jessup-OG-Agent-Orange-1x1-1.jpg\",\"contentUrl\":\"https:\\\/\\\/www.nature-ride.be\\\/wp-content\\\/uploads\\\/2021\\\/11\\\/Jessup-OG-Agent-Orange-1x1-1.jpg\",\"width\":1024,\"height\":1024},{\"@type\":\"BreadcrumbList\",\"@id\":\"https:\\\/\\\/www.nature-ride.be\\\/boutique\\\/skateboard\\\/grip\\\/jessup-original-9-grip-agent-orange\\\/#breadcrumb\",\"itemListElement\":[{\"@type\":\"ListItem\",\"position\":1,\"name\":\"Accueil\",\"item\":\"https:\\\/\\\/www.nature-ride.be\\\/\"},{\"@type\":\"ListItem\",\"position\":2,\"name\":\"Boutique\",\"item\":\"https:\\\/\\\/www.nature-ride.be\\\/boutique\\\/\"},{\"@type\":\"ListItem\",\"position\":3,\"name\":\"Jessup Original 9&#8243; Grip Agent Orange\"}]},{\"@type\":\"WebSite\",\"@id\":\"https:\\\/\\\/www.nature-ride.be\\\/#website\",\"url\":\"https:\\\/\\\/www.nature-ride.be\\\/\",\"name\":\"Nature-Ride\",\"description\":\"Nature-Ride - Le site n\u00b01 du ride \u00e9cologique\",\"publisher\":{\"@id\":\"https:\\\/\\\/www.nature-ride.be\\\/#organization\"},\"potentialAction\":[{\"@type\":\"SearchAction\",\"target\":{\"@type\":\"EntryPoint\",\"urlTemplate\":\"https:\\\/\\\/www.nature-ride.be\\\/?s={search_term_string}\"},\"query-input\":{\"@type\":\"PropertyValueSpecification\",\"valueRequired\":true,\"valueName\":\"search_term_string\"}}],\"inLanguage\":\"en-GB\"},{\"@type\":\"Organization\",\"@id\":\"https:\\\/\\\/www.nature-ride.be\\\/#organization\",\"name\":\"Nature-Ride\",\"url\":\"https:\\\/\\\/www.nature-ride.be\\\/\",\"logo\":{\"@type\":\"ImageObject\",\"inLanguage\":\"en-GB\",\"@id\":\"https:\\\/\\\/www.nature-ride.be\\\/#\\\/schema\\\/logo\\\/image\\\/\",\"url\":\"https:\\\/\\\/www.nature-ride.be\\\/wp-content\\\/uploads\\\/2021\\\/02\\\/Nature-Ride-LOGO-2.png\",\"contentUrl\":\"https:\\\/\\\/www.nature-ride.be\\\/wp-content\\\/uploads\\\/2021\\\/02\\\/Nature-Ride-LOGO-2.png\",\"width\":2952,\"height\":1314,\"caption\":\"Nature-Ride\"},\"image\":{\"@id\":\"https:\\\/\\\/www.nature-ride.be\\\/#\\\/schema\\\/logo\\\/image\\\/\"},\"sameAs\":[\"https:\\\/\\\/www.facebook.com\\\/NatureRideShop\\\/\",\"https:\\\/\\\/www.instagram.com\\\/naturerideshop\\\/\"]}]}<\/script>\n<!-- \/ Yoast SEO plugin. -->","yoast_head_json":{"title":"Nature-Ride - Jessup Original 9\" Grip Agent Orange","description":"Jessup The Original\u00ae Skateboard Griptape. Facile \u00e0 appliquer, sans bulles. Qualit\u00e9 et durabilit\u00e9 sup\u00e9rieure.","robots":{"index":"index","follow":"follow","max-snippet":"max-snippet:-1","max-image-preview":"max-image-preview:large","max-video-preview":"max-video-preview:-1"},"canonical":"https:\/\/www.nature-ride.be\/en\/boutique\/skateboard\/grip\/jessup-original-9-grip-agent-orange\/","og_locale":"en_GB","og_type":"article","og_title":"Nature-Ride - Jessup Original 9\" Grip Agent Orange","og_description":"Jessup The Original\u00ae Skateboard Griptape. Facile \u00e0 appliquer, sans bulles. Qualit\u00e9 et durabilit\u00e9 sup\u00e9rieure.","og_url":"https:\/\/www.nature-ride.be\/en\/boutique\/skateboard\/grip\/jessup-original-9-grip-agent-orange\/","og_site_name":"Nature-Ride","article_publisher":"https:\/\/www.facebook.com\/NatureRideShop\/","article_modified_time":"2024-08-08T18:30:42+00:00","og_image":[{"width":1024,"height":1024,"url":"https:\/\/www.nature-ride.be\/wp-content\/uploads\/2021\/11\/Jessup-OG-Agent-Orange-1x1-1.jpg","type":"image\/jpeg"}],"twitter_card":"summary_large_image","schema":{"@context":"https:\/\/schema.org","@graph":[{"@type":"WebPage","@id":"https:\/\/www.nature-ride.be\/boutique\/skateboard\/grip\/jessup-original-9-grip-agent-orange\/","url":"https:\/\/www.nature-ride.be\/boutique\/skateboard\/grip\/jessup-original-9-grip-agent-orange\/","name":"Nature-Ride - Jessup Original 9\" Grip Agent Orange","isPartOf":{"@id":"https:\/\/www.nature-ride.be\/#website"},"primaryImageOfPage":{"@id":"https:\/\/www.nature-ride.be\/boutique\/skateboard\/grip\/jessup-original-9-grip-agent-orange\/#primaryimage"},"image":{"@id":"https:\/\/www.nature-ride.be\/boutique\/skateboard\/grip\/jessup-original-9-grip-agent-orange\/#primaryimage"},"thumbnailUrl":"https:\/\/www.nature-ride.be\/wp-content\/uploads\/2021\/11\/Jessup-OG-Agent-Orange-1x1-1.jpg","datePublished":"2021-11-23T11:58:08+00:00","dateModified":"2024-08-08T18:30:42+00:00","description":"Jessup The Original\u00ae Skateboard Griptape. Facile \u00e0 appliquer, sans bulles. Qualit\u00e9 et durabilit\u00e9 sup\u00e9rieure.","breadcrumb":{"@id":"https:\/\/www.nature-ride.be\/boutique\/skateboard\/grip\/jessup-original-9-grip-agent-orange\/#breadcrumb"},"inLanguage":"en-GB","potentialAction":[{"@type":"ReadAction","target":["https:\/\/www.nature-ride.be\/boutique\/skateboard\/grip\/jessup-original-9-grip-agent-orange\/"]}]},{"@type":"ImageObject","inLanguage":"en-GB","@id":"https:\/\/www.nature-ride.be\/boutique\/skateboard\/grip\/jessup-original-9-grip-agent-orange\/#primaryimage","url":"https:\/\/www.nature-ride.be\/wp-content\/uploads\/2021\/11\/Jessup-OG-Agent-Orange-1x1-1.jpg","contentUrl":"https:\/\/www.nature-ride.be\/wp-content\/uploads\/2021\/11\/Jessup-OG-Agent-Orange-1x1-1.jpg","width":1024,"height":1024},{"@type":"BreadcrumbList","@id":"https:\/\/www.nature-ride.be\/boutique\/skateboard\/grip\/jessup-original-9-grip-agent-orange\/#breadcrumb","itemListElement":[{"@type":"ListItem","position":1,"name":"Accueil","item":"https:\/\/www.nature-ride.be\/"},{"@type":"ListItem","position":2,"name":"Boutique","item":"https:\/\/www.nature-ride.be\/boutique\/"},{"@type":"ListItem","position":3,"name":"Jessup Original 9&#8243; Grip Agent Orange"}]},{"@type":"WebSite","@id":"https:\/\/www.nature-ride.be\/#website","url":"https:\/\/www.nature-ride.be\/","name":"Nature-Ride","description":"Nature-Ride - Le site n\u00b01 du ride \u00e9cologique","publisher":{"@id":"https:\/\/www.nature-ride.be\/#organization"},"potentialAction":[{"@type":"SearchAction","target":{"@type":"EntryPoint","urlTemplate":"https:\/\/www.nature-ride.be\/?s={search_term_string}"},"query-input":{"@type":"PropertyValueSpecification","valueRequired":true,"valueName":"search_term_string"}}],"inLanguage":"en-GB"},{"@type":"Organization","@id":"https:\/\/www.nature-ride.be\/#organization","name":"Nature-Ride","url":"https:\/\/www.nature-ride.be\/","logo":{"@type":"ImageObject","inLanguage":"en-GB","@id":"https:\/\/www.nature-ride.be\/#\/schema\/logo\/image\/","url":"https:\/\/www.nature-ride.be\/wp-content\/uploads\/2021\/02\/Nature-Ride-LOGO-2.png","contentUrl":"https:\/\/www.nature-ride.be\/wp-content\/uploads\/2021\/02\/Nature-Ride-LOGO-2.png","width":2952,"height":1314,"caption":"Nature-Ride"},"image":{"@id":"https:\/\/www.nature-ride.be\/#\/schema\/logo\/image\/"},"sameAs":["https:\/\/www.facebook.com\/NatureRideShop\/","https:\/\/www.instagram.com\/naturerideshop\/"]}]}},"_links":{"self":[{"href":"https:\/\/www.nature-ride.be\/en\/wp-json\/wp\/v2\/product\/5275","targetHints":{"allow":["GET"]}}],"collection":[{"href":"https:\/\/www.nature-ride.be\/en\/wp-json\/wp\/v2\/product"}],"about":[{"href":"https:\/\/www.nature-ride.be\/en\/wp-json\/wp\/v2\/types\/product"}],"replies":[{"embeddable":true,"href":"https:\/\/www.nature-ride.be\/en\/wp-json\/wp\/v2\/comments?post=5275"}],"version-history":[{"count":20,"href":"https:\/\/www.nature-ride.be\/en\/wp-json\/wp\/v2\/product\/5275\/revisions"}],"predecessor-version":[{"id":14842,"href":"https:\/\/www.nature-ride.be\/en\/wp-json\/wp\/v2\/product\/5275\/revisions\/14842"}],"wp:featuredmedia":[{"embeddable":true,"href":"https:\/\/www.nature-ride.be\/en\/wp-json\/wp\/v2\/media\/6109"}],"wp:attachment":[{"href":"https:\/\/www.nature-ride.be\/en\/wp-json\/wp\/v2\/media?parent=5275"}],"wp:term":[{"taxonomy":"product_brand","embeddable":true,"href":"https:\/\/www.nature-ride.be\/en\/wp-json\/wp\/v2\/product_brand?post=5275"},{"taxonomy":"product_cat","embeddable":true,"href":"https:\/\/www.nature-ride.be\/en\/wp-json\/wp\/v2\/product_cat?post=5275"},{"taxonomy":"product_tag","embeddable":true,"href":"https:\/\/www.nature-ride.be\/en\/wp-json\/wp\/v2\/product_tag?post=5275"}],"curies":[{"name":"wp","href":"https:\/\/api.w.org\/{rel}","templated":true}]}}