{"id":27031,"date":"2025-11-25T15:20:30","date_gmt":"2025-11-25T15:20:30","guid":{"rendered":"https:\/\/www.nature-ride.be\/?post_type=product&#038;p=27031"},"modified":"2025-12-25T14:03:19","modified_gmt":"2025-12-25T14:03:19","slug":"crab-grab-cinch-glove-true-black","status":"publish","type":"product","link":"https:\/\/www.nature-ride.be\/en\/boutique\/snowboard\/equipement\/crab-grab-cinch-glove-true-black\/","title":{"rendered":"Crab Grab Cinch Glove True Black"},"content":{"rendered":"<div data-elementor-type=\"product-post\" data-elementor-id=\"27031\" class=\"elementor elementor-27031\" data-elementor-post-type=\"product\">\n\t\t\t\t\t\t<section class=\"elementor-section elementor-top-section elementor-element elementor-element-87cf5aa elementor-section-boxed elementor-section-height-default elementor-section-height-default\" data-id=\"87cf5aa\" data-element_type=\"section\" data-e-type=\"section\">\n\t\t\t\t\t\t<div class=\"elementor-container elementor-column-gap-default\">\n\t\t\t\t\t<div class=\"elementor-column elementor-col-100 elementor-top-column elementor-element elementor-element-64ddbe8\" data-id=\"64ddbe8\" data-element_type=\"column\" data-e-type=\"column\">\n\t\t\t<div class=\"elementor-widget-wrap elementor-element-populated\">\n\t\t\t\t\t\t<div class=\"elementor-element elementor-element-b50ac9f elementor-widget elementor-widget-heading\" data-id=\"b50ac9f\" data-element_type=\"widget\" data-e-type=\"widget\" data-widget_type=\"heading.default\">\n\t\t\t\t<div class=\"elementor-widget-container\">\n\t\t\t\t\t<h2 class=\"elementor-heading-title elementor-size-default\">Crab Grab Cinch Glove True Black<\/h2>\t\t\t\t<\/div>\n\t\t\t\t<\/div>\n\t\t\t\t<div class=\"elementor-element elementor-element-1869922 elementor-widget elementor-widget-text-editor\" data-id=\"1869922\" data-element_type=\"widget\" data-e-type=\"widget\" data-widget_type=\"text-editor.default\">\n\t\t\t\t<div class=\"elementor-widget-container\">\n\t\t\t\t\t\t\t\t\t<p style=\"text-align: center;\">If you don't know which gloves to choose, go for Mitts. These versatile, high-performance gloves are ready for anything, all season long. Whether worn under the jacket sleeve or over it, these adjustable, durable gloves are a timeless snowboarding essential!<\/p><p style=\"text-align: left;\"><strong>100% VEGAN !<\/strong><\/p><p>Crab Grab offers a range of mittens that are 100% vegan, thanks to innovative and ethical materials!<\/p><p><b>Mat\u00e9riaux du cinch glove<\/b><\/p><p>To keep the heat in<\/p><ul><li>Sherpa fleece + Micro Fruzz\u2122 lining<\/li><li>PrimaLoft insulation<\/li><\/ul><p>To stay dry<\/p><ul><li>Hipora\u00ae 15K Dry-Claw membrane<\/li><li>DWR coating without PFAS<\/li><li>OEKO-TEX\u00ae certified 2-layer laminated outer fabric<\/li><\/ul><p>for perfect adhesion<\/p><ul><li>Inches Crunch Grip\u2122<\/li><li>PrimaLoft\u00ae Grip-Control palm insulation<\/li><\/ul><p>For ultimate strength<\/p><ul><li>AX\u00ae Grain Tech<\/li><li>Duraflex\u00ae hardware<\/li><li>Ultra-resistant woven nylon coating<\/li><\/ul>\t\t\t\t\t\t\t\t<\/div>\n\t\t\t\t<\/div>\n\t\t\t\t\t<\/div>\n\t\t<\/div>\n\t\t\t\t\t<\/div>\n\t\t<\/section>\n\t\t\t\t<section class=\"elementor-section elementor-top-section elementor-element elementor-element-6a9dd2a elementor-section-boxed elementor-section-height-default elementor-section-height-default\" data-id=\"6a9dd2a\" data-element_type=\"section\" data-e-type=\"section\">\n\t\t\t\t\t\t<div class=\"elementor-container elementor-column-gap-default\">\n\t\t\t\t\t<div class=\"elementor-column elementor-col-100 elementor-top-column elementor-element elementor-element-1709ce2\" data-id=\"1709ce2\" data-element_type=\"column\" data-e-type=\"column\">\n\t\t\t<div class=\"elementor-widget-wrap elementor-element-populated\">\n\t\t\t\t\t\t<div class=\"elementor-element elementor-element-9069e96 elementor-widget elementor-widget-gallery\" data-id=\"9069e96\" data-element_type=\"widget\" data-e-type=\"widget\" data-settings=\"{&quot;columns&quot;:2,&quot;aspect_ratio&quot;:&quot;1:1&quot;,&quot;gap_mobile&quot;:{&quot;unit&quot;:&quot;px&quot;,&quot;size&quot;:0,&quot;sizes&quot;:[]},&quot;lazyload&quot;:&quot;yes&quot;,&quot;gallery_layout&quot;:&quot;grid&quot;,&quot;columns_tablet&quot;:2,&quot;columns_mobile&quot;:1,&quot;gap&quot;:{&quot;unit&quot;:&quot;px&quot;,&quot;size&quot;:10,&quot;sizes&quot;:[]},&quot;gap_tablet&quot;:{&quot;unit&quot;:&quot;px&quot;,&quot;size&quot;:10,&quot;sizes&quot;:[]},&quot;link_to&quot;:&quot;file&quot;,&quot;overlay_background&quot;:&quot;yes&quot;,&quot;content_hover_animation&quot;:&quot;fade-in&quot;}\" data-widget_type=\"gallery.default\">\n\t\t\t\t<div class=\"elementor-widget-container\">\n\t\t\t\t\t\t\t<div class=\"elementor-gallery__container\">\n\t\t\t\t\t\t\t<a class=\"e-gallery-item elementor-gallery-item elementor-animated-content\" href=\"https:\/\/www.nature-ride.be\/wp-content\/uploads\/2025\/11\/Crab_Grab-Cinch-glove-true_black-1x1-1.jpg\" data-elementor-open-lightbox=\"yes\" data-elementor-lightbox-slideshow=\"9069e96\" data-elementor-lightbox-title=\"Crab_Grab-Cinch-glove-true_black 1x1 1\" data-e-action-hash=\"#elementor-action%3Aaction%3Dlightbox%26settings%3DeyJpZCI6MjcyMjYsInVybCI6Imh0dHBzOlwvXC93d3cubmF0dXJlLXJpZGUuYmVcL3dwLWNvbnRlbnRcL3VwbG9hZHNcLzIwMjVcLzExXC9DcmFiX0dyYWItQ2luY2gtZ2xvdmUtdHJ1ZV9ibGFjay0xeDEtMS5qcGciLCJzbGlkZXNob3ciOiI5MDY5ZTk2In0%3D\">\n\t\t\t\t\t<div class=\"e-gallery-image elementor-gallery-item__image\" data-thumbnail=\"https:\/\/www.nature-ride.be\/wp-content\/uploads\/2025\/11\/Crab_Grab-Cinch-glove-true_black-1x1-1.jpg\" data-width=\"1024\" data-height=\"1024\" aria-label=\"\" role=\"img\" ><\/div>\n\t\t\t\t\t\t\t\t\t\t\t<div class=\"elementor-gallery-item__overlay\"><\/div>\n\t\t\t\t\t\t\t\t\t\t\t\t\t\t<\/a>\n\t\t\t\t\t\t\t<a class=\"e-gallery-item elementor-gallery-item elementor-animated-content\" href=\"https:\/\/www.nature-ride.be\/wp-content\/uploads\/2025\/11\/Crab_Grab-Cinch-glove-true_black-1x1-2.jpg\" data-elementor-open-lightbox=\"yes\" data-elementor-lightbox-slideshow=\"9069e96\" data-elementor-lightbox-title=\"Crab_Grab-Cinch-glove-true_black 1x1 2\" data-e-action-hash=\"#elementor-action%3Aaction%3Dlightbox%26settings%3DeyJpZCI6MjcyMjcsInVybCI6Imh0dHBzOlwvXC93d3cubmF0dXJlLXJpZGUuYmVcL3dwLWNvbnRlbnRcL3VwbG9hZHNcLzIwMjVcLzExXC9DcmFiX0dyYWItQ2luY2gtZ2xvdmUtdHJ1ZV9ibGFjay0xeDEtMi5qcGciLCJzbGlkZXNob3ciOiI5MDY5ZTk2In0%3D\">\n\t\t\t\t\t<div class=\"e-gallery-image elementor-gallery-item__image\" data-thumbnail=\"https:\/\/www.nature-ride.be\/wp-content\/uploads\/2025\/11\/Crab_Grab-Cinch-glove-true_black-1x1-2.jpg\" data-width=\"1024\" data-height=\"1024\" aria-label=\"\" role=\"img\" ><\/div>\n\t\t\t\t\t\t\t\t\t\t\t<div class=\"elementor-gallery-item__overlay\"><\/div>\n\t\t\t\t\t\t\t\t\t\t\t\t\t\t<\/a>\n\t\t\t\t\t<\/div>\n\t\t\t\t\t<\/div>\n\t\t\t\t<\/div>\n\t\t\t\t\t<\/div>\n\t\t<\/div>\n\t\t\t\t\t<\/div>\n\t\t<\/section>\n\t\t\t\t<section class=\"elementor-section elementor-top-section elementor-element elementor-element-4d3647e elementor-section-boxed elementor-section-height-default elementor-section-height-default\" data-id=\"4d3647e\" data-element_type=\"section\" data-e-type=\"section\">\n\t\t\t\t\t\t<div class=\"elementor-container elementor-column-gap-default\">\n\t\t\t\t\t<div class=\"elementor-column elementor-col-100 elementor-top-column elementor-element elementor-element-27487ec\" data-id=\"27487ec\" data-element_type=\"column\" data-e-type=\"column\">\n\t\t\t<div class=\"elementor-widget-wrap elementor-element-populated\">\n\t\t\t\t\t\t<div class=\"elementor-element elementor-element-848b26f elementor-widget elementor-widget-image\" data-id=\"848b26f\" data-element_type=\"widget\" data-e-type=\"widget\" data-widget_type=\"image.default\">\n\t\t\t\t<div class=\"elementor-widget-container\">\n\t\t\t\t\t\t\t\t\t\t\t\t\t\t\t<img fetchpriority=\"high\" decoding=\"async\" width=\"1242\" height=\"880\" src=\"https:\/\/www.nature-ride.be\/wp-content\/uploads\/2024\/11\/Crab-Grab-Size-Chart.png\" class=\"attachment-full size-full wp-image-25838\" alt=\"\" srcset=\"https:\/\/www.nature-ride.be\/wp-content\/uploads\/2024\/11\/Crab-Grab-Size-Chart.png 1242w, https:\/\/www.nature-ride.be\/wp-content\/uploads\/2024\/11\/Crab-Grab-Size-Chart-300x213.png 300w, https:\/\/www.nature-ride.be\/wp-content\/uploads\/2024\/11\/Crab-Grab-Size-Chart-1024x726.png 1024w, https:\/\/www.nature-ride.be\/wp-content\/uploads\/2024\/11\/Crab-Grab-Size-Chart-768x544.png 768w, https:\/\/www.nature-ride.be\/wp-content\/uploads\/2024\/11\/Crab-Grab-Size-Chart-18x12.png 18w, https:\/\/www.nature-ride.be\/wp-content\/uploads\/2024\/11\/Crab-Grab-Size-Chart-600x425.png 600w\" sizes=\"(max-width: 1242px) 100vw, 1242px\" \/>\t\t\t\t\t\t\t\t\t\t\t\t\t\t\t<\/div>\n\t\t\t\t<\/div>\n\t\t\t\t\t<\/div>\n\t\t<\/div>\n\t\t\t\t\t<\/div>\n\t\t<\/section>\n\t\t\t\t<\/div>","protected":false},"excerpt":{"rendered":"<p><a href=\"https:\/\/www.nature-ride.be\/en\/crab-grab-presentation\/\"><img decoding=\"async\" class=\"alignnone wp-image-25809 size-thumbnail lazyload\" data-src=\"https:\/\/www.nature-ride.be\/wp-content\/uploads\/2024\/11\/Crab-Grab-logo-black-PNG-150x150.png\" alt=\"\" width=\"150\" height=\"150\" data-srcset=\"https:\/\/www.nature-ride.be\/wp-content\/uploads\/2024\/11\/Crab-Grab-logo-black-PNG-150x150.png 150w, https:\/\/www.nature-ride.be\/wp-content\/uploads\/2024\/11\/Crab-Grab-logo-black-PNG-300x300.png 300w, https:\/\/www.nature-ride.be\/wp-content\/uploads\/2024\/11\/Crab-Grab-logo-black-PNG-12x12.png 12w, https:\/\/www.nature-ride.be\/wp-content\/uploads\/2024\/11\/Crab-Grab-logo-black-PNG-600x600.png 600w, https:\/\/www.nature-ride.be\/wp-content\/uploads\/2024\/11\/Crab-Grab-logo-black-PNG-100x100.png 100w, https:\/\/www.nature-ride.be\/wp-content\/uploads\/2024\/11\/Crab-Grab-logo-black-PNG.png 661w\" data-sizes=\"(max-width: 150px) 100vw, 150px\" src=\"data:image\/svg+xml;base64,PHN2ZyB3aWR0aD0iMSIgaGVpZ2h0PSIxIiB4bWxucz0iaHR0cDovL3d3dy53My5vcmcvMjAwMC9zdmciPjwvc3ZnPg==\" style=\"--smush-placeholder-width: 150px; --smush-placeholder-aspect-ratio: 150\/150;\" \/><\/a><\/p>","protected":false},"featured_media":27226,"comment_status":"open","ping_status":"closed","template":"","meta":{"_monsterinsights_skip_tracking":false,"_monsterinsights_sitenote_active":false,"_monsterinsights_sitenote_note":"","_monsterinsights_sitenote_category":0,"site-sidebar-layout":"left-sidebar","site-content-layout":"page-builder","ast-site-content-layout":"full-width-container","site-content-style":"unboxed","site-sidebar-style":"unboxed","ast-global-header-display":"","ast-banner-title-visibility":"","ast-main-header-display":"","ast-hfb-above-header-display":"","ast-hfb-below-header-display":"","ast-hfb-mobile-header-display":"","site-post-title":"disabled","ast-breadcrumbs-content":"","ast-featured-img":"disabled","footer-sml-layout":"","ast-disable-related-posts":"","theme-transparent-header-meta":"default","adv-header-id-meta":"","stick-header-meta":"","header-above-stick-meta":"","header-main-stick-meta":"","header-below-stick-meta":"","astra-migrate-meta-layouts":"set","ast-page-background-enabled":"default","ast-page-background-meta":{"desktop":{"background-color":"","background-image":"","background-repeat":"repeat","background-position":"center center","background-size":"auto","background-attachment":"scroll","background-type":"","background-media":"","overlay-type":"","overlay-color":"","overlay-opacity":"","overlay-gradient":""},"tablet":{"background-color":"","background-image":"","background-repeat":"repeat","background-position":"center center","background-size":"auto","background-attachment":"scroll","background-type":"","background-media":"","overlay-type":"","overlay-color":"","overlay-opacity":"","overlay-gradient":""},"mobile":{"background-color":"","background-image":"","background-repeat":"repeat","background-position":"center center","background-size":"auto","background-attachment":"scroll","background-type":"","background-media":"","overlay-type":"","overlay-color":"","overlay-opacity":"","overlay-gradient":""}},"ast-content-background-meta":{"desktop":{"background-color":"var(--ast-global-color-5)","background-image":"","background-repeat":"repeat","background-position":"center center","background-size":"auto","background-attachment":"scroll","background-type":"","background-media":"","overlay-type":"","overlay-color":"","overlay-opacity":"","overlay-gradient":""},"tablet":{"background-color":"var(--ast-global-color-5)","background-image":"","background-repeat":"repeat","background-position":"center center","background-size":"auto","background-attachment":"scroll","background-type":"","background-media":"","overlay-type":"","overlay-color":"","overlay-opacity":"","overlay-gradient":""},"mobile":{"background-color":"var(--ast-global-color-5)","background-image":"","background-repeat":"repeat","background-position":"center center","background-size":"auto","background-attachment":"scroll","background-type":"","background-media":"","overlay-type":"","overlay-color":"","overlay-opacity":"","overlay-gradient":""}}},"product_brand":[240],"product_cat":[241,15],"product_tag":[],"class_list":{"0":"post-27031","1":"product","2":"type-product","3":"status-publish","4":"has-post-thumbnail","6":"product_brand-crab-grab","7":"product_cat-equipement","8":"product_cat-snowboard","9":"desktop-align-left","10":"tablet-align-left","11":"mobile-align-center","13":"first","14":"instock","15":"taxable","16":"shipping-taxable","17":"purchasable","18":"product-type-variable"},"yoast_head":"<!-- This site is optimized with the Yoast SEO plugin v27.5 - https:\/\/yoast.com\/product\/yoast-seo-wordpress\/ -->\n<title>Nature-Ride - Crab Grab Cinch Glove True Black<\/title>\n<meta name=\"description\" content=\"Crab Grab, c&#039;est la marque d\u2019accessoires de snowboard d\u00e9jant\u00e9e, pens\u00e9s par des passionn\u00e9s, pour les passionn\u00e9s de ride. Traction pads, gants, etc.\" \/>\n<meta name=\"robots\" content=\"index, follow, max-snippet:-1, max-image-preview:large, max-video-preview:-1\" \/>\n<link rel=\"canonical\" href=\"https:\/\/www.nature-ride.be\/en\/boutique\/snowboard\/equipement\/crab-grab-cinch-glove-true-black\/\" \/>\n<meta property=\"og:locale\" content=\"en_GB\" \/>\n<meta property=\"og:type\" content=\"article\" \/>\n<meta property=\"og:title\" content=\"Nature-Ride - Crab Grab Cinch Glove True Black\" \/>\n<meta property=\"og:description\" content=\"Crab Grab, c&#039;est la marque d\u2019accessoires de snowboard d\u00e9jant\u00e9e, pens\u00e9s par des passionn\u00e9s, pour les passionn\u00e9s de ride. Traction pads, gants, etc.\" \/>\n<meta property=\"og:url\" content=\"https:\/\/www.nature-ride.be\/en\/boutique\/snowboard\/equipement\/crab-grab-cinch-glove-true-black\/\" \/>\n<meta property=\"og:site_name\" content=\"Nature-Ride\" \/>\n<meta property=\"article:publisher\" content=\"https:\/\/www.facebook.com\/NatureRideShop\/\" \/>\n<meta property=\"article:modified_time\" content=\"2025-12-25T14:03:19+00:00\" \/>\n<meta property=\"og:image\" content=\"https:\/\/www.nature-ride.be\/wp-content\/uploads\/2025\/11\/Crab_Grab-Cinch-glove-true_black-1x1-1.jpg\" \/>\n\t<meta property=\"og:image:width\" content=\"1024\" \/>\n\t<meta property=\"og:image:height\" content=\"1024\" \/>\n\t<meta property=\"og:image:type\" content=\"image\/jpeg\" \/>\n<meta name=\"twitter:card\" content=\"summary_large_image\" \/>\n<script type=\"application\/ld+json\" class=\"yoast-schema-graph\">{\"@context\":\"https:\\\/\\\/schema.org\",\"@graph\":[{\"@type\":\"WebPage\",\"@id\":\"https:\\\/\\\/www.nature-ride.be\\\/boutique\\\/snowboard\\\/equipement\\\/crab-grab-cinch-glove-true-black\\\/\",\"url\":\"https:\\\/\\\/www.nature-ride.be\\\/boutique\\\/snowboard\\\/equipement\\\/crab-grab-cinch-glove-true-black\\\/\",\"name\":\"Nature-Ride - Crab Grab Cinch Glove True Black\",\"isPartOf\":{\"@id\":\"https:\\\/\\\/www.nature-ride.be\\\/#website\"},\"primaryImageOfPage\":{\"@id\":\"https:\\\/\\\/www.nature-ride.be\\\/boutique\\\/snowboard\\\/equipement\\\/crab-grab-cinch-glove-true-black\\\/#primaryimage\"},\"image\":{\"@id\":\"https:\\\/\\\/www.nature-ride.be\\\/boutique\\\/snowboard\\\/equipement\\\/crab-grab-cinch-glove-true-black\\\/#primaryimage\"},\"thumbnailUrl\":\"https:\\\/\\\/www.nature-ride.be\\\/wp-content\\\/uploads\\\/2025\\\/11\\\/Crab_Grab-Cinch-glove-true_black-1x1-1.jpg\",\"datePublished\":\"2025-11-25T15:20:30+00:00\",\"dateModified\":\"2025-12-25T14:03:19+00:00\",\"description\":\"Crab Grab, c'est la marque d\u2019accessoires de snowboard d\u00e9jant\u00e9e, pens\u00e9s par des passionn\u00e9s, pour les passionn\u00e9s de ride. Traction pads, gants, etc.\",\"breadcrumb\":{\"@id\":\"https:\\\/\\\/www.nature-ride.be\\\/boutique\\\/snowboard\\\/equipement\\\/crab-grab-cinch-glove-true-black\\\/#breadcrumb\"},\"inLanguage\":\"en-GB\",\"potentialAction\":[{\"@type\":\"ReadAction\",\"target\":[\"https:\\\/\\\/www.nature-ride.be\\\/boutique\\\/snowboard\\\/equipement\\\/crab-grab-cinch-glove-true-black\\\/\"]}]},{\"@type\":\"ImageObject\",\"inLanguage\":\"en-GB\",\"@id\":\"https:\\\/\\\/www.nature-ride.be\\\/boutique\\\/snowboard\\\/equipement\\\/crab-grab-cinch-glove-true-black\\\/#primaryimage\",\"url\":\"https:\\\/\\\/www.nature-ride.be\\\/wp-content\\\/uploads\\\/2025\\\/11\\\/Crab_Grab-Cinch-glove-true_black-1x1-1.jpg\",\"contentUrl\":\"https:\\\/\\\/www.nature-ride.be\\\/wp-content\\\/uploads\\\/2025\\\/11\\\/Crab_Grab-Cinch-glove-true_black-1x1-1.jpg\",\"width\":1024,\"height\":1024},{\"@type\":\"BreadcrumbList\",\"@id\":\"https:\\\/\\\/www.nature-ride.be\\\/boutique\\\/snowboard\\\/equipement\\\/crab-grab-cinch-glove-true-black\\\/#breadcrumb\",\"itemListElement\":[{\"@type\":\"ListItem\",\"position\":1,\"name\":\"Accueil\",\"item\":\"https:\\\/\\\/www.nature-ride.be\\\/\"},{\"@type\":\"ListItem\",\"position\":2,\"name\":\"Boutique\",\"item\":\"https:\\\/\\\/www.nature-ride.be\\\/boutique\\\/\"},{\"@type\":\"ListItem\",\"position\":3,\"name\":\"Crab Grab Cinch Glove True Black\"}]},{\"@type\":\"WebSite\",\"@id\":\"https:\\\/\\\/www.nature-ride.be\\\/#website\",\"url\":\"https:\\\/\\\/www.nature-ride.be\\\/\",\"name\":\"Nature-Ride\",\"description\":\"Nature-Ride - Le site n\u00b01 du ride \u00e9cologique\",\"publisher\":{\"@id\":\"https:\\\/\\\/www.nature-ride.be\\\/#organization\"},\"potentialAction\":[{\"@type\":\"SearchAction\",\"target\":{\"@type\":\"EntryPoint\",\"urlTemplate\":\"https:\\\/\\\/www.nature-ride.be\\\/?s={search_term_string}\"},\"query-input\":{\"@type\":\"PropertyValueSpecification\",\"valueRequired\":true,\"valueName\":\"search_term_string\"}}],\"inLanguage\":\"en-GB\"},{\"@type\":\"Organization\",\"@id\":\"https:\\\/\\\/www.nature-ride.be\\\/#organization\",\"name\":\"Nature-Ride\",\"url\":\"https:\\\/\\\/www.nature-ride.be\\\/\",\"logo\":{\"@type\":\"ImageObject\",\"inLanguage\":\"en-GB\",\"@id\":\"https:\\\/\\\/www.nature-ride.be\\\/#\\\/schema\\\/logo\\\/image\\\/\",\"url\":\"https:\\\/\\\/www.nature-ride.be\\\/wp-content\\\/uploads\\\/2021\\\/02\\\/Nature-Ride-LOGO-2.png\",\"contentUrl\":\"https:\\\/\\\/www.nature-ride.be\\\/wp-content\\\/uploads\\\/2021\\\/02\\\/Nature-Ride-LOGO-2.png\",\"width\":2952,\"height\":1314,\"caption\":\"Nature-Ride\"},\"image\":{\"@id\":\"https:\\\/\\\/www.nature-ride.be\\\/#\\\/schema\\\/logo\\\/image\\\/\"},\"sameAs\":[\"https:\\\/\\\/www.facebook.com\\\/NatureRideShop\\\/\",\"https:\\\/\\\/www.instagram.com\\\/naturerideshop\\\/\"]}]}<\/script>\n<!-- \/ Yoast SEO plugin. -->","yoast_head_json":{"title":"Nature-Ride - Crab Grab Cinch Glove True Black","description":"Crab Grab, c'est la marque d\u2019accessoires de snowboard d\u00e9jant\u00e9e, pens\u00e9s par des passionn\u00e9s, pour les passionn\u00e9s de ride. Traction pads, gants, etc.","robots":{"index":"index","follow":"follow","max-snippet":"max-snippet:-1","max-image-preview":"max-image-preview:large","max-video-preview":"max-video-preview:-1"},"canonical":"https:\/\/www.nature-ride.be\/en\/boutique\/snowboard\/equipement\/crab-grab-cinch-glove-true-black\/","og_locale":"en_GB","og_type":"article","og_title":"Nature-Ride - Crab Grab Cinch Glove True Black","og_description":"Crab Grab, c'est la marque d\u2019accessoires de snowboard d\u00e9jant\u00e9e, pens\u00e9s par des passionn\u00e9s, pour les passionn\u00e9s de ride. Traction pads, gants, etc.","og_url":"https:\/\/www.nature-ride.be\/en\/boutique\/snowboard\/equipement\/crab-grab-cinch-glove-true-black\/","og_site_name":"Nature-Ride","article_publisher":"https:\/\/www.facebook.com\/NatureRideShop\/","article_modified_time":"2025-12-25T14:03:19+00:00","og_image":[{"width":1024,"height":1024,"url":"https:\/\/www.nature-ride.be\/wp-content\/uploads\/2025\/11\/Crab_Grab-Cinch-glove-true_black-1x1-1.jpg","type":"image\/jpeg"}],"twitter_card":"summary_large_image","schema":{"@context":"https:\/\/schema.org","@graph":[{"@type":"WebPage","@id":"https:\/\/www.nature-ride.be\/boutique\/snowboard\/equipement\/crab-grab-cinch-glove-true-black\/","url":"https:\/\/www.nature-ride.be\/boutique\/snowboard\/equipement\/crab-grab-cinch-glove-true-black\/","name":"Nature-Ride - Crab Grab Cinch Glove True Black","isPartOf":{"@id":"https:\/\/www.nature-ride.be\/#website"},"primaryImageOfPage":{"@id":"https:\/\/www.nature-ride.be\/boutique\/snowboard\/equipement\/crab-grab-cinch-glove-true-black\/#primaryimage"},"image":{"@id":"https:\/\/www.nature-ride.be\/boutique\/snowboard\/equipement\/crab-grab-cinch-glove-true-black\/#primaryimage"},"thumbnailUrl":"https:\/\/www.nature-ride.be\/wp-content\/uploads\/2025\/11\/Crab_Grab-Cinch-glove-true_black-1x1-1.jpg","datePublished":"2025-11-25T15:20:30+00:00","dateModified":"2025-12-25T14:03:19+00:00","description":"Crab Grab, c'est la marque d\u2019accessoires de snowboard d\u00e9jant\u00e9e, pens\u00e9s par des passionn\u00e9s, pour les passionn\u00e9s de ride. Traction pads, gants, etc.","breadcrumb":{"@id":"https:\/\/www.nature-ride.be\/boutique\/snowboard\/equipement\/crab-grab-cinch-glove-true-black\/#breadcrumb"},"inLanguage":"en-GB","potentialAction":[{"@type":"ReadAction","target":["https:\/\/www.nature-ride.be\/boutique\/snowboard\/equipement\/crab-grab-cinch-glove-true-black\/"]}]},{"@type":"ImageObject","inLanguage":"en-GB","@id":"https:\/\/www.nature-ride.be\/boutique\/snowboard\/equipement\/crab-grab-cinch-glove-true-black\/#primaryimage","url":"https:\/\/www.nature-ride.be\/wp-content\/uploads\/2025\/11\/Crab_Grab-Cinch-glove-true_black-1x1-1.jpg","contentUrl":"https:\/\/www.nature-ride.be\/wp-content\/uploads\/2025\/11\/Crab_Grab-Cinch-glove-true_black-1x1-1.jpg","width":1024,"height":1024},{"@type":"BreadcrumbList","@id":"https:\/\/www.nature-ride.be\/boutique\/snowboard\/equipement\/crab-grab-cinch-glove-true-black\/#breadcrumb","itemListElement":[{"@type":"ListItem","position":1,"name":"Accueil","item":"https:\/\/www.nature-ride.be\/"},{"@type":"ListItem","position":2,"name":"Boutique","item":"https:\/\/www.nature-ride.be\/boutique\/"},{"@type":"ListItem","position":3,"name":"Crab Grab Cinch Glove True Black"}]},{"@type":"WebSite","@id":"https:\/\/www.nature-ride.be\/#website","url":"https:\/\/www.nature-ride.be\/","name":"Nature-Ride","description":"Nature-Ride - Le site n\u00b01 du ride \u00e9cologique","publisher":{"@id":"https:\/\/www.nature-ride.be\/#organization"},"potentialAction":[{"@type":"SearchAction","target":{"@type":"EntryPoint","urlTemplate":"https:\/\/www.nature-ride.be\/?s={search_term_string}"},"query-input":{"@type":"PropertyValueSpecification","valueRequired":true,"valueName":"search_term_string"}}],"inLanguage":"en-GB"},{"@type":"Organization","@id":"https:\/\/www.nature-ride.be\/#organization","name":"Nature-Ride","url":"https:\/\/www.nature-ride.be\/","logo":{"@type":"ImageObject","inLanguage":"en-GB","@id":"https:\/\/www.nature-ride.be\/#\/schema\/logo\/image\/","url":"https:\/\/www.nature-ride.be\/wp-content\/uploads\/2021\/02\/Nature-Ride-LOGO-2.png","contentUrl":"https:\/\/www.nature-ride.be\/wp-content\/uploads\/2021\/02\/Nature-Ride-LOGO-2.png","width":2952,"height":1314,"caption":"Nature-Ride"},"image":{"@id":"https:\/\/www.nature-ride.be\/#\/schema\/logo\/image\/"},"sameAs":["https:\/\/www.facebook.com\/NatureRideShop\/","https:\/\/www.instagram.com\/naturerideshop\/"]}]}},"_links":{"self":[{"href":"https:\/\/www.nature-ride.be\/en\/wp-json\/wp\/v2\/product\/27031","targetHints":{"allow":["GET"]}}],"collection":[{"href":"https:\/\/www.nature-ride.be\/en\/wp-json\/wp\/v2\/product"}],"about":[{"href":"https:\/\/www.nature-ride.be\/en\/wp-json\/wp\/v2\/types\/product"}],"replies":[{"embeddable":true,"href":"https:\/\/www.nature-ride.be\/en\/wp-json\/wp\/v2\/comments?post=27031"}],"version-history":[{"count":9,"href":"https:\/\/www.nature-ride.be\/en\/wp-json\/wp\/v2\/product\/27031\/revisions"}],"predecessor-version":[{"id":27322,"href":"https:\/\/www.nature-ride.be\/en\/wp-json\/wp\/v2\/product\/27031\/revisions\/27322"}],"wp:featuredmedia":[{"embeddable":true,"href":"https:\/\/www.nature-ride.be\/en\/wp-json\/wp\/v2\/media\/27226"}],"wp:attachment":[{"href":"https:\/\/www.nature-ride.be\/en\/wp-json\/wp\/v2\/media?parent=27031"}],"wp:term":[{"taxonomy":"product_brand","embeddable":true,"href":"https:\/\/www.nature-ride.be\/en\/wp-json\/wp\/v2\/product_brand?post=27031"},{"taxonomy":"product_cat","embeddable":true,"href":"https:\/\/www.nature-ride.be\/en\/wp-json\/wp\/v2\/product_cat?post=27031"},{"taxonomy":"product_tag","embeddable":true,"href":"https:\/\/www.nature-ride.be\/en\/wp-json\/wp\/v2\/product_tag?post=27031"}],"curies":[{"name":"wp","href":"https:\/\/api.w.org\/{rel}","templated":true}]}}