{"id":25637,"date":"2024-08-13T10:30:11","date_gmt":"2024-08-13T10:30:11","guid":{"rendered":"https:\/\/www.nature-ride.be\/?post_type=product&#038;p=25637"},"modified":"2025-09-06T11:26:13","modified_gmt":"2025-09-06T11:26:13","slug":"jessup-original-9%e2%80%b3-grip-stripes","status":"publish","type":"product","link":"https:\/\/www.nature-ride.be\/en\/boutique\/skateboard\/grip\/jessup-original-9%e2%80%b3-grip-stripes\/","title":{"rendered":"Jessup Original 9\u2033 Grip Stripes"},"content":{"rendered":"<div data-elementor-type=\"product-post\" data-elementor-id=\"25637\" class=\"elementor elementor-25637\" data-elementor-post-type=\"product\">\n\t\t\t\t\t\t<section class=\"elementor-section elementor-top-section elementor-element elementor-element-f476052 elementor-section-boxed elementor-section-height-default elementor-section-height-default\" data-id=\"f476052\" data-element_type=\"section\" data-e-type=\"section\">\n\t\t\t\t\t\t<div class=\"elementor-container elementor-column-gap-default\">\n\t\t\t\t\t<div class=\"elementor-column elementor-col-100 elementor-top-column elementor-element elementor-element-df4e3d0\" data-id=\"df4e3d0\" data-element_type=\"column\" data-e-type=\"column\">\n\t\t\t<div class=\"elementor-widget-wrap elementor-element-populated\">\n\t\t\t\t\t\t<div class=\"elementor-element elementor-element-34d7cbb elementor-widget elementor-widget-heading\" data-id=\"34d7cbb\" data-element_type=\"widget\" data-e-type=\"widget\" data-widget_type=\"heading.default\">\n\t\t\t\t<div class=\"elementor-widget-container\">\n\t\t\t\t\t<h2 class=\"elementor-heading-title elementor-size-default\">Jessup Original 9\u2033 Grip Stripes<\/h2>\t\t\t\t<\/div>\n\t\t\t\t<\/div>\n\t\t\t\t<div class=\"elementor-element elementor-element-8ffc26d elementor-widget elementor-widget-text-editor\" data-id=\"8ffc26d\" data-element_type=\"widget\" data-e-type=\"widget\" data-widget_type=\"text-editor.default\">\n\t\t\t\t<div class=\"elementor-widget-container\">\n\t\t\t\t\t\t\t\t\t<div class=\"elementor-element elementor-element-4f08faf6 elementor-widget elementor-widget-text-editor\" data-id=\"4f08faf6\" data-element_type=\"widget\" data-widget_type=\"text-editor.default\"><div class=\"elementor-widget-container\"><p>The original Jessup grip is a classic that never disappoints! The Stripes 9-inch version will give your skateboard a great old-school style!<\/p><ul><li>Firm grip on most surfaces<\/li><li>Easy to cut and apply<\/li><li>Used by professional skateboarders around the world, the Jessup Griptape offers the best possible control in the skatepark or on the street.<\/li><li>Made in the USA.<\/li><\/ul><p>The quality is always there at Jessup! Tested and approved by Danny Way, PJ Ladd, and Rune Glifberg!<\/p><\/div><\/div>\t\t\t\t\t\t\t\t<\/div>\n\t\t\t\t<\/div>\n\t\t\t\t<div class=\"elementor-element elementor-element-497d875 elementor-widget elementor-widget-gallery\" data-id=\"497d875\" data-element_type=\"widget\" data-e-type=\"widget\" data-settings=\"{&quot;columns&quot;:2,&quot;gap&quot;:{&quot;unit&quot;:&quot;px&quot;,&quot;size&quot;:5,&quot;sizes&quot;:[]},&quot;aspect_ratio&quot;:&quot;21:9&quot;,&quot;lazyload&quot;:&quot;yes&quot;,&quot;gallery_layout&quot;:&quot;grid&quot;,&quot;columns_tablet&quot;:2,&quot;columns_mobile&quot;:1,&quot;gap_tablet&quot;:{&quot;unit&quot;:&quot;px&quot;,&quot;size&quot;:10,&quot;sizes&quot;:[]},&quot;gap_mobile&quot;:{&quot;unit&quot;:&quot;px&quot;,&quot;size&quot;:10,&quot;sizes&quot;:[]},&quot;link_to&quot;:&quot;file&quot;,&quot;overlay_background&quot;:&quot;yes&quot;,&quot;content_hover_animation&quot;:&quot;fade-in&quot;}\" data-widget_type=\"gallery.default\">\n\t\t\t\t<div class=\"elementor-widget-container\">\n\t\t\t\t\t\t\t<div class=\"elementor-gallery__container\">\n\t\t\t\t\t\t\t<a class=\"e-gallery-item elementor-gallery-item elementor-animated-content\" href=\"https:\/\/www.nature-ride.be\/wp-content\/uploads\/2024\/08\/Jessup-Stripes-1.jpg\" data-elementor-open-lightbox=\"yes\" data-elementor-lightbox-slideshow=\"497d875\" data-elementor-lightbox-title=\"Jessu^p Stripes 1\" data-e-action-hash=\"#elementor-action%3Aaction%3Dlightbox%26settings%3DeyJpZCI6MjU2MzksInVybCI6Imh0dHBzOlwvXC93d3cubmF0dXJlLXJpZGUuYmVcL3dwLWNvbnRlbnRcL3VwbG9hZHNcLzIwMjRcLzA4XC9KZXNzdV5wLVN0cmlwZXMtMS5qcGciLCJzbGlkZXNob3ciOiI0OTdkODc1In0%3D\">\n\t\t\t\t\t<div class=\"e-gallery-image elementor-gallery-item__image\" data-thumbnail=\"https:\/\/www.nature-ride.be\/wp-content\/uploads\/2024\/08\/Jessu^p-Stripes-1.jpg\" data-width=\"1080\" data-height=\"1080\" aria-label=\"\" role=\"img\" ><\/div>\n\t\t\t\t\t\t\t\t\t\t\t<div class=\"elementor-gallery-item__overlay\"><\/div>\n\t\t\t\t\t\t\t\t\t\t\t\t\t\t<\/a>\n\t\t\t\t\t\t\t<a class=\"e-gallery-item elementor-gallery-item elementor-animated-content\" href=\"https:\/\/www.nature-ride.be\/wp-content\/uploads\/2024\/08\/Jessup-Stripes-2.jpg\" data-elementor-open-lightbox=\"yes\" data-elementor-lightbox-slideshow=\"497d875\" data-elementor-lightbox-title=\"Jessup Stripes 2\" data-e-action-hash=\"#elementor-action%3Aaction%3Dlightbox%26settings%3DeyJpZCI6MjU2MzgsInVybCI6Imh0dHBzOlwvXC93d3cubmF0dXJlLXJpZGUuYmVcL3dwLWNvbnRlbnRcL3VwbG9hZHNcLzIwMjRcLzA4XC9KZXNzdXAtU3RyaXBlcy0yLmpwZyIsInNsaWRlc2hvdyI6IjQ5N2Q4NzUifQ%3D%3D\">\n\t\t\t\t\t<div class=\"e-gallery-image elementor-gallery-item__image\" data-thumbnail=\"https:\/\/www.nature-ride.be\/wp-content\/uploads\/2024\/08\/Jessup-Stripes-2.jpg\" data-width=\"1080\" data-height=\"1080\" aria-label=\"\" role=\"img\" ><\/div>\n\t\t\t\t\t\t\t\t\t\t\t<div class=\"elementor-gallery-item__overlay\"><\/div>\n\t\t\t\t\t\t\t\t\t\t\t\t\t\t<\/a>\n\t\t\t\t\t<\/div>\n\t\t\t\t\t<\/div>\n\t\t\t\t<\/div>\n\t\t\t\t\t<\/div>\n\t\t<\/div>\n\t\t\t\t\t<\/div>\n\t\t<\/section>\n\t\t\t\t<\/div>","protected":false},"excerpt":{"rendered":"<p><a href=\"https:\/\/www.nature-ride.be\/en\/jessup-presentation\/\"><img decoding=\"async\" class=\"alignnone wp-image-5559 size-medium lazyload\" data-src=\"https:\/\/www.nature-ride.be\/wp-content\/uploads\/2021\/11\/logo-jessup-original-300x145.png\" alt=\"\" width=\"300\" height=\"145\" data-srcset=\"https:\/\/www.nature-ride.be\/wp-content\/uploads\/2021\/11\/logo-jessup-original-300x145.png 300w, https:\/\/www.nature-ride.be\/wp-content\/uploads\/2021\/11\/logo-jessup-original-18x9.png 18w, https:\/\/www.nature-ride.be\/wp-content\/uploads\/2021\/11\/logo-jessup-original.png 331w\" data-sizes=\"(max-width: 300px) 100vw, 300px\" src=\"data:image\/svg+xml;base64,PHN2ZyB3aWR0aD0iMSIgaGVpZ2h0PSIxIiB4bWxucz0iaHR0cDovL3d3dy53My5vcmcvMjAwMC9zdmciPjwvc3ZnPg==\" style=\"--smush-placeholder-width: 300px; --smush-placeholder-aspect-ratio: 300\/145;\" \/><\/a><\/p>","protected":false},"featured_media":25639,"comment_status":"open","ping_status":"closed","template":"","meta":{"_monsterinsights_skip_tracking":false,"_monsterinsights_sitenote_active":false,"_monsterinsights_sitenote_note":"","_monsterinsights_sitenote_category":0,"site-sidebar-layout":"left-sidebar","site-content-layout":"page-builder","ast-site-content-layout":"full-width-container","site-content-style":"unboxed","site-sidebar-style":"unboxed","ast-global-header-display":"","ast-banner-title-visibility":"","ast-main-header-display":"","ast-hfb-above-header-display":"","ast-hfb-below-header-display":"","ast-hfb-mobile-header-display":"","site-post-title":"disabled","ast-breadcrumbs-content":"","ast-featured-img":"disabled","footer-sml-layout":"","ast-disable-related-posts":"","theme-transparent-header-meta":"default","adv-header-id-meta":"","stick-header-meta":"","header-above-stick-meta":"","header-main-stick-meta":"","header-below-stick-meta":"","astra-migrate-meta-layouts":"set","ast-page-background-enabled":"default","ast-page-background-meta":{"desktop":{"background-color":"","background-image":"","background-repeat":"repeat","background-position":"center center","background-size":"auto","background-attachment":"scroll","background-type":"","background-media":"","overlay-type":"","overlay-color":"","overlay-opacity":"","overlay-gradient":""},"tablet":{"background-color":"","background-image":"","background-repeat":"repeat","background-position":"center center","background-size":"auto","background-attachment":"scroll","background-type":"","background-media":"","overlay-type":"","overlay-color":"","overlay-opacity":"","overlay-gradient":""},"mobile":{"background-color":"","background-image":"","background-repeat":"repeat","background-position":"center center","background-size":"auto","background-attachment":"scroll","background-type":"","background-media":"","overlay-type":"","overlay-color":"","overlay-opacity":"","overlay-gradient":""}},"ast-content-background-meta":{"desktop":{"background-color":"var(--ast-global-color-5)","background-image":"","background-repeat":"repeat","background-position":"center center","background-size":"auto","background-attachment":"scroll","background-type":"","background-media":"","overlay-type":"","overlay-color":"","overlay-opacity":"","overlay-gradient":""},"tablet":{"background-color":"var(--ast-global-color-5)","background-image":"","background-repeat":"repeat","background-position":"center center","background-size":"auto","background-attachment":"scroll","background-type":"","background-media":"","overlay-type":"","overlay-color":"","overlay-opacity":"","overlay-gradient":""},"mobile":{"background-color":"var(--ast-global-color-5)","background-image":"","background-repeat":"repeat","background-position":"center center","background-size":"auto","background-attachment":"scroll","background-type":"","background-media":"","overlay-type":"","overlay-color":"","overlay-opacity":"","overlay-gradient":""}}},"product_brand":[116],"product_cat":[115,16],"product_tag":[],"class_list":{"0":"post-25637","1":"product","2":"type-product","3":"status-publish","4":"has-post-thumbnail","6":"product_brand-jessup","7":"product_cat-grip","8":"product_cat-skateboard","9":"desktop-align-left","10":"tablet-align-left","11":"mobile-align-center","13":"first","14":"instock","15":"taxable","16":"shipping-taxable","17":"purchasable","18":"product-type-simple"},"yoast_head":"<!-- This site is optimized with the Yoast SEO plugin v27.5 - https:\/\/yoast.com\/product\/yoast-seo-wordpress\/ -->\n<title>Nature-Ride - Jessup Original 9\u2033 Grip Stripes<\/title>\n<meta name=\"description\" content=\"Retrouvez le grip original Jessup, le N\u00b01 des grips de skateboard. Un adh\u00e9rence et durabilit\u00e9 exceptionnelle. Souple et facile \u00e0 poser.\" \/>\n<meta name=\"robots\" content=\"index, follow, max-snippet:-1, max-image-preview:large, max-video-preview:-1\" \/>\n<link rel=\"canonical\" href=\"https:\/\/www.nature-ride.be\/en\/boutique\/skateboard\/grip\/jessup-original-9\u2033-grip-stripes\/\" \/>\n<meta property=\"og:locale\" content=\"en_GB\" \/>\n<meta property=\"og:type\" content=\"article\" \/>\n<meta property=\"og:title\" content=\"Nature-Ride - Jessup Original 9\u2033 Grip Stripes\" \/>\n<meta property=\"og:description\" content=\"Retrouvez le grip original Jessup, le N\u00b01 des grips de skateboard. Un adh\u00e9rence et durabilit\u00e9 exceptionnelle. Souple et facile \u00e0 poser.\" \/>\n<meta property=\"og:url\" content=\"https:\/\/www.nature-ride.be\/en\/boutique\/skateboard\/grip\/jessup-original-9\u2033-grip-stripes\/\" \/>\n<meta property=\"og:site_name\" content=\"Nature-Ride\" \/>\n<meta property=\"article:publisher\" content=\"https:\/\/www.facebook.com\/NatureRideShop\/\" \/>\n<meta property=\"article:modified_time\" content=\"2025-09-06T11:26:13+00:00\" \/>\n<meta property=\"og:image\" content=\"https:\/\/www.nature-ride.be\/wp-content\/uploads\/2024\/08\/Jessup-Stripes-1.jpg\" \/>\n\t<meta property=\"og:image:width\" content=\"1080\" \/>\n\t<meta property=\"og:image:height\" content=\"1080\" \/>\n\t<meta property=\"og:image:type\" content=\"image\/jpeg\" \/>\n<meta name=\"twitter:card\" content=\"summary_large_image\" \/>\n<script type=\"application\/ld+json\" class=\"yoast-schema-graph\">{\"@context\":\"https:\\\/\\\/schema.org\",\"@graph\":[{\"@type\":\"WebPage\",\"@id\":\"https:\\\/\\\/www.nature-ride.be\\\/boutique\\\/skateboard\\\/grip\\\/jessup-original-9%e2%80%b3-grip-stripes\\\/\",\"url\":\"https:\\\/\\\/www.nature-ride.be\\\/boutique\\\/skateboard\\\/grip\\\/jessup-original-9%e2%80%b3-grip-stripes\\\/\",\"name\":\"Nature-Ride - Jessup Original 9\u2033 Grip Stripes\",\"isPartOf\":{\"@id\":\"https:\\\/\\\/www.nature-ride.be\\\/#website\"},\"primaryImageOfPage\":{\"@id\":\"https:\\\/\\\/www.nature-ride.be\\\/boutique\\\/skateboard\\\/grip\\\/jessup-original-9%e2%80%b3-grip-stripes\\\/#primaryimage\"},\"image\":{\"@id\":\"https:\\\/\\\/www.nature-ride.be\\\/boutique\\\/skateboard\\\/grip\\\/jessup-original-9%e2%80%b3-grip-stripes\\\/#primaryimage\"},\"thumbnailUrl\":\"https:\\\/\\\/www.nature-ride.be\\\/wp-content\\\/uploads\\\/2024\\\/08\\\/Jessu^p-Stripes-1.jpg\",\"datePublished\":\"2024-08-13T10:30:11+00:00\",\"dateModified\":\"2025-09-06T11:26:13+00:00\",\"description\":\"Retrouvez le grip original Jessup, le N\u00b01 des grips de skateboard. Un adh\u00e9rence et durabilit\u00e9 exceptionnelle. Souple et facile \u00e0 poser.\",\"breadcrumb\":{\"@id\":\"https:\\\/\\\/www.nature-ride.be\\\/boutique\\\/skateboard\\\/grip\\\/jessup-original-9%e2%80%b3-grip-stripes\\\/#breadcrumb\"},\"inLanguage\":\"en-GB\",\"potentialAction\":[{\"@type\":\"ReadAction\",\"target\":[\"https:\\\/\\\/www.nature-ride.be\\\/boutique\\\/skateboard\\\/grip\\\/jessup-original-9%e2%80%b3-grip-stripes\\\/\"]}]},{\"@type\":\"ImageObject\",\"inLanguage\":\"en-GB\",\"@id\":\"https:\\\/\\\/www.nature-ride.be\\\/boutique\\\/skateboard\\\/grip\\\/jessup-original-9%e2%80%b3-grip-stripes\\\/#primaryimage\",\"url\":\"https:\\\/\\\/www.nature-ride.be\\\/wp-content\\\/uploads\\\/2024\\\/08\\\/Jessu^p-Stripes-1.jpg\",\"contentUrl\":\"https:\\\/\\\/www.nature-ride.be\\\/wp-content\\\/uploads\\\/2024\\\/08\\\/Jessu^p-Stripes-1.jpg\",\"width\":1080,\"height\":1080},{\"@type\":\"BreadcrumbList\",\"@id\":\"https:\\\/\\\/www.nature-ride.be\\\/boutique\\\/skateboard\\\/grip\\\/jessup-original-9%e2%80%b3-grip-stripes\\\/#breadcrumb\",\"itemListElement\":[{\"@type\":\"ListItem\",\"position\":1,\"name\":\"Accueil\",\"item\":\"https:\\\/\\\/www.nature-ride.be\\\/\"},{\"@type\":\"ListItem\",\"position\":2,\"name\":\"Boutique\",\"item\":\"https:\\\/\\\/www.nature-ride.be\\\/boutique\\\/\"},{\"@type\":\"ListItem\",\"position\":3,\"name\":\"Jessup Original 9\u2033 Grip Stripes\"}]},{\"@type\":\"WebSite\",\"@id\":\"https:\\\/\\\/www.nature-ride.be\\\/#website\",\"url\":\"https:\\\/\\\/www.nature-ride.be\\\/\",\"name\":\"Nature-Ride\",\"description\":\"Nature-Ride - Le site n\u00b01 du ride \u00e9cologique\",\"publisher\":{\"@id\":\"https:\\\/\\\/www.nature-ride.be\\\/#organization\"},\"potentialAction\":[{\"@type\":\"SearchAction\",\"target\":{\"@type\":\"EntryPoint\",\"urlTemplate\":\"https:\\\/\\\/www.nature-ride.be\\\/?s={search_term_string}\"},\"query-input\":{\"@type\":\"PropertyValueSpecification\",\"valueRequired\":true,\"valueName\":\"search_term_string\"}}],\"inLanguage\":\"en-GB\"},{\"@type\":\"Organization\",\"@id\":\"https:\\\/\\\/www.nature-ride.be\\\/#organization\",\"name\":\"Nature-Ride\",\"url\":\"https:\\\/\\\/www.nature-ride.be\\\/\",\"logo\":{\"@type\":\"ImageObject\",\"inLanguage\":\"en-GB\",\"@id\":\"https:\\\/\\\/www.nature-ride.be\\\/#\\\/schema\\\/logo\\\/image\\\/\",\"url\":\"https:\\\/\\\/www.nature-ride.be\\\/wp-content\\\/uploads\\\/2021\\\/02\\\/Nature-Ride-LOGO-2.png\",\"contentUrl\":\"https:\\\/\\\/www.nature-ride.be\\\/wp-content\\\/uploads\\\/2021\\\/02\\\/Nature-Ride-LOGO-2.png\",\"width\":2952,\"height\":1314,\"caption\":\"Nature-Ride\"},\"image\":{\"@id\":\"https:\\\/\\\/www.nature-ride.be\\\/#\\\/schema\\\/logo\\\/image\\\/\"},\"sameAs\":[\"https:\\\/\\\/www.facebook.com\\\/NatureRideShop\\\/\",\"https:\\\/\\\/www.instagram.com\\\/naturerideshop\\\/\"]}]}<\/script>\n<!-- \/ Yoast SEO plugin. -->","yoast_head_json":{"title":"Nature-Ride - Jessup Original 9\u2033 Grip Stripes","description":"Retrouvez le grip original Jessup, le N\u00b01 des grips de skateboard. Un adh\u00e9rence et durabilit\u00e9 exceptionnelle. Souple et facile \u00e0 poser.","robots":{"index":"index","follow":"follow","max-snippet":"max-snippet:-1","max-image-preview":"max-image-preview:large","max-video-preview":"max-video-preview:-1"},"canonical":"https:\/\/www.nature-ride.be\/en\/boutique\/skateboard\/grip\/jessup-original-9\u2033-grip-stripes\/","og_locale":"en_GB","og_type":"article","og_title":"Nature-Ride - Jessup Original 9\u2033 Grip Stripes","og_description":"Retrouvez le grip original Jessup, le N\u00b01 des grips de skateboard. Un adh\u00e9rence et durabilit\u00e9 exceptionnelle. Souple et facile \u00e0 poser.","og_url":"https:\/\/www.nature-ride.be\/en\/boutique\/skateboard\/grip\/jessup-original-9\u2033-grip-stripes\/","og_site_name":"Nature-Ride","article_publisher":"https:\/\/www.facebook.com\/NatureRideShop\/","article_modified_time":"2025-09-06T11:26:13+00:00","og_image":[{"width":1080,"height":1080,"url":"https:\/\/www.nature-ride.be\/wp-content\/uploads\/2024\/08\/Jessu^p-Stripes-1.jpg","type":"image\/jpeg"}],"twitter_card":"summary_large_image","schema":{"@context":"https:\/\/schema.org","@graph":[{"@type":"WebPage","@id":"https:\/\/www.nature-ride.be\/boutique\/skateboard\/grip\/jessup-original-9%e2%80%b3-grip-stripes\/","url":"https:\/\/www.nature-ride.be\/boutique\/skateboard\/grip\/jessup-original-9%e2%80%b3-grip-stripes\/","name":"Nature-Ride - Jessup Original 9\u2033 Grip Stripes","isPartOf":{"@id":"https:\/\/www.nature-ride.be\/#website"},"primaryImageOfPage":{"@id":"https:\/\/www.nature-ride.be\/boutique\/skateboard\/grip\/jessup-original-9%e2%80%b3-grip-stripes\/#primaryimage"},"image":{"@id":"https:\/\/www.nature-ride.be\/boutique\/skateboard\/grip\/jessup-original-9%e2%80%b3-grip-stripes\/#primaryimage"},"thumbnailUrl":"https:\/\/www.nature-ride.be\/wp-content\/uploads\/2024\/08\/Jessu^p-Stripes-1.jpg","datePublished":"2024-08-13T10:30:11+00:00","dateModified":"2025-09-06T11:26:13+00:00","description":"Retrouvez le grip original Jessup, le N\u00b01 des grips de skateboard. Un adh\u00e9rence et durabilit\u00e9 exceptionnelle. Souple et facile \u00e0 poser.","breadcrumb":{"@id":"https:\/\/www.nature-ride.be\/boutique\/skateboard\/grip\/jessup-original-9%e2%80%b3-grip-stripes\/#breadcrumb"},"inLanguage":"en-GB","potentialAction":[{"@type":"ReadAction","target":["https:\/\/www.nature-ride.be\/boutique\/skateboard\/grip\/jessup-original-9%e2%80%b3-grip-stripes\/"]}]},{"@type":"ImageObject","inLanguage":"en-GB","@id":"https:\/\/www.nature-ride.be\/boutique\/skateboard\/grip\/jessup-original-9%e2%80%b3-grip-stripes\/#primaryimage","url":"https:\/\/www.nature-ride.be\/wp-content\/uploads\/2024\/08\/Jessu^p-Stripes-1.jpg","contentUrl":"https:\/\/www.nature-ride.be\/wp-content\/uploads\/2024\/08\/Jessu^p-Stripes-1.jpg","width":1080,"height":1080},{"@type":"BreadcrumbList","@id":"https:\/\/www.nature-ride.be\/boutique\/skateboard\/grip\/jessup-original-9%e2%80%b3-grip-stripes\/#breadcrumb","itemListElement":[{"@type":"ListItem","position":1,"name":"Accueil","item":"https:\/\/www.nature-ride.be\/"},{"@type":"ListItem","position":2,"name":"Boutique","item":"https:\/\/www.nature-ride.be\/boutique\/"},{"@type":"ListItem","position":3,"name":"Jessup Original 9\u2033 Grip Stripes"}]},{"@type":"WebSite","@id":"https:\/\/www.nature-ride.be\/#website","url":"https:\/\/www.nature-ride.be\/","name":"Nature-Ride","description":"Nature-Ride - Le site n\u00b01 du ride \u00e9cologique","publisher":{"@id":"https:\/\/www.nature-ride.be\/#organization"},"potentialAction":[{"@type":"SearchAction","target":{"@type":"EntryPoint","urlTemplate":"https:\/\/www.nature-ride.be\/?s={search_term_string}"},"query-input":{"@type":"PropertyValueSpecification","valueRequired":true,"valueName":"search_term_string"}}],"inLanguage":"en-GB"},{"@type":"Organization","@id":"https:\/\/www.nature-ride.be\/#organization","name":"Nature-Ride","url":"https:\/\/www.nature-ride.be\/","logo":{"@type":"ImageObject","inLanguage":"en-GB","@id":"https:\/\/www.nature-ride.be\/#\/schema\/logo\/image\/","url":"https:\/\/www.nature-ride.be\/wp-content\/uploads\/2021\/02\/Nature-Ride-LOGO-2.png","contentUrl":"https:\/\/www.nature-ride.be\/wp-content\/uploads\/2021\/02\/Nature-Ride-LOGO-2.png","width":2952,"height":1314,"caption":"Nature-Ride"},"image":{"@id":"https:\/\/www.nature-ride.be\/#\/schema\/logo\/image\/"},"sameAs":["https:\/\/www.facebook.com\/NatureRideShop\/","https:\/\/www.instagram.com\/naturerideshop\/"]}]}},"_links":{"self":[{"href":"https:\/\/www.nature-ride.be\/en\/wp-json\/wp\/v2\/product\/25637","targetHints":{"allow":["GET"]}}],"collection":[{"href":"https:\/\/www.nature-ride.be\/en\/wp-json\/wp\/v2\/product"}],"about":[{"href":"https:\/\/www.nature-ride.be\/en\/wp-json\/wp\/v2\/types\/product"}],"replies":[{"embeddable":true,"href":"https:\/\/www.nature-ride.be\/en\/wp-json\/wp\/v2\/comments?post=25637"}],"version-history":[{"count":12,"href":"https:\/\/www.nature-ride.be\/en\/wp-json\/wp\/v2\/product\/25637\/revisions"}],"predecessor-version":[{"id":26929,"href":"https:\/\/www.nature-ride.be\/en\/wp-json\/wp\/v2\/product\/25637\/revisions\/26929"}],"wp:featuredmedia":[{"embeddable":true,"href":"https:\/\/www.nature-ride.be\/en\/wp-json\/wp\/v2\/media\/25639"}],"wp:attachment":[{"href":"https:\/\/www.nature-ride.be\/en\/wp-json\/wp\/v2\/media?parent=25637"}],"wp:term":[{"taxonomy":"product_brand","embeddable":true,"href":"https:\/\/www.nature-ride.be\/en\/wp-json\/wp\/v2\/product_brand?post=25637"},{"taxonomy":"product_cat","embeddable":true,"href":"https:\/\/www.nature-ride.be\/en\/wp-json\/wp\/v2\/product_cat?post=25637"},{"taxonomy":"product_tag","embeddable":true,"href":"https:\/\/www.nature-ride.be\/en\/wp-json\/wp\/v2\/product_tag?post=25637"}],"curies":[{"name":"wp","href":"https:\/\/api.w.org\/{rel}","templated":true}]}}