{"id":23086,"date":"2023-04-18T10:11:14","date_gmt":"2023-04-18T10:11:14","guid":{"rendered":"https:\/\/www.nature-ride.be\/?post_type=product&#038;p=23086"},"modified":"2023-06-10T17:06:05","modified_gmt":"2023-06-10T17:06:05","slug":"gozone-tropic-blue-skimboard","status":"publish","type":"product","link":"https:\/\/www.nature-ride.be\/en\/boutique\/skimboard\/gozone-tropic-blue-skimboard\/","title":{"rendered":"Gozone Tropic Blue"},"content":{"rendered":"<div data-elementor-type=\"product-post\" data-elementor-id=\"23086\" class=\"elementor elementor-23086\" data-elementor-post-type=\"product\">\n\t\t\t\t\t\t<section class=\"elementor-section elementor-top-section elementor-element elementor-element-e5e9312 elementor-section-boxed elementor-section-height-default elementor-section-height-default\" data-id=\"e5e9312\" data-element_type=\"section\" data-e-type=\"section\">\n\t\t\t\t\t\t<div class=\"elementor-container elementor-column-gap-default\">\n\t\t\t\t\t<div class=\"elementor-column elementor-col-100 elementor-top-column elementor-element elementor-element-8a9ee17\" data-id=\"8a9ee17\" data-element_type=\"column\" data-e-type=\"column\">\n\t\t\t<div class=\"elementor-widget-wrap elementor-element-populated\">\n\t\t\t\t\t\t<div class=\"elementor-element elementor-element-f6cc6d9 elementor-widget elementor-widget-heading\" data-id=\"f6cc6d9\" data-element_type=\"widget\" data-e-type=\"widget\" data-widget_type=\"heading.default\">\n\t\t\t\t<div class=\"elementor-widget-container\">\n\t\t\t\t\t<h2 class=\"elementor-heading-title elementor-size-default\">Gozone Tropic Blue<\/h2>\t\t\t\t<\/div>\n\t\t\t\t<\/div>\n\t\t\t\t<div class=\"elementor-element elementor-element-afbda92 elementor-widget elementor-widget-text-editor\" data-id=\"afbda92\" data-element_type=\"widget\" data-e-type=\"widget\" data-widget_type=\"text-editor.default\">\n\t\t\t\t<div class=\"elementor-widget-container\">\n\t\t\t\t\t\t\t\t\t<p style=\"text-align: center;\">The Tropic from Gozone is a skimboard with bright colours on top and a super smooth HPL bottom. It allows you to shuv-it and spin in shallow water, or on most flat water surfaces. The HPL laminate has been added to make the board smooth and fast, while providing mechanical strength and scratch resistance.<\/p><p style=\"text-align: center;\">It is perfect for beginners to skimboarding, it will lead you to master the basics in no time.<\/p><p><strong>Specifications:<\/strong><\/p><ul><li>The top is covered with an adherent protective layer that will not let the bright colours fade.<\/li><li>The twin tip shape with rockered ends makes it easy to learn tricks.<\/li><\/ul><p><strong>Additional information:<\/strong><\/p><p>Length: 102cm<\/p><p>Width: 45cm<\/p><p>Board thickness: 10mm<\/p><p>Level: Beginner, Intermediate, Advanced<\/p><p>Maximum user weight: 112 kg<br \/>TWIN TIP shape<br \/>Rocker on the nose and tail<br \/>Anti-slip grip<\/p>\t\t\t\t\t\t\t\t<\/div>\n\t\t\t\t<\/div>\n\t\t\t\t\t<\/div>\n\t\t<\/div>\n\t\t\t\t\t<\/div>\n\t\t<\/section>\n\t\t\t\t<section class=\"elementor-section elementor-top-section elementor-element elementor-element-534c3a4 elementor-section-boxed elementor-section-height-default elementor-section-height-default\" data-id=\"534c3a4\" data-element_type=\"section\" data-e-type=\"section\">\n\t\t\t\t\t\t<div class=\"elementor-container elementor-column-gap-default\">\n\t\t\t\t\t<div class=\"elementor-column elementor-col-100 elementor-top-column elementor-element elementor-element-2f89015\" data-id=\"2f89015\" data-element_type=\"column\" data-e-type=\"column\">\n\t\t\t<div class=\"elementor-widget-wrap elementor-element-populated\">\n\t\t\t\t\t\t<div class=\"elementor-element elementor-element-da52b48 elementor-widget elementor-widget-gallery\" data-id=\"da52b48\" data-element_type=\"widget\" data-e-type=\"widget\" data-settings=\"{&quot;columns&quot;:3,&quot;aspect_ratio&quot;:&quot;1:1&quot;,&quot;gap&quot;:{&quot;unit&quot;:&quot;px&quot;,&quot;size&quot;:0,&quot;sizes&quot;:[]},&quot;lazyload&quot;:&quot;yes&quot;,&quot;gallery_layout&quot;:&quot;grid&quot;,&quot;columns_tablet&quot;:2,&quot;columns_mobile&quot;:1,&quot;gap_tablet&quot;:{&quot;unit&quot;:&quot;px&quot;,&quot;size&quot;:10,&quot;sizes&quot;:[]},&quot;gap_mobile&quot;:{&quot;unit&quot;:&quot;px&quot;,&quot;size&quot;:10,&quot;sizes&quot;:[]},&quot;link_to&quot;:&quot;file&quot;,&quot;overlay_background&quot;:&quot;yes&quot;,&quot;content_hover_animation&quot;:&quot;fade-in&quot;}\" data-widget_type=\"gallery.default\">\n\t\t\t\t<div class=\"elementor-widget-container\">\n\t\t\t\t\t\t\t<div class=\"elementor-gallery__container\">\n\t\t\t\t\t\t\t<a class=\"e-gallery-item elementor-gallery-item elementor-animated-content\" href=\"https:\/\/www.nature-ride.be\/wp-content\/uploads\/2023\/04\/Gozone-Tropic-1x1-1.png\" data-elementor-open-lightbox=\"yes\" data-elementor-lightbox-slideshow=\"da52b48\" data-elementor-lightbox-title=\"Gozone Tropic 1x1 1\" data-e-action-hash=\"#elementor-action%3Aaction%3Dlightbox%26settings%3DeyJpZCI6MjMwODcsInVybCI6Imh0dHBzOlwvXC93d3cubmF0dXJlLXJpZGUuYmVcL3dwLWNvbnRlbnRcL3VwbG9hZHNcLzIwMjNcLzA0XC9Hb3pvbmUtVHJvcGljLTF4MS0xLnBuZyIsInNsaWRlc2hvdyI6ImRhNTJiNDgifQ%3D%3D\">\n\t\t\t\t\t<div class=\"e-gallery-image elementor-gallery-item__image\" data-thumbnail=\"https:\/\/www.nature-ride.be\/wp-content\/uploads\/2023\/04\/Gozone-Tropic-1x1-1.png\" data-width=\"900\" data-height=\"900\" aria-label=\"\" role=\"img\" ><\/div>\n\t\t\t\t\t\t\t\t\t\t\t<div class=\"elementor-gallery-item__overlay\"><\/div>\n\t\t\t\t\t\t\t\t\t\t\t\t\t\t<\/a>\n\t\t\t\t\t\t\t<a class=\"e-gallery-item elementor-gallery-item elementor-animated-content\" href=\"https:\/\/www.nature-ride.be\/wp-content\/uploads\/2023\/04\/Gozone-Tropic-1x1-2.png\" data-elementor-open-lightbox=\"yes\" data-elementor-lightbox-slideshow=\"da52b48\" data-elementor-lightbox-title=\"Gozone Tropic 1x1 2\" data-e-action-hash=\"#elementor-action%3Aaction%3Dlightbox%26settings%3DeyJpZCI6MjMwODksInVybCI6Imh0dHBzOlwvXC93d3cubmF0dXJlLXJpZGUuYmVcL3dwLWNvbnRlbnRcL3VwbG9hZHNcLzIwMjNcLzA0XC9Hb3pvbmUtVHJvcGljLTF4MS0yLnBuZyIsInNsaWRlc2hvdyI6ImRhNTJiNDgifQ%3D%3D\">\n\t\t\t\t\t<div class=\"e-gallery-image elementor-gallery-item__image\" data-thumbnail=\"https:\/\/www.nature-ride.be\/wp-content\/uploads\/2023\/04\/Gozone-Tropic-1x1-2.png\" data-width=\"555\" data-height=\"555\" aria-label=\"\" role=\"img\" ><\/div>\n\t\t\t\t\t\t\t\t\t\t\t<div class=\"elementor-gallery-item__overlay\"><\/div>\n\t\t\t\t\t\t\t\t\t\t\t\t\t\t<\/a>\n\t\t\t\t\t\t\t<a class=\"e-gallery-item elementor-gallery-item elementor-animated-content\" href=\"https:\/\/www.nature-ride.be\/wp-content\/uploads\/2023\/04\/Gozone-Tropic-1x1-3.jpg\" data-elementor-open-lightbox=\"yes\" data-elementor-lightbox-slideshow=\"da52b48\" data-elementor-lightbox-title=\"Gozone Tropic 1x1 3\" data-e-action-hash=\"#elementor-action%3Aaction%3Dlightbox%26settings%3DeyJpZCI6MjMwOTAsInVybCI6Imh0dHBzOlwvXC93d3cubmF0dXJlLXJpZGUuYmVcL3dwLWNvbnRlbnRcL3VwbG9hZHNcLzIwMjNcLzA0XC9Hb3pvbmUtVHJvcGljLTF4MS0zLmpwZyIsInNsaWRlc2hvdyI6ImRhNTJiNDgifQ%3D%3D\">\n\t\t\t\t\t<div class=\"e-gallery-image elementor-gallery-item__image\" data-thumbnail=\"https:\/\/www.nature-ride.be\/wp-content\/uploads\/2023\/04\/Gozone-Tropic-1x1-3.jpg\" data-width=\"900\" data-height=\"900\" aria-label=\"\" role=\"img\" ><\/div>\n\t\t\t\t\t\t\t\t\t\t\t<div class=\"elementor-gallery-item__overlay\"><\/div>\n\t\t\t\t\t\t\t\t\t\t\t\t\t\t<\/a>\n\t\t\t\t\t\t\t<a class=\"e-gallery-item elementor-gallery-item elementor-animated-content\" href=\"https:\/\/www.nature-ride.be\/wp-content\/uploads\/2023\/04\/Gozone-Tropic-1x1-4.jpg\" data-elementor-open-lightbox=\"yes\" data-elementor-lightbox-slideshow=\"da52b48\" data-elementor-lightbox-title=\"Gozone Tropic 1x1 4\" data-e-action-hash=\"#elementor-action%3Aaction%3Dlightbox%26settings%3DeyJpZCI6MjMwOTEsInVybCI6Imh0dHBzOlwvXC93d3cubmF0dXJlLXJpZGUuYmVcL3dwLWNvbnRlbnRcL3VwbG9hZHNcLzIwMjNcLzA0XC9Hb3pvbmUtVHJvcGljLTF4MS00LmpwZyIsInNsaWRlc2hvdyI6ImRhNTJiNDgifQ%3D%3D\">\n\t\t\t\t\t<div class=\"e-gallery-image elementor-gallery-item__image\" data-thumbnail=\"https:\/\/www.nature-ride.be\/wp-content\/uploads\/2023\/04\/Gozone-Tropic-1x1-4.jpg\" data-width=\"900\" data-height=\"900\" aria-label=\"\" role=\"img\" ><\/div>\n\t\t\t\t\t\t\t\t\t\t\t<div class=\"elementor-gallery-item__overlay\"><\/div>\n\t\t\t\t\t\t\t\t\t\t\t\t\t\t<\/a>\n\t\t\t\t\t\t\t<a class=\"e-gallery-item elementor-gallery-item elementor-animated-content\" href=\"https:\/\/www.nature-ride.be\/wp-content\/uploads\/2023\/04\/Gozone-Tropic-1x1-5.jpg\" data-elementor-open-lightbox=\"yes\" data-elementor-lightbox-slideshow=\"da52b48\" data-elementor-lightbox-title=\"Gozone Tropic 1x1 5\" data-e-action-hash=\"#elementor-action%3Aaction%3Dlightbox%26settings%3DeyJpZCI6MjMwOTIsInVybCI6Imh0dHBzOlwvXC93d3cubmF0dXJlLXJpZGUuYmVcL3dwLWNvbnRlbnRcL3VwbG9hZHNcLzIwMjNcLzA0XC9Hb3pvbmUtVHJvcGljLTF4MS01LmpwZyIsInNsaWRlc2hvdyI6ImRhNTJiNDgifQ%3D%3D\">\n\t\t\t\t\t<div class=\"e-gallery-image elementor-gallery-item__image\" data-thumbnail=\"https:\/\/www.nature-ride.be\/wp-content\/uploads\/2023\/04\/Gozone-Tropic-1x1-5.jpg\" data-width=\"700\" data-height=\"700\" aria-label=\"\" role=\"img\" ><\/div>\n\t\t\t\t\t\t\t\t\t\t\t<div class=\"elementor-gallery-item__overlay\"><\/div>\n\t\t\t\t\t\t\t\t\t\t\t\t\t\t<\/a>\n\t\t\t\t\t\t\t<a class=\"e-gallery-item elementor-gallery-item elementor-animated-content\" href=\"https:\/\/www.nature-ride.be\/wp-content\/uploads\/2023\/04\/Gozone-Tropic-1x1-7.jpg\" data-elementor-open-lightbox=\"yes\" data-elementor-lightbox-slideshow=\"da52b48\" data-elementor-lightbox-title=\"Gozone Tropic 1x1 7\" data-e-action-hash=\"#elementor-action%3Aaction%3Dlightbox%26settings%3DeyJpZCI6MjMwOTQsInVybCI6Imh0dHBzOlwvXC93d3cubmF0dXJlLXJpZGUuYmVcL3dwLWNvbnRlbnRcL3VwbG9hZHNcLzIwMjNcLzA0XC9Hb3pvbmUtVHJvcGljLTF4MS03LmpwZyIsInNsaWRlc2hvdyI6ImRhNTJiNDgifQ%3D%3D\">\n\t\t\t\t\t<div class=\"e-gallery-image elementor-gallery-item__image\" data-thumbnail=\"https:\/\/www.nature-ride.be\/wp-content\/uploads\/2023\/04\/Gozone-Tropic-1x1-7.jpg\" data-width=\"555\" data-height=\"353\" aria-label=\"\" role=\"img\" ><\/div>\n\t\t\t\t\t\t\t\t\t\t\t<div class=\"elementor-gallery-item__overlay\"><\/div>\n\t\t\t\t\t\t\t\t\t\t\t\t\t\t<\/a>\n\t\t\t\t\t<\/div>\n\t\t\t\t\t<\/div>\n\t\t\t\t<\/div>\n\t\t\t\t\t<\/div>\n\t\t<\/div>\n\t\t\t\t\t<\/div>\n\t\t<\/section>\n\t\t\t\t<\/div>","protected":false},"excerpt":{"rendered":"<p><a href=\"https:\/\/www.nature-ride.be\/en\/gozone-presentation\/\"><img decoding=\"async\" class=\"alignnone wp-image-22502 lazyload\" data-src=\"https:\/\/www.nature-ride.be\/wp-content\/uploads\/2023\/04\/Gozone-logo-1-300x190.png\" alt=\"\" width=\"210\" height=\"133\" data-srcset=\"https:\/\/www.nature-ride.be\/wp-content\/uploads\/2023\/04\/Gozone-logo-1-300x190.png 300w, https:\/\/www.nature-ride.be\/wp-content\/uploads\/2023\/04\/Gozone-logo-1-18x12.png 18w, https:\/\/www.nature-ride.be\/wp-content\/uploads\/2023\/04\/Gozone-logo-1.png 555w\" data-sizes=\"(max-width: 210px) 100vw, 210px\" src=\"data:image\/svg+xml;base64,PHN2ZyB3aWR0aD0iMSIgaGVpZ2h0PSIxIiB4bWxucz0iaHR0cDovL3d3dy53My5vcmcvMjAwMC9zdmciPjwvc3ZnPg==\" style=\"--smush-placeholder-width: 210px; --smush-placeholder-aspect-ratio: 210\/133;\" \/><\/a><\/p>","protected":false},"featured_media":23087,"comment_status":"open","ping_status":"closed","template":"","meta":{"_monsterinsights_skip_tracking":false,"_monsterinsights_sitenote_active":false,"_monsterinsights_sitenote_note":"","_monsterinsights_sitenote_category":0,"site-sidebar-layout":"left-sidebar","site-content-layout":"page-builder","ast-site-content-layout":"default","site-content-style":"default","site-sidebar-style":"default","ast-global-header-display":"","ast-banner-title-visibility":"","ast-main-header-display":"","ast-hfb-above-header-display":"","ast-hfb-below-header-display":"","ast-hfb-mobile-header-display":"","site-post-title":"disabled","ast-breadcrumbs-content":"","ast-featured-img":"disabled","footer-sml-layout":"","ast-disable-related-posts":"","theme-transparent-header-meta":"default","adv-header-id-meta":"","stick-header-meta":"","header-above-stick-meta":"","header-main-stick-meta":"","header-below-stick-meta":"","astra-migrate-meta-layouts":"default","ast-page-background-enabled":"default","ast-page-background-meta":{"desktop":{"background-color":"","background-image":"","background-repeat":"repeat","background-position":"center center","background-size":"auto","background-attachment":"scroll","background-type":"","background-media":"","overlay-type":"","overlay-color":"","overlay-opacity":"","overlay-gradient":""},"tablet":{"background-color":"","background-image":"","background-repeat":"repeat","background-position":"center center","background-size":"auto","background-attachment":"scroll","background-type":"","background-media":"","overlay-type":"","overlay-color":"","overlay-opacity":"","overlay-gradient":""},"mobile":{"background-color":"","background-image":"","background-repeat":"repeat","background-position":"center center","background-size":"auto","background-attachment":"scroll","background-type":"","background-media":"","overlay-type":"","overlay-color":"","overlay-opacity":"","overlay-gradient":""}},"ast-content-background-meta":{"desktop":{"background-color":"var(--ast-global-color-5)","background-image":"","background-repeat":"repeat","background-position":"center center","background-size":"auto","background-attachment":"scroll","background-type":"","background-media":"","overlay-type":"","overlay-color":"","overlay-opacity":"","overlay-gradient":""},"tablet":{"background-color":"var(--ast-global-color-5)","background-image":"","background-repeat":"repeat","background-position":"center center","background-size":"auto","background-attachment":"scroll","background-type":"","background-media":"","overlay-type":"","overlay-color":"","overlay-opacity":"","overlay-gradient":""},"mobile":{"background-color":"var(--ast-global-color-5)","background-image":"","background-repeat":"repeat","background-position":"center center","background-size":"auto","background-attachment":"scroll","background-type":"","background-media":"","overlay-type":"","overlay-color":"","overlay-opacity":"","overlay-gradient":""}}},"product_brand":[224],"product_cat":[231],"product_tag":[],"class_list":{"0":"post-23086","1":"product","2":"type-product","3":"status-publish","4":"has-post-thumbnail","6":"product_brand-gozone","7":"product_cat-skimboard","8":"desktop-align-left","9":"tablet-align-left","10":"mobile-align-center","12":"first","13":"outofstock","14":"taxable","15":"shipping-taxable","16":"purchasable","17":"product-type-simple"},"yoast_head":"<!-- This site is optimized with the Yoast SEO plugin v27.5 - https:\/\/yoast.com\/product\/yoast-seo-wordpress\/ -->\n<title>Nature-Ride - Gozone Tropic Blue<\/title>\n<meta name=\"description\" content=\"Avec le Tropic de Gozone vous pourrez glisser partout, m\u00eame dans les eaux tr\u00e8s peu profonde. \u00c0 vous les shuv-it et spins !\" \/>\n<meta name=\"robots\" content=\"index, follow, max-snippet:-1, max-image-preview:large, max-video-preview:-1\" \/>\n<link rel=\"canonical\" href=\"https:\/\/www.nature-ride.be\/en\/boutique\/skimboard\/gozone-tropic-blue-skimboard\/\" \/>\n<meta property=\"og:locale\" content=\"en_GB\" \/>\n<meta property=\"og:type\" content=\"article\" \/>\n<meta property=\"og:title\" content=\"Nature-Ride - Gozone Tropic Blue\" \/>\n<meta property=\"og:description\" content=\"Avec le Tropic de Gozone vous pourrez glisser partout, m\u00eame dans les eaux tr\u00e8s peu profonde. \u00c0 vous les shuv-it et spins !\" \/>\n<meta property=\"og:url\" content=\"https:\/\/www.nature-ride.be\/en\/boutique\/skimboard\/gozone-tropic-blue-skimboard\/\" \/>\n<meta property=\"og:site_name\" content=\"Nature-Ride\" \/>\n<meta property=\"article:publisher\" content=\"https:\/\/www.facebook.com\/NatureRideShop\/\" \/>\n<meta property=\"article:modified_time\" content=\"2023-06-10T17:06:05+00:00\" \/>\n<meta property=\"og:image\" content=\"https:\/\/www.nature-ride.be\/wp-content\/uploads\/2023\/04\/Gozone-Tropic-1x1-1.png\" \/>\n\t<meta property=\"og:image:width\" content=\"900\" \/>\n\t<meta property=\"og:image:height\" content=\"900\" \/>\n\t<meta property=\"og:image:type\" content=\"image\/png\" \/>\n<meta name=\"twitter:card\" content=\"summary_large_image\" \/>\n<script type=\"application\/ld+json\" class=\"yoast-schema-graph\">{\"@context\":\"https:\\\/\\\/schema.org\",\"@graph\":[{\"@type\":\"WebPage\",\"@id\":\"https:\\\/\\\/www.nature-ride.be\\\/boutique\\\/skimboard\\\/gozone-tropic-blue-skimboard\\\/\",\"url\":\"https:\\\/\\\/www.nature-ride.be\\\/boutique\\\/skimboard\\\/gozone-tropic-blue-skimboard\\\/\",\"name\":\"Nature-Ride - Gozone Tropic Blue\",\"isPartOf\":{\"@id\":\"https:\\\/\\\/www.nature-ride.be\\\/#website\"},\"primaryImageOfPage\":{\"@id\":\"https:\\\/\\\/www.nature-ride.be\\\/boutique\\\/skimboard\\\/gozone-tropic-blue-skimboard\\\/#primaryimage\"},\"image\":{\"@id\":\"https:\\\/\\\/www.nature-ride.be\\\/boutique\\\/skimboard\\\/gozone-tropic-blue-skimboard\\\/#primaryimage\"},\"thumbnailUrl\":\"https:\\\/\\\/www.nature-ride.be\\\/wp-content\\\/uploads\\\/2023\\\/04\\\/Gozone-Tropic-1x1-1.png\",\"datePublished\":\"2023-04-18T10:11:14+00:00\",\"dateModified\":\"2023-06-10T17:06:05+00:00\",\"description\":\"Avec le Tropic de Gozone vous pourrez glisser partout, m\u00eame dans les eaux tr\u00e8s peu profonde. \u00c0 vous les shuv-it et spins !\",\"breadcrumb\":{\"@id\":\"https:\\\/\\\/www.nature-ride.be\\\/boutique\\\/skimboard\\\/gozone-tropic-blue-skimboard\\\/#breadcrumb\"},\"inLanguage\":\"en-GB\",\"potentialAction\":[{\"@type\":\"ReadAction\",\"target\":[\"https:\\\/\\\/www.nature-ride.be\\\/boutique\\\/skimboard\\\/gozone-tropic-blue-skimboard\\\/\"]}]},{\"@type\":\"ImageObject\",\"inLanguage\":\"en-GB\",\"@id\":\"https:\\\/\\\/www.nature-ride.be\\\/boutique\\\/skimboard\\\/gozone-tropic-blue-skimboard\\\/#primaryimage\",\"url\":\"https:\\\/\\\/www.nature-ride.be\\\/wp-content\\\/uploads\\\/2023\\\/04\\\/Gozone-Tropic-1x1-1.png\",\"contentUrl\":\"https:\\\/\\\/www.nature-ride.be\\\/wp-content\\\/uploads\\\/2023\\\/04\\\/Gozone-Tropic-1x1-1.png\",\"width\":900,\"height\":900},{\"@type\":\"BreadcrumbList\",\"@id\":\"https:\\\/\\\/www.nature-ride.be\\\/boutique\\\/skimboard\\\/gozone-tropic-blue-skimboard\\\/#breadcrumb\",\"itemListElement\":[{\"@type\":\"ListItem\",\"position\":1,\"name\":\"Accueil\",\"item\":\"https:\\\/\\\/www.nature-ride.be\\\/\"},{\"@type\":\"ListItem\",\"position\":2,\"name\":\"Boutique\",\"item\":\"https:\\\/\\\/www.nature-ride.be\\\/boutique\\\/\"},{\"@type\":\"ListItem\",\"position\":3,\"name\":\"Gozone Tropic Blue\"}]},{\"@type\":\"WebSite\",\"@id\":\"https:\\\/\\\/www.nature-ride.be\\\/#website\",\"url\":\"https:\\\/\\\/www.nature-ride.be\\\/\",\"name\":\"Nature-Ride\",\"description\":\"Nature-Ride - Le site n\u00b01 du ride \u00e9cologique\",\"publisher\":{\"@id\":\"https:\\\/\\\/www.nature-ride.be\\\/#organization\"},\"potentialAction\":[{\"@type\":\"SearchAction\",\"target\":{\"@type\":\"EntryPoint\",\"urlTemplate\":\"https:\\\/\\\/www.nature-ride.be\\\/?s={search_term_string}\"},\"query-input\":{\"@type\":\"PropertyValueSpecification\",\"valueRequired\":true,\"valueName\":\"search_term_string\"}}],\"inLanguage\":\"en-GB\"},{\"@type\":\"Organization\",\"@id\":\"https:\\\/\\\/www.nature-ride.be\\\/#organization\",\"name\":\"Nature-Ride\",\"url\":\"https:\\\/\\\/www.nature-ride.be\\\/\",\"logo\":{\"@type\":\"ImageObject\",\"inLanguage\":\"en-GB\",\"@id\":\"https:\\\/\\\/www.nature-ride.be\\\/#\\\/schema\\\/logo\\\/image\\\/\",\"url\":\"https:\\\/\\\/www.nature-ride.be\\\/wp-content\\\/uploads\\\/2021\\\/02\\\/Nature-Ride-LOGO-2.png\",\"contentUrl\":\"https:\\\/\\\/www.nature-ride.be\\\/wp-content\\\/uploads\\\/2021\\\/02\\\/Nature-Ride-LOGO-2.png\",\"width\":2952,\"height\":1314,\"caption\":\"Nature-Ride\"},\"image\":{\"@id\":\"https:\\\/\\\/www.nature-ride.be\\\/#\\\/schema\\\/logo\\\/image\\\/\"},\"sameAs\":[\"https:\\\/\\\/www.facebook.com\\\/NatureRideShop\\\/\",\"https:\\\/\\\/www.instagram.com\\\/naturerideshop\\\/\"]}]}<\/script>\n<!-- \/ Yoast SEO plugin. -->","yoast_head_json":{"title":"Nature-Ride - Gozone Tropic Blue","description":"Avec le Tropic de Gozone vous pourrez glisser partout, m\u00eame dans les eaux tr\u00e8s peu profonde. \u00c0 vous les shuv-it et spins !","robots":{"index":"index","follow":"follow","max-snippet":"max-snippet:-1","max-image-preview":"max-image-preview:large","max-video-preview":"max-video-preview:-1"},"canonical":"https:\/\/www.nature-ride.be\/en\/boutique\/skimboard\/gozone-tropic-blue-skimboard\/","og_locale":"en_GB","og_type":"article","og_title":"Nature-Ride - Gozone Tropic Blue","og_description":"Avec le Tropic de Gozone vous pourrez glisser partout, m\u00eame dans les eaux tr\u00e8s peu profonde. \u00c0 vous les shuv-it et spins !","og_url":"https:\/\/www.nature-ride.be\/en\/boutique\/skimboard\/gozone-tropic-blue-skimboard\/","og_site_name":"Nature-Ride","article_publisher":"https:\/\/www.facebook.com\/NatureRideShop\/","article_modified_time":"2023-06-10T17:06:05+00:00","og_image":[{"width":900,"height":900,"url":"https:\/\/www.nature-ride.be\/wp-content\/uploads\/2023\/04\/Gozone-Tropic-1x1-1.png","type":"image\/png"}],"twitter_card":"summary_large_image","schema":{"@context":"https:\/\/schema.org","@graph":[{"@type":"WebPage","@id":"https:\/\/www.nature-ride.be\/boutique\/skimboard\/gozone-tropic-blue-skimboard\/","url":"https:\/\/www.nature-ride.be\/boutique\/skimboard\/gozone-tropic-blue-skimboard\/","name":"Nature-Ride - Gozone Tropic Blue","isPartOf":{"@id":"https:\/\/www.nature-ride.be\/#website"},"primaryImageOfPage":{"@id":"https:\/\/www.nature-ride.be\/boutique\/skimboard\/gozone-tropic-blue-skimboard\/#primaryimage"},"image":{"@id":"https:\/\/www.nature-ride.be\/boutique\/skimboard\/gozone-tropic-blue-skimboard\/#primaryimage"},"thumbnailUrl":"https:\/\/www.nature-ride.be\/wp-content\/uploads\/2023\/04\/Gozone-Tropic-1x1-1.png","datePublished":"2023-04-18T10:11:14+00:00","dateModified":"2023-06-10T17:06:05+00:00","description":"Avec le Tropic de Gozone vous pourrez glisser partout, m\u00eame dans les eaux tr\u00e8s peu profonde. \u00c0 vous les shuv-it et spins !","breadcrumb":{"@id":"https:\/\/www.nature-ride.be\/boutique\/skimboard\/gozone-tropic-blue-skimboard\/#breadcrumb"},"inLanguage":"en-GB","potentialAction":[{"@type":"ReadAction","target":["https:\/\/www.nature-ride.be\/boutique\/skimboard\/gozone-tropic-blue-skimboard\/"]}]},{"@type":"ImageObject","inLanguage":"en-GB","@id":"https:\/\/www.nature-ride.be\/boutique\/skimboard\/gozone-tropic-blue-skimboard\/#primaryimage","url":"https:\/\/www.nature-ride.be\/wp-content\/uploads\/2023\/04\/Gozone-Tropic-1x1-1.png","contentUrl":"https:\/\/www.nature-ride.be\/wp-content\/uploads\/2023\/04\/Gozone-Tropic-1x1-1.png","width":900,"height":900},{"@type":"BreadcrumbList","@id":"https:\/\/www.nature-ride.be\/boutique\/skimboard\/gozone-tropic-blue-skimboard\/#breadcrumb","itemListElement":[{"@type":"ListItem","position":1,"name":"Accueil","item":"https:\/\/www.nature-ride.be\/"},{"@type":"ListItem","position":2,"name":"Boutique","item":"https:\/\/www.nature-ride.be\/boutique\/"},{"@type":"ListItem","position":3,"name":"Gozone Tropic Blue"}]},{"@type":"WebSite","@id":"https:\/\/www.nature-ride.be\/#website","url":"https:\/\/www.nature-ride.be\/","name":"Nature-Ride","description":"Nature-Ride - Le site n\u00b01 du ride \u00e9cologique","publisher":{"@id":"https:\/\/www.nature-ride.be\/#organization"},"potentialAction":[{"@type":"SearchAction","target":{"@type":"EntryPoint","urlTemplate":"https:\/\/www.nature-ride.be\/?s={search_term_string}"},"query-input":{"@type":"PropertyValueSpecification","valueRequired":true,"valueName":"search_term_string"}}],"inLanguage":"en-GB"},{"@type":"Organization","@id":"https:\/\/www.nature-ride.be\/#organization","name":"Nature-Ride","url":"https:\/\/www.nature-ride.be\/","logo":{"@type":"ImageObject","inLanguage":"en-GB","@id":"https:\/\/www.nature-ride.be\/#\/schema\/logo\/image\/","url":"https:\/\/www.nature-ride.be\/wp-content\/uploads\/2021\/02\/Nature-Ride-LOGO-2.png","contentUrl":"https:\/\/www.nature-ride.be\/wp-content\/uploads\/2021\/02\/Nature-Ride-LOGO-2.png","width":2952,"height":1314,"caption":"Nature-Ride"},"image":{"@id":"https:\/\/www.nature-ride.be\/#\/schema\/logo\/image\/"},"sameAs":["https:\/\/www.facebook.com\/NatureRideShop\/","https:\/\/www.instagram.com\/naturerideshop\/"]}]}},"_links":{"self":[{"href":"https:\/\/www.nature-ride.be\/en\/wp-json\/wp\/v2\/product\/23086","targetHints":{"allow":["GET"]}}],"collection":[{"href":"https:\/\/www.nature-ride.be\/en\/wp-json\/wp\/v2\/product"}],"about":[{"href":"https:\/\/www.nature-ride.be\/en\/wp-json\/wp\/v2\/types\/product"}],"replies":[{"embeddable":true,"href":"https:\/\/www.nature-ride.be\/en\/wp-json\/wp\/v2\/comments?post=23086"}],"version-history":[{"count":21,"href":"https:\/\/www.nature-ride.be\/en\/wp-json\/wp\/v2\/product\/23086\/revisions"}],"predecessor-version":[{"id":23635,"href":"https:\/\/www.nature-ride.be\/en\/wp-json\/wp\/v2\/product\/23086\/revisions\/23635"}],"wp:featuredmedia":[{"embeddable":true,"href":"https:\/\/www.nature-ride.be\/en\/wp-json\/wp\/v2\/media\/23087"}],"wp:attachment":[{"href":"https:\/\/www.nature-ride.be\/en\/wp-json\/wp\/v2\/media?parent=23086"}],"wp:term":[{"taxonomy":"product_brand","embeddable":true,"href":"https:\/\/www.nature-ride.be\/en\/wp-json\/wp\/v2\/product_brand?post=23086"},{"taxonomy":"product_cat","embeddable":true,"href":"https:\/\/www.nature-ride.be\/en\/wp-json\/wp\/v2\/product_cat?post=23086"},{"taxonomy":"product_tag","embeddable":true,"href":"https:\/\/www.nature-ride.be\/en\/wp-json\/wp\/v2\/product_tag?post=23086"}],"curies":[{"name":"wp","href":"https:\/\/api.w.org\/{rel}","templated":true}]}}