{"id":19633,"date":"2022-04-27T16:26:20","date_gmt":"2022-04-27T16:26:20","guid":{"rendered":"https:\/\/www.nature-ride.be\/?post_type=product&#038;p=19633"},"modified":"2022-05-15T11:00:49","modified_gmt":"2022-05-15T11:00:49","slug":"andale-no-hate-we-skate-bearings","status":"publish","type":"product","link":"https:\/\/www.nature-ride.be\/en\/boutique\/skateboard\/roulements\/andale-no-hate-we-skate-bearings\/","title":{"rendered":"Andal\u00e9 No Hate We Skate Bearings"},"content":{"rendered":"<div data-elementor-type=\"product-post\" data-elementor-id=\"19633\" class=\"elementor elementor-19633\" data-elementor-post-type=\"product\">\n\t\t\t\t\t\t<section class=\"elementor-section elementor-top-section elementor-element elementor-element-c21bd49 elementor-section-boxed elementor-section-height-default elementor-section-height-default\" data-id=\"c21bd49\" data-element_type=\"section\" data-e-type=\"section\">\n\t\t\t\t\t\t<div class=\"elementor-container elementor-column-gap-default\">\n\t\t\t\t\t<div class=\"elementor-column elementor-col-100 elementor-top-column elementor-element elementor-element-f011f36\" data-id=\"f011f36\" data-element_type=\"column\" data-e-type=\"column\">\n\t\t\t<div class=\"elementor-widget-wrap elementor-element-populated\">\n\t\t\t\t\t\t<div class=\"elementor-element elementor-element-03c1d62 elementor-widget elementor-widget-heading\" data-id=\"03c1d62\" data-element_type=\"widget\" data-e-type=\"widget\" data-widget_type=\"heading.default\">\n\t\t\t\t<div class=\"elementor-widget-container\">\n\t\t\t\t\t<h2 class=\"elementor-heading-title elementor-size-default\">Andal\u00e9 No Hate We Skate, bearings for a good cause!<\/h2>\t\t\t\t<\/div>\n\t\t\t\t<\/div>\n\t\t\t\t\t<\/div>\n\t\t<\/div>\n\t\t\t\t\t<\/div>\n\t\t<\/section>\n\t\t\t\t<section class=\"elementor-section elementor-top-section elementor-element elementor-element-8e981a3 elementor-section-boxed elementor-section-height-default elementor-section-height-default\" data-id=\"8e981a3\" data-element_type=\"section\" data-e-type=\"section\">\n\t\t\t\t\t\t<div class=\"elementor-container elementor-column-gap-default\">\n\t\t\t\t\t<div class=\"elementor-column elementor-col-100 elementor-top-column elementor-element elementor-element-e038dd1\" data-id=\"e038dd1\" data-element_type=\"column\" data-e-type=\"column\">\n\t\t\t<div class=\"elementor-widget-wrap elementor-element-populated\">\n\t\t\t\t\t\t<div class=\"elementor-element elementor-element-791a66d elementor-widget elementor-widget-text-editor\" data-id=\"791a66d\" data-element_type=\"widget\" data-e-type=\"widget\" data-widget_type=\"text-editor.default\">\n\t\t\t\t<div class=\"elementor-widget-container\">\n\t\t\t\t\t\t\t\t\t<p style=\"text-align: left;\"><strong>A CELEBRATION OF THE LGBTQ+ COMMUNITY<\/strong><br \/>As riders, we share an identity, a culture and an experience. We are a community based on self-expression and pride ourselves on promoting social equality and inclusion of all races, genders and sexual identities. Andal\u00e9 Bearings has partnered with the Los Angeles LGBT Center to donate a portion of the proceeds to the LOS ANGELES LGBT CENTER to help LGBTQ+ homeless people in need.<\/p><p>Andal\u00e9 also donates a part of the profits to BLACK LIVES MATTER.<\/p><p><strong>Characteristics<\/strong><\/p><ul><li>Glass-filled nylon cage for durability<\/li><li>Pro Rated : tested and approved by the Andal\u00e9 team<\/li><li>G5 precision ball bearings for precise rolling and higher speed.<\/li><li>Precision machined bearings for maximum wear resistance.<\/li><li>Removable frictionless rubber shields for easy cleaning.<\/li><\/ul><p><strong>content: 8 bearings, 4 spacers<\/strong><\/p>\t\t\t\t\t\t\t\t<\/div>\n\t\t\t\t<\/div>\n\t\t\t\t\t<\/div>\n\t\t<\/div>\n\t\t\t\t\t<\/div>\n\t\t<\/section>\n\t\t\t\t<section class=\"elementor-section elementor-top-section elementor-element elementor-element-0644ff2 elementor-section-boxed elementor-section-height-default elementor-section-height-default\" data-id=\"0644ff2\" data-element_type=\"section\" data-e-type=\"section\">\n\t\t\t\t\t\t<div class=\"elementor-container elementor-column-gap-default\">\n\t\t\t\t\t<div class=\"elementor-column elementor-col-100 elementor-top-column elementor-element elementor-element-7ad09dd\" data-id=\"7ad09dd\" data-element_type=\"column\" data-e-type=\"column\">\n\t\t\t<div class=\"elementor-widget-wrap elementor-element-populated\">\n\t\t\t\t\t\t<div class=\"elementor-element elementor-element-529495c elementor-widget elementor-widget-gallery\" data-id=\"529495c\" data-element_type=\"widget\" data-e-type=\"widget\" data-settings=\"{&quot;columns&quot;:3,&quot;aspect_ratio&quot;:&quot;1:1&quot;,&quot;columns_mobile&quot;:2,&quot;lazyload&quot;:&quot;yes&quot;,&quot;gallery_layout&quot;:&quot;grid&quot;,&quot;columns_tablet&quot;:2,&quot;gap&quot;:{&quot;unit&quot;:&quot;px&quot;,&quot;size&quot;:10,&quot;sizes&quot;:[]},&quot;gap_tablet&quot;:{&quot;unit&quot;:&quot;px&quot;,&quot;size&quot;:10,&quot;sizes&quot;:[]},&quot;gap_mobile&quot;:{&quot;unit&quot;:&quot;px&quot;,&quot;size&quot;:10,&quot;sizes&quot;:[]},&quot;link_to&quot;:&quot;file&quot;,&quot;overlay_background&quot;:&quot;yes&quot;,&quot;content_hover_animation&quot;:&quot;fade-in&quot;}\" data-widget_type=\"gallery.default\">\n\t\t\t\t<div class=\"elementor-widget-container\">\n\t\t\t\t\t\t\t<div class=\"elementor-gallery__container\">\n\t\t\t\t\t\t\t<a class=\"e-gallery-item elementor-gallery-item elementor-animated-content\" href=\"https:\/\/www.nature-ride.be\/wp-content\/uploads\/2022\/04\/Andale-NoHateWeSkate-1x1-1-1.jpg\" data-elementor-open-lightbox=\"yes\" data-elementor-lightbox-slideshow=\"529495c\" data-elementor-lightbox-title=\"Andale NoHateWeSkate 1x1 1\" data-e-action-hash=\"#elementor-action%3Aaction%3Dlightbox%26settings%3DeyJpZCI6MTk2MzgsInVybCI6Imh0dHBzOlwvXC93d3cubmF0dXJlLXJpZGUuYmVcL3dwLWNvbnRlbnRcL3VwbG9hZHNcLzIwMjJcLzA0XC9BbmRhbGUtTm9IYXRlV2VTa2F0ZS0xeDEtMS0xLmpwZyIsInNsaWRlc2hvdyI6IjUyOTQ5NWMifQ%3D%3D\">\n\t\t\t\t\t<div class=\"e-gallery-image elementor-gallery-item__image\" data-thumbnail=\"https:\/\/www.nature-ride.be\/wp-content\/uploads\/2022\/04\/Andale-NoHateWeSkate-1x1-1-1.jpg\" data-width=\"1200\" data-height=\"1200\" aria-label=\"\" role=\"img\" ><\/div>\n\t\t\t\t\t\t\t\t\t\t\t<div class=\"elementor-gallery-item__overlay\"><\/div>\n\t\t\t\t\t\t\t\t\t\t\t\t\t\t<\/a>\n\t\t\t\t\t\t\t<a class=\"e-gallery-item elementor-gallery-item elementor-animated-content\" href=\"https:\/\/www.nature-ride.be\/wp-content\/uploads\/2022\/04\/Andale-NoHateWeSkate-1x1-2-1.jpg\" data-elementor-open-lightbox=\"yes\" data-elementor-lightbox-slideshow=\"529495c\" data-elementor-lightbox-title=\"Andale NoHateWeSkate 1x1 2\" data-e-action-hash=\"#elementor-action%3Aaction%3Dlightbox%26settings%3DeyJpZCI6MTk2MzksInVybCI6Imh0dHBzOlwvXC93d3cubmF0dXJlLXJpZGUuYmVcL3dwLWNvbnRlbnRcL3VwbG9hZHNcLzIwMjJcLzA0XC9BbmRhbGUtTm9IYXRlV2VTa2F0ZS0xeDEtMi0xLmpwZyIsInNsaWRlc2hvdyI6IjUyOTQ5NWMifQ%3D%3D\">\n\t\t\t\t\t<div class=\"e-gallery-image elementor-gallery-item__image\" data-thumbnail=\"https:\/\/www.nature-ride.be\/wp-content\/uploads\/2022\/04\/Andale-NoHateWeSkate-1x1-2-1.jpg\" data-width=\"1200\" data-height=\"1200\" aria-label=\"\" role=\"img\" ><\/div>\n\t\t\t\t\t\t\t\t\t\t\t<div class=\"elementor-gallery-item__overlay\"><\/div>\n\t\t\t\t\t\t\t\t\t\t\t\t\t\t<\/a>\n\t\t\t\t\t\t\t<a class=\"e-gallery-item elementor-gallery-item elementor-animated-content\" href=\"https:\/\/www.nature-ride.be\/wp-content\/uploads\/2022\/04\/Andale-NoHateWeSkate-1x1-3.jpg\" data-elementor-open-lightbox=\"yes\" data-elementor-lightbox-slideshow=\"529495c\" data-elementor-lightbox-title=\"Andale NoHateWeSkate 1x1 3\" data-e-action-hash=\"#elementor-action%3Aaction%3Dlightbox%26settings%3DeyJpZCI6MTk2MzYsInVybCI6Imh0dHBzOlwvXC93d3cubmF0dXJlLXJpZGUuYmVcL3dwLWNvbnRlbnRcL3VwbG9hZHNcLzIwMjJcLzA0XC9BbmRhbGUtTm9IYXRlV2VTa2F0ZS0xeDEtMy5qcGciLCJzbGlkZXNob3ciOiI1Mjk0OTVjIn0%3D\">\n\t\t\t\t\t<div class=\"e-gallery-image elementor-gallery-item__image\" data-thumbnail=\"https:\/\/www.nature-ride.be\/wp-content\/uploads\/2022\/04\/Andale-NoHateWeSkate-1x1-3.jpg\" data-width=\"1200\" data-height=\"1200\" aria-label=\"\" role=\"img\" ><\/div>\n\t\t\t\t\t\t\t\t\t\t\t<div class=\"elementor-gallery-item__overlay\"><\/div>\n\t\t\t\t\t\t\t\t\t\t\t\t\t\t<\/a>\n\t\t\t\t\t<\/div>\n\t\t\t\t\t<\/div>\n\t\t\t\t<\/div>\n\t\t\t\t\t<\/div>\n\t\t<\/div>\n\t\t\t\t\t<\/div>\n\t\t<\/section>\n\t\t\t\t<section class=\"elementor-section elementor-top-section elementor-element elementor-element-78c610e elementor-section-boxed elementor-section-height-default elementor-section-height-default\" data-id=\"78c610e\" data-element_type=\"section\" data-e-type=\"section\">\n\t\t\t\t\t\t<div class=\"elementor-container elementor-column-gap-default\">\n\t\t\t\t\t<div class=\"elementor-column elementor-col-100 elementor-top-column elementor-element elementor-element-7023ec2\" data-id=\"7023ec2\" data-element_type=\"column\" data-e-type=\"column\">\n\t\t\t<div class=\"elementor-widget-wrap elementor-element-populated\">\n\t\t\t\t\t\t<div class=\"elementor-element elementor-element-66a9f84 elementor-widget elementor-widget-video\" data-id=\"66a9f84\" data-element_type=\"widget\" data-e-type=\"widget\" data-settings=\"{&quot;youtube_url&quot;:&quot;https:\\\/\\\/www.youtube.com\\\/watch?v=odo_GK0N9Fg&quot;,&quot;video_type&quot;:&quot;youtube&quot;,&quot;controls&quot;:&quot;yes&quot;}\" data-widget_type=\"video.default\">\n\t\t\t\t<div class=\"elementor-widget-container\">\n\t\t\t\t\t\t\t<div class=\"elementor-wrapper elementor-open-inline\">\n\t\t\t<div class=\"elementor-video\"><\/div>\t\t<\/div>\n\t\t\t\t\t\t<\/div>\n\t\t\t\t<\/div>\n\t\t\t\t\t<\/div>\n\t\t<\/div>\n\t\t\t\t\t<\/div>\n\t\t<\/section>\n\t\t\t\t<\/div>","protected":false},"excerpt":{"rendered":"<p><a href=\"https:\/\/www.nature-ride.be\/en\/andale-presentation\/\"><img decoding=\"async\" class=\"alignnone wp-image-5478 lazyload\" data-src=\"https:\/\/www.nature-ride.be\/wp-content\/uploads\/2021\/11\/Andale_Bearings_Blue_Logo_2020-300x92.png\" alt=\"\" width=\"200\" height=\"61\" data-srcset=\"https:\/\/www.nature-ride.be\/wp-content\/uploads\/2021\/11\/Andale_Bearings_Blue_Logo_2020-300x92.png 300w, https:\/\/www.nature-ride.be\/wp-content\/uploads\/2021\/11\/Andale_Bearings_Blue_Logo_2020-18x6.png 18w, https:\/\/www.nature-ride.be\/wp-content\/uploads\/2021\/11\/Andale_Bearings_Blue_Logo_2020.png 350w\" data-sizes=\"(max-width: 200px) 100vw, 200px\" src=\"data:image\/svg+xml;base64,PHN2ZyB3aWR0aD0iMSIgaGVpZ2h0PSIxIiB4bWxucz0iaHR0cDovL3d3dy53My5vcmcvMjAwMC9zdmciPjwvc3ZnPg==\" style=\"--smush-placeholder-width: 200px; --smush-placeholder-aspect-ratio: 200\/61;\" \/><\/a><\/p>","protected":false},"featured_media":19634,"comment_status":"open","ping_status":"closed","template":"","meta":{"_monsterinsights_skip_tracking":false,"_monsterinsights_sitenote_active":false,"_monsterinsights_sitenote_note":"","_monsterinsights_sitenote_category":0,"site-sidebar-layout":"left-sidebar","site-content-layout":"page-builder","ast-site-content-layout":"default","site-content-style":"default","site-sidebar-style":"default","ast-global-header-display":"","ast-banner-title-visibility":"","ast-main-header-display":"","ast-hfb-above-header-display":"","ast-hfb-below-header-display":"","ast-hfb-mobile-header-display":"","site-post-title":"disabled","ast-breadcrumbs-content":"","ast-featured-img":"disabled","footer-sml-layout":"","ast-disable-related-posts":"","theme-transparent-header-meta":"default","adv-header-id-meta":"","stick-header-meta":"","header-above-stick-meta":"","header-main-stick-meta":"","header-below-stick-meta":"","astra-migrate-meta-layouts":"default","ast-page-background-enabled":"default","ast-page-background-meta":{"desktop":{"background-color":"","background-image":"","background-repeat":"repeat","background-position":"center center","background-size":"auto","background-attachment":"scroll","background-type":"","background-media":"","overlay-type":"","overlay-color":"","overlay-opacity":"","overlay-gradient":""},"tablet":{"background-color":"","background-image":"","background-repeat":"repeat","background-position":"center center","background-size":"auto","background-attachment":"scroll","background-type":"","background-media":"","overlay-type":"","overlay-color":"","overlay-opacity":"","overlay-gradient":""},"mobile":{"background-color":"","background-image":"","background-repeat":"repeat","background-position":"center center","background-size":"auto","background-attachment":"scroll","background-type":"","background-media":"","overlay-type":"","overlay-color":"","overlay-opacity":"","overlay-gradient":""}},"ast-content-background-meta":{"desktop":{"background-color":"var(--ast-global-color-5)","background-image":"","background-repeat":"repeat","background-position":"center center","background-size":"auto","background-attachment":"scroll","background-type":"","background-media":"","overlay-type":"","overlay-color":"","overlay-opacity":"","overlay-gradient":""},"tablet":{"background-color":"var(--ast-global-color-5)","background-image":"","background-repeat":"repeat","background-position":"center center","background-size":"auto","background-attachment":"scroll","background-type":"","background-media":"","overlay-type":"","overlay-color":"","overlay-opacity":"","overlay-gradient":""},"mobile":{"background-color":"var(--ast-global-color-5)","background-image":"","background-repeat":"repeat","background-position":"center center","background-size":"auto","background-attachment":"scroll","background-type":"","background-media":"","overlay-type":"","overlay-color":"","overlay-opacity":"","overlay-gradient":""}}},"product_brand":[185],"product_cat":[136,16],"product_tag":[],"class_list":{"0":"post-19633","1":"product","2":"type-product","3":"status-publish","4":"has-post-thumbnail","6":"product_brand-andale","7":"product_cat-roulements","8":"product_cat-skateboard","9":"desktop-align-left","10":"tablet-align-left","11":"mobile-align-center","13":"first","14":"outofstock","15":"taxable","16":"shipping-taxable","17":"purchasable","18":"product-type-simple"},"yoast_head":"<!-- This site is optimized with the Yoast SEO plugin v27.5 - https:\/\/yoast.com\/product\/yoast-seo-wordpress\/ -->\n<title>Nature-Ride - Andal\u00e9 No Hate We Skate Bearings<\/title>\n<meta name=\"description\" content=\"Retrouvez la gamme de roulements skate Andal\u00e9 Bearings sur Nature-Ride! Des pi\u00e8ces test\u00e9es et approuv\u00e9es par les riders.\" \/>\n<meta name=\"robots\" content=\"index, follow, max-snippet:-1, max-image-preview:large, max-video-preview:-1\" \/>\n<link rel=\"canonical\" href=\"https:\/\/www.nature-ride.be\/en\/boutique\/skateboard\/roulements\/andale-no-hate-we-skate-bearings\/\" \/>\n<meta property=\"og:locale\" content=\"en_GB\" \/>\n<meta property=\"og:type\" content=\"article\" \/>\n<meta property=\"og:title\" content=\"Nature-Ride - Andal\u00e9 No Hate We Skate Bearings\" \/>\n<meta property=\"og:description\" content=\"Retrouvez la gamme de roulements skate Andal\u00e9 Bearings sur Nature-Ride! Des pi\u00e8ces test\u00e9es et approuv\u00e9es par les riders.\" \/>\n<meta property=\"og:url\" content=\"https:\/\/www.nature-ride.be\/en\/boutique\/skateboard\/roulements\/andale-no-hate-we-skate-bearings\/\" \/>\n<meta property=\"og:site_name\" content=\"Nature-Ride\" \/>\n<meta property=\"article:publisher\" content=\"https:\/\/www.facebook.com\/NatureRideShop\/\" \/>\n<meta property=\"article:modified_time\" content=\"2022-05-15T11:00:49+00:00\" \/>\n<meta property=\"og:image\" content=\"https:\/\/www.nature-ride.be\/wp-content\/uploads\/2022\/04\/Andale-NoHateWeSkate-1x1-1.jpg\" \/>\n\t<meta property=\"og:image:width\" content=\"1200\" \/>\n\t<meta property=\"og:image:height\" content=\"1200\" \/>\n\t<meta property=\"og:image:type\" content=\"image\/jpeg\" \/>\n<meta name=\"twitter:card\" content=\"summary_large_image\" \/>\n<script type=\"application\/ld+json\" class=\"yoast-schema-graph\">{\"@context\":\"https:\\\/\\\/schema.org\",\"@graph\":[{\"@type\":\"WebPage\",\"@id\":\"https:\\\/\\\/www.nature-ride.be\\\/boutique\\\/skateboard\\\/roulements\\\/andale-no-hate-we-skate-bearings\\\/\",\"url\":\"https:\\\/\\\/www.nature-ride.be\\\/boutique\\\/skateboard\\\/roulements\\\/andale-no-hate-we-skate-bearings\\\/\",\"name\":\"Nature-Ride - Andal\u00e9 No Hate We Skate Bearings\",\"isPartOf\":{\"@id\":\"https:\\\/\\\/www.nature-ride.be\\\/#website\"},\"primaryImageOfPage\":{\"@id\":\"https:\\\/\\\/www.nature-ride.be\\\/boutique\\\/skateboard\\\/roulements\\\/andale-no-hate-we-skate-bearings\\\/#primaryimage\"},\"image\":{\"@id\":\"https:\\\/\\\/www.nature-ride.be\\\/boutique\\\/skateboard\\\/roulements\\\/andale-no-hate-we-skate-bearings\\\/#primaryimage\"},\"thumbnailUrl\":\"https:\\\/\\\/www.nature-ride.be\\\/wp-content\\\/uploads\\\/2022\\\/04\\\/Andale-NoHateWeSkate-1x1-1.jpg\",\"datePublished\":\"2022-04-27T16:26:20+00:00\",\"dateModified\":\"2022-05-15T11:00:49+00:00\",\"description\":\"Retrouvez la gamme de roulements skate Andal\u00e9 Bearings sur Nature-Ride! Des pi\u00e8ces test\u00e9es et approuv\u00e9es par les riders.\",\"breadcrumb\":{\"@id\":\"https:\\\/\\\/www.nature-ride.be\\\/boutique\\\/skateboard\\\/roulements\\\/andale-no-hate-we-skate-bearings\\\/#breadcrumb\"},\"inLanguage\":\"en-GB\",\"potentialAction\":[{\"@type\":\"ReadAction\",\"target\":[\"https:\\\/\\\/www.nature-ride.be\\\/boutique\\\/skateboard\\\/roulements\\\/andale-no-hate-we-skate-bearings\\\/\"]}]},{\"@type\":\"ImageObject\",\"inLanguage\":\"en-GB\",\"@id\":\"https:\\\/\\\/www.nature-ride.be\\\/boutique\\\/skateboard\\\/roulements\\\/andale-no-hate-we-skate-bearings\\\/#primaryimage\",\"url\":\"https:\\\/\\\/www.nature-ride.be\\\/wp-content\\\/uploads\\\/2022\\\/04\\\/Andale-NoHateWeSkate-1x1-1.jpg\",\"contentUrl\":\"https:\\\/\\\/www.nature-ride.be\\\/wp-content\\\/uploads\\\/2022\\\/04\\\/Andale-NoHateWeSkate-1x1-1.jpg\",\"width\":1200,\"height\":1200},{\"@type\":\"BreadcrumbList\",\"@id\":\"https:\\\/\\\/www.nature-ride.be\\\/boutique\\\/skateboard\\\/roulements\\\/andale-no-hate-we-skate-bearings\\\/#breadcrumb\",\"itemListElement\":[{\"@type\":\"ListItem\",\"position\":1,\"name\":\"Accueil\",\"item\":\"https:\\\/\\\/www.nature-ride.be\\\/\"},{\"@type\":\"ListItem\",\"position\":2,\"name\":\"Boutique\",\"item\":\"https:\\\/\\\/www.nature-ride.be\\\/boutique\\\/\"},{\"@type\":\"ListItem\",\"position\":3,\"name\":\"Andal\u00e9 No Hate We Skate Bearings\"}]},{\"@type\":\"WebSite\",\"@id\":\"https:\\\/\\\/www.nature-ride.be\\\/#website\",\"url\":\"https:\\\/\\\/www.nature-ride.be\\\/\",\"name\":\"Nature-Ride\",\"description\":\"Nature-Ride - Le site n\u00b01 du ride \u00e9cologique\",\"publisher\":{\"@id\":\"https:\\\/\\\/www.nature-ride.be\\\/#organization\"},\"potentialAction\":[{\"@type\":\"SearchAction\",\"target\":{\"@type\":\"EntryPoint\",\"urlTemplate\":\"https:\\\/\\\/www.nature-ride.be\\\/?s={search_term_string}\"},\"query-input\":{\"@type\":\"PropertyValueSpecification\",\"valueRequired\":true,\"valueName\":\"search_term_string\"}}],\"inLanguage\":\"en-GB\"},{\"@type\":\"Organization\",\"@id\":\"https:\\\/\\\/www.nature-ride.be\\\/#organization\",\"name\":\"Nature-Ride\",\"url\":\"https:\\\/\\\/www.nature-ride.be\\\/\",\"logo\":{\"@type\":\"ImageObject\",\"inLanguage\":\"en-GB\",\"@id\":\"https:\\\/\\\/www.nature-ride.be\\\/#\\\/schema\\\/logo\\\/image\\\/\",\"url\":\"https:\\\/\\\/www.nature-ride.be\\\/wp-content\\\/uploads\\\/2021\\\/02\\\/Nature-Ride-LOGO-2.png\",\"contentUrl\":\"https:\\\/\\\/www.nature-ride.be\\\/wp-content\\\/uploads\\\/2021\\\/02\\\/Nature-Ride-LOGO-2.png\",\"width\":2952,\"height\":1314,\"caption\":\"Nature-Ride\"},\"image\":{\"@id\":\"https:\\\/\\\/www.nature-ride.be\\\/#\\\/schema\\\/logo\\\/image\\\/\"},\"sameAs\":[\"https:\\\/\\\/www.facebook.com\\\/NatureRideShop\\\/\",\"https:\\\/\\\/www.instagram.com\\\/naturerideshop\\\/\"]}]}<\/script>\n<!-- \/ Yoast SEO plugin. -->","yoast_head_json":{"title":"Nature-Ride - Andal\u00e9 No Hate We Skate Bearings","description":"Retrouvez la gamme de roulements skate Andal\u00e9 Bearings sur Nature-Ride! Des pi\u00e8ces test\u00e9es et approuv\u00e9es par les riders.","robots":{"index":"index","follow":"follow","max-snippet":"max-snippet:-1","max-image-preview":"max-image-preview:large","max-video-preview":"max-video-preview:-1"},"canonical":"https:\/\/www.nature-ride.be\/en\/boutique\/skateboard\/roulements\/andale-no-hate-we-skate-bearings\/","og_locale":"en_GB","og_type":"article","og_title":"Nature-Ride - Andal\u00e9 No Hate We Skate Bearings","og_description":"Retrouvez la gamme de roulements skate Andal\u00e9 Bearings sur Nature-Ride! Des pi\u00e8ces test\u00e9es et approuv\u00e9es par les riders.","og_url":"https:\/\/www.nature-ride.be\/en\/boutique\/skateboard\/roulements\/andale-no-hate-we-skate-bearings\/","og_site_name":"Nature-Ride","article_publisher":"https:\/\/www.facebook.com\/NatureRideShop\/","article_modified_time":"2022-05-15T11:00:49+00:00","og_image":[{"width":1200,"height":1200,"url":"https:\/\/www.nature-ride.be\/wp-content\/uploads\/2022\/04\/Andale-NoHateWeSkate-1x1-1.jpg","type":"image\/jpeg"}],"twitter_card":"summary_large_image","schema":{"@context":"https:\/\/schema.org","@graph":[{"@type":"WebPage","@id":"https:\/\/www.nature-ride.be\/boutique\/skateboard\/roulements\/andale-no-hate-we-skate-bearings\/","url":"https:\/\/www.nature-ride.be\/boutique\/skateboard\/roulements\/andale-no-hate-we-skate-bearings\/","name":"Nature-Ride - Andal\u00e9 No Hate We Skate Bearings","isPartOf":{"@id":"https:\/\/www.nature-ride.be\/#website"},"primaryImageOfPage":{"@id":"https:\/\/www.nature-ride.be\/boutique\/skateboard\/roulements\/andale-no-hate-we-skate-bearings\/#primaryimage"},"image":{"@id":"https:\/\/www.nature-ride.be\/boutique\/skateboard\/roulements\/andale-no-hate-we-skate-bearings\/#primaryimage"},"thumbnailUrl":"https:\/\/www.nature-ride.be\/wp-content\/uploads\/2022\/04\/Andale-NoHateWeSkate-1x1-1.jpg","datePublished":"2022-04-27T16:26:20+00:00","dateModified":"2022-05-15T11:00:49+00:00","description":"Retrouvez la gamme de roulements skate Andal\u00e9 Bearings sur Nature-Ride! Des pi\u00e8ces test\u00e9es et approuv\u00e9es par les riders.","breadcrumb":{"@id":"https:\/\/www.nature-ride.be\/boutique\/skateboard\/roulements\/andale-no-hate-we-skate-bearings\/#breadcrumb"},"inLanguage":"en-GB","potentialAction":[{"@type":"ReadAction","target":["https:\/\/www.nature-ride.be\/boutique\/skateboard\/roulements\/andale-no-hate-we-skate-bearings\/"]}]},{"@type":"ImageObject","inLanguage":"en-GB","@id":"https:\/\/www.nature-ride.be\/boutique\/skateboard\/roulements\/andale-no-hate-we-skate-bearings\/#primaryimage","url":"https:\/\/www.nature-ride.be\/wp-content\/uploads\/2022\/04\/Andale-NoHateWeSkate-1x1-1.jpg","contentUrl":"https:\/\/www.nature-ride.be\/wp-content\/uploads\/2022\/04\/Andale-NoHateWeSkate-1x1-1.jpg","width":1200,"height":1200},{"@type":"BreadcrumbList","@id":"https:\/\/www.nature-ride.be\/boutique\/skateboard\/roulements\/andale-no-hate-we-skate-bearings\/#breadcrumb","itemListElement":[{"@type":"ListItem","position":1,"name":"Accueil","item":"https:\/\/www.nature-ride.be\/"},{"@type":"ListItem","position":2,"name":"Boutique","item":"https:\/\/www.nature-ride.be\/boutique\/"},{"@type":"ListItem","position":3,"name":"Andal\u00e9 No Hate We Skate Bearings"}]},{"@type":"WebSite","@id":"https:\/\/www.nature-ride.be\/#website","url":"https:\/\/www.nature-ride.be\/","name":"Nature-Ride","description":"Nature-Ride - Le site n\u00b01 du ride \u00e9cologique","publisher":{"@id":"https:\/\/www.nature-ride.be\/#organization"},"potentialAction":[{"@type":"SearchAction","target":{"@type":"EntryPoint","urlTemplate":"https:\/\/www.nature-ride.be\/?s={search_term_string}"},"query-input":{"@type":"PropertyValueSpecification","valueRequired":true,"valueName":"search_term_string"}}],"inLanguage":"en-GB"},{"@type":"Organization","@id":"https:\/\/www.nature-ride.be\/#organization","name":"Nature-Ride","url":"https:\/\/www.nature-ride.be\/","logo":{"@type":"ImageObject","inLanguage":"en-GB","@id":"https:\/\/www.nature-ride.be\/#\/schema\/logo\/image\/","url":"https:\/\/www.nature-ride.be\/wp-content\/uploads\/2021\/02\/Nature-Ride-LOGO-2.png","contentUrl":"https:\/\/www.nature-ride.be\/wp-content\/uploads\/2021\/02\/Nature-Ride-LOGO-2.png","width":2952,"height":1314,"caption":"Nature-Ride"},"image":{"@id":"https:\/\/www.nature-ride.be\/#\/schema\/logo\/image\/"},"sameAs":["https:\/\/www.facebook.com\/NatureRideShop\/","https:\/\/www.instagram.com\/naturerideshop\/"]}]}},"_links":{"self":[{"href":"https:\/\/www.nature-ride.be\/en\/wp-json\/wp\/v2\/product\/19633","targetHints":{"allow":["GET"]}}],"collection":[{"href":"https:\/\/www.nature-ride.be\/en\/wp-json\/wp\/v2\/product"}],"about":[{"href":"https:\/\/www.nature-ride.be\/en\/wp-json\/wp\/v2\/types\/product"}],"replies":[{"embeddable":true,"href":"https:\/\/www.nature-ride.be\/en\/wp-json\/wp\/v2\/comments?post=19633"}],"version-history":[{"count":25,"href":"https:\/\/www.nature-ride.be\/en\/wp-json\/wp\/v2\/product\/19633\/revisions"}],"predecessor-version":[{"id":19915,"href":"https:\/\/www.nature-ride.be\/en\/wp-json\/wp\/v2\/product\/19633\/revisions\/19915"}],"wp:featuredmedia":[{"embeddable":true,"href":"https:\/\/www.nature-ride.be\/en\/wp-json\/wp\/v2\/media\/19634"}],"wp:attachment":[{"href":"https:\/\/www.nature-ride.be\/en\/wp-json\/wp\/v2\/media?parent=19633"}],"wp:term":[{"taxonomy":"product_brand","embeddable":true,"href":"https:\/\/www.nature-ride.be\/en\/wp-json\/wp\/v2\/product_brand?post=19633"},{"taxonomy":"product_cat","embeddable":true,"href":"https:\/\/www.nature-ride.be\/en\/wp-json\/wp\/v2\/product_cat?post=19633"},{"taxonomy":"product_tag","embeddable":true,"href":"https:\/\/www.nature-ride.be\/en\/wp-json\/wp\/v2\/product_tag?post=19633"}],"curies":[{"name":"wp","href":"https:\/\/api.w.org\/{rel}","templated":true}]}}