{"id":19346,"date":"2022-04-21T12:09:02","date_gmt":"2022-04-21T12:09:02","guid":{"rendered":"https:\/\/www.nature-ride.be\/?post_type=product&#038;p=19346"},"modified":"2022-09-01T02:31:32","modified_gmt":"2022-09-01T02:31:32","slug":"sooruz-ground-blue-men","status":"publish","type":"product","link":"https:\/\/www.nature-ride.be\/en\/boutique\/wakeboards\/protections-wakeboards\/impact-vestes\/sooruz-ground-blue-men\/","title":{"rendered":"So\u00f6ruz Ground Blue Men"},"content":{"rendered":"<div data-elementor-type=\"product-post\" data-elementor-id=\"19346\" class=\"elementor elementor-19346\" data-elementor-post-type=\"product\">\n\t\t\t\t\t\t<section class=\"elementor-section elementor-top-section elementor-element elementor-element-6da44d7 elementor-section-boxed elementor-section-height-default elementor-section-height-default\" data-id=\"6da44d7\" data-element_type=\"section\" data-e-type=\"section\">\n\t\t\t\t\t\t<div class=\"elementor-container elementor-column-gap-default\">\n\t\t\t\t\t<div class=\"elementor-column elementor-col-100 elementor-top-column elementor-element elementor-element-0e4c481\" data-id=\"0e4c481\" data-element_type=\"column\" data-e-type=\"column\">\n\t\t\t<div class=\"elementor-widget-wrap elementor-element-populated\">\n\t\t\t\t\t\t<div class=\"elementor-element elementor-element-fc2287b elementor-widget elementor-widget-heading\" data-id=\"fc2287b\" data-element_type=\"widget\" data-e-type=\"widget\" data-widget_type=\"heading.default\">\n\t\t\t\t<div class=\"elementor-widget-container\">\n\t\t\t\t\t<h2 class=\"elementor-heading-title elementor-size-default\">Impact So\u00f6ruz Ground Blue Men<\/h2>\t\t\t\t<\/div>\n\t\t\t\t<\/div>\n\t\t\t\t<div class=\"elementor-element elementor-element-5acf5d7 elementor-widget elementor-widget-text-editor\" data-id=\"5acf5d7\" data-element_type=\"widget\" data-e-type=\"widget\" data-widget_type=\"text-editor.default\">\n\t\t\t\t<div class=\"elementor-widget-container\">\n\t\t\t\t\t\t\t\t\t<p>The GROUND wakeboard impact vest is developed together with the So\u00f6ruz riders as an additional outfit &amp; not only as a protection.<\/p><p><strong>Characteristics:\u00a0<\/strong><br \/>- Thinner for more comfort<br \/>- Protection of the ribs and spine with a specific foam arrangement<br \/>- The shoulders are covered with a \"thick velvet\" effect fabric, a relief that differentiates the impact vest with class.<br \/>- The rest of the waistcoat is made of Heavy Duty fabric, which is very durable and flexible. <br \/>- Patch woven on the heart <br \/>- High-quality motif printing<\/p><p><b>Eco-responsibility :<\/b><br \/>- PVC-free foam<br \/>- Recycled polyester interior fabrics<br \/>- Neoprene limestone<br \/>- Water-based adhesive for fabric lamination<\/p>\t\t\t\t\t\t\t\t<\/div>\n\t\t\t\t<\/div>\n\t\t\t\t\t<\/div>\n\t\t<\/div>\n\t\t\t\t\t<\/div>\n\t\t<\/section>\n\t\t\t\t<section class=\"elementor-section elementor-top-section elementor-element elementor-element-a7851c2 elementor-section-boxed elementor-section-height-default elementor-section-height-default\" data-id=\"a7851c2\" data-element_type=\"section\" data-e-type=\"section\">\n\t\t\t\t\t\t<div class=\"elementor-container elementor-column-gap-default\">\n\t\t\t\t\t<div class=\"elementor-column elementor-col-100 elementor-top-column elementor-element elementor-element-b1fe42a\" data-id=\"b1fe42a\" data-element_type=\"column\" data-e-type=\"column\">\n\t\t\t<div class=\"elementor-widget-wrap elementor-element-populated\">\n\t\t\t\t\t\t<div class=\"elementor-element elementor-element-d7283c1 elementor-widget elementor-widget-gallery\" data-id=\"d7283c1\" data-element_type=\"widget\" data-e-type=\"widget\" data-settings=\"{&quot;aspect_ratio&quot;:&quot;1:1&quot;,&quot;columns_mobile&quot;:3,&quot;columns&quot;:3,&quot;lazyload&quot;:&quot;yes&quot;,&quot;gallery_layout&quot;:&quot;grid&quot;,&quot;columns_tablet&quot;:2,&quot;gap&quot;:{&quot;unit&quot;:&quot;px&quot;,&quot;size&quot;:10,&quot;sizes&quot;:[]},&quot;gap_tablet&quot;:{&quot;unit&quot;:&quot;px&quot;,&quot;size&quot;:10,&quot;sizes&quot;:[]},&quot;gap_mobile&quot;:{&quot;unit&quot;:&quot;px&quot;,&quot;size&quot;:10,&quot;sizes&quot;:[]},&quot;link_to&quot;:&quot;file&quot;,&quot;overlay_background&quot;:&quot;yes&quot;,&quot;content_hover_animation&quot;:&quot;fade-in&quot;}\" data-widget_type=\"gallery.default\">\n\t\t\t\t<div class=\"elementor-widget-container\">\n\t\t\t\t\t\t\t<div class=\"elementor-gallery__container\">\n\t\t\t\t\t\t\t<a class=\"e-gallery-item elementor-gallery-item elementor-animated-content\" href=\"https:\/\/www.nature-ride.be\/wp-content\/uploads\/2022\/04\/Sooruz-Ground-Blue-Men-1x1-1.jpg\" data-elementor-open-lightbox=\"yes\" data-elementor-lightbox-slideshow=\"d7283c1\" data-elementor-lightbox-title=\"Sooruz Ground Blue Men 1x1 1\" data-e-action-hash=\"#elementor-action%3Aaction%3Dlightbox%26settings%3DeyJpZCI6MTkzNjMsInVybCI6Imh0dHBzOlwvXC93d3cubmF0dXJlLXJpZGUuYmVcL3dwLWNvbnRlbnRcL3VwbG9hZHNcLzIwMjJcLzA0XC9Tb29ydXotR3JvdW5kLUJsdWUtTWVuLTF4MS0xLmpwZyIsInNsaWRlc2hvdyI6ImQ3MjgzYzEifQ%3D%3D\">\n\t\t\t\t\t<div class=\"e-gallery-image elementor-gallery-item__image\" data-thumbnail=\"https:\/\/www.nature-ride.be\/wp-content\/uploads\/2022\/04\/Sooruz-Ground-Blue-Men-1x1-1.jpg\" data-width=\"1400\" data-height=\"1400\" aria-label=\"\" role=\"img\" ><\/div>\n\t\t\t\t\t\t\t\t\t\t\t<div class=\"elementor-gallery-item__overlay\"><\/div>\n\t\t\t\t\t\t\t\t\t\t\t\t\t\t<\/a>\n\t\t\t\t\t<\/div>\n\t\t\t\t\t<\/div>\n\t\t\t\t<\/div>\n\t\t\t\t\t<\/div>\n\t\t<\/div>\n\t\t\t\t\t<\/div>\n\t\t<\/section>\n\t\t\t\t<section class=\"elementor-section elementor-top-section elementor-element elementor-element-04953c8 elementor-section-boxed elementor-section-height-default elementor-section-height-default\" data-id=\"04953c8\" data-element_type=\"section\" data-e-type=\"section\">\n\t\t\t\t\t\t<div class=\"elementor-container elementor-column-gap-default\">\n\t\t\t\t\t<div class=\"elementor-column elementor-col-100 elementor-top-column elementor-element elementor-element-532d56d\" data-id=\"532d56d\" data-element_type=\"column\" data-e-type=\"column\">\n\t\t\t<div class=\"elementor-widget-wrap elementor-element-populated\">\n\t\t\t\t\t\t<div class=\"elementor-element elementor-element-68d95db elementor-widget elementor-widget-image\" data-id=\"68d95db\" data-element_type=\"widget\" data-e-type=\"widget\" data-widget_type=\"image.default\">\n\t\t\t\t<div class=\"elementor-widget-container\">\n\t\t\t\t\t\t\t\t\t\t\t\t\t\t\t<img fetchpriority=\"high\" decoding=\"async\" width=\"1342\" height=\"733\" src=\"https:\/\/www.nature-ride.be\/wp-content\/uploads\/2022\/01\/Sooruz-guide-de-taille.jpg\" class=\"attachment-full size-full wp-image-6882\" alt=\"\" srcset=\"https:\/\/www.nature-ride.be\/wp-content\/uploads\/2022\/01\/Sooruz-guide-de-taille.jpg 1342w, https:\/\/www.nature-ride.be\/wp-content\/uploads\/2022\/01\/Sooruz-guide-de-taille-600x328.jpg 600w, https:\/\/www.nature-ride.be\/wp-content\/uploads\/2022\/01\/Sooruz-guide-de-taille-300x164.jpg 300w, https:\/\/www.nature-ride.be\/wp-content\/uploads\/2022\/01\/Sooruz-guide-de-taille-1024x559.jpg 1024w, https:\/\/www.nature-ride.be\/wp-content\/uploads\/2022\/01\/Sooruz-guide-de-taille-768x419.jpg 768w, https:\/\/www.nature-ride.be\/wp-content\/uploads\/2022\/01\/Sooruz-guide-de-taille-18x10.jpg 18w\" sizes=\"(max-width: 1342px) 100vw, 1342px\" \/>\t\t\t\t\t\t\t\t\t\t\t\t\t\t\t<\/div>\n\t\t\t\t<\/div>\n\t\t\t\t\t<\/div>\n\t\t<\/div>\n\t\t\t\t\t<\/div>\n\t\t<\/section>\n\t\t\t\t<\/div>","protected":false},"excerpt":{"rendered":"<p><a href=\"https:\/\/www.nature-ride.be\/en\/sooruz-presentation\/\"><img decoding=\"async\" class=\"alignnone wp-image-6254 lazyload\" data-src=\"https:\/\/www.nature-ride.be\/wp-content\/uploads\/2021\/12\/logo.png\" alt=\"\" width=\"200\" height=\"151\" data-srcset=\"https:\/\/www.nature-ride.be\/wp-content\/uploads\/2021\/12\/logo.png 258w, https:\/\/www.nature-ride.be\/wp-content\/uploads\/2021\/12\/logo-16x12.png 16w\" data-sizes=\"(max-width: 200px) 100vw, 200px\" src=\"data:image\/svg+xml;base64,PHN2ZyB3aWR0aD0iMSIgaGVpZ2h0PSIxIiB4bWxucz0iaHR0cDovL3d3dy53My5vcmcvMjAwMC9zdmciPjwvc3ZnPg==\" style=\"--smush-placeholder-width: 200px; --smush-placeholder-aspect-ratio: 200\/151;\" \/><\/a><\/p>","protected":false},"featured_media":19363,"comment_status":"open","ping_status":"closed","template":"","meta":{"_monsterinsights_skip_tracking":false,"_monsterinsights_sitenote_active":false,"_monsterinsights_sitenote_note":"","_monsterinsights_sitenote_category":0,"site-sidebar-layout":"left-sidebar","site-content-layout":"page-builder","ast-site-content-layout":"default","site-content-style":"default","site-sidebar-style":"default","ast-global-header-display":"","ast-banner-title-visibility":"","ast-main-header-display":"","ast-hfb-above-header-display":"","ast-hfb-below-header-display":"","ast-hfb-mobile-header-display":"","site-post-title":"disabled","ast-breadcrumbs-content":"","ast-featured-img":"disabled","footer-sml-layout":"","ast-disable-related-posts":"","theme-transparent-header-meta":"default","adv-header-id-meta":"","stick-header-meta":"","header-above-stick-meta":"","header-main-stick-meta":"","header-below-stick-meta":"","astra-migrate-meta-layouts":"default","ast-page-background-enabled":"default","ast-page-background-meta":{"desktop":{"background-color":"","background-image":"","background-repeat":"repeat","background-position":"center center","background-size":"auto","background-attachment":"scroll","background-type":"","background-media":"","overlay-type":"","overlay-color":"","overlay-opacity":"","overlay-gradient":""},"tablet":{"background-color":"","background-image":"","background-repeat":"repeat","background-position":"center center","background-size":"auto","background-attachment":"scroll","background-type":"","background-media":"","overlay-type":"","overlay-color":"","overlay-opacity":"","overlay-gradient":""},"mobile":{"background-color":"","background-image":"","background-repeat":"repeat","background-position":"center center","background-size":"auto","background-attachment":"scroll","background-type":"","background-media":"","overlay-type":"","overlay-color":"","overlay-opacity":"","overlay-gradient":""}},"ast-content-background-meta":{"desktop":{"background-color":"var(--ast-global-color-5)","background-image":"","background-repeat":"repeat","background-position":"center center","background-size":"auto","background-attachment":"scroll","background-type":"","background-media":"","overlay-type":"","overlay-color":"","overlay-opacity":"","overlay-gradient":""},"tablet":{"background-color":"var(--ast-global-color-5)","background-image":"","background-repeat":"repeat","background-position":"center center","background-size":"auto","background-attachment":"scroll","background-type":"","background-media":"","overlay-type":"","overlay-color":"","overlay-opacity":"","overlay-gradient":""},"mobile":{"background-color":"var(--ast-global-color-5)","background-image":"","background-repeat":"repeat","background-position":"center center","background-size":"auto","background-attachment":"scroll","background-type":"","background-media":"","overlay-type":"","overlay-color":"","overlay-opacity":"","overlay-gradient":""}}},"product_brand":[200],"product_cat":[197,48],"product_tag":[],"class_list":{"0":"post-19346","1":"product","2":"type-product","3":"status-publish","4":"has-post-thumbnail","6":"product_brand-sooruz","7":"product_cat-impact-vestes","8":"product_cat-wakeboards","9":"desktop-align-left","10":"tablet-align-left","11":"mobile-align-center","13":"first","14":"instock","15":"sale","16":"taxable","17":"shipping-taxable","18":"purchasable","19":"product-type-variable"},"yoast_head":"<!-- This site is optimized with the Yoast SEO plugin v27.5 - https:\/\/yoast.com\/product\/yoast-seo-wordpress\/ -->\n<title>Nature-Ride - So\u00f6ruz Ground Blue Men<\/title>\n<meta name=\"description\" content=\"So\u00f6ruz Surfwear est sur Nature-Ride! Marque fran\u00e7aise sp\u00e9cialiste des combinaisons de sports de glisse \u00e9cologiques et \u00e9co-responsable.\" \/>\n<meta name=\"robots\" content=\"index, follow, max-snippet:-1, max-image-preview:large, max-video-preview:-1\" \/>\n<link rel=\"canonical\" href=\"https:\/\/www.nature-ride.be\/en\/boutique\/wakeboards\/protections-wakeboards\/impact-vestes\/sooruz-ground-blue-men\/\" \/>\n<meta property=\"og:locale\" content=\"en_GB\" \/>\n<meta property=\"og:type\" content=\"article\" \/>\n<meta property=\"og:title\" content=\"Nature-Ride - So\u00f6ruz Ground Blue Men\" \/>\n<meta property=\"og:description\" content=\"So\u00f6ruz Surfwear est sur Nature-Ride! Marque fran\u00e7aise sp\u00e9cialiste des combinaisons de sports de glisse \u00e9cologiques et \u00e9co-responsable.\" \/>\n<meta property=\"og:url\" content=\"https:\/\/www.nature-ride.be\/en\/boutique\/wakeboards\/protections-wakeboards\/impact-vestes\/sooruz-ground-blue-men\/\" \/>\n<meta property=\"og:site_name\" content=\"Nature-Ride\" \/>\n<meta property=\"article:publisher\" content=\"https:\/\/www.facebook.com\/NatureRideShop\/\" \/>\n<meta property=\"article:modified_time\" content=\"2022-09-01T02:31:32+00:00\" \/>\n<meta property=\"og:image\" content=\"https:\/\/www.nature-ride.be\/wp-content\/uploads\/2022\/04\/Sooruz-Ground-Blue-Men-1x1-1.jpg\" \/>\n\t<meta property=\"og:image:width\" content=\"1400\" \/>\n\t<meta property=\"og:image:height\" content=\"1400\" \/>\n\t<meta property=\"og:image:type\" content=\"image\/jpeg\" \/>\n<meta name=\"twitter:card\" content=\"summary_large_image\" \/>\n<script type=\"application\/ld+json\" class=\"yoast-schema-graph\">{\"@context\":\"https:\\\/\\\/schema.org\",\"@graph\":[{\"@type\":\"WebPage\",\"@id\":\"https:\\\/\\\/www.nature-ride.be\\\/boutique\\\/wakeboards\\\/protections-wakeboards\\\/impact-vestes\\\/sooruz-ground-blue-men\\\/\",\"url\":\"https:\\\/\\\/www.nature-ride.be\\\/boutique\\\/wakeboards\\\/protections-wakeboards\\\/impact-vestes\\\/sooruz-ground-blue-men\\\/\",\"name\":\"Nature-Ride - So\u00f6ruz Ground Blue Men\",\"isPartOf\":{\"@id\":\"https:\\\/\\\/www.nature-ride.be\\\/#website\"},\"primaryImageOfPage\":{\"@id\":\"https:\\\/\\\/www.nature-ride.be\\\/boutique\\\/wakeboards\\\/protections-wakeboards\\\/impact-vestes\\\/sooruz-ground-blue-men\\\/#primaryimage\"},\"image\":{\"@id\":\"https:\\\/\\\/www.nature-ride.be\\\/boutique\\\/wakeboards\\\/protections-wakeboards\\\/impact-vestes\\\/sooruz-ground-blue-men\\\/#primaryimage\"},\"thumbnailUrl\":\"https:\\\/\\\/www.nature-ride.be\\\/wp-content\\\/uploads\\\/2022\\\/04\\\/Sooruz-Ground-Blue-Men-1x1-1.jpg\",\"datePublished\":\"2022-04-21T12:09:02+00:00\",\"dateModified\":\"2022-09-01T02:31:32+00:00\",\"description\":\"So\u00f6ruz Surfwear est sur Nature-Ride! Marque fran\u00e7aise sp\u00e9cialiste des combinaisons de sports de glisse \u00e9cologiques et \u00e9co-responsable.\",\"breadcrumb\":{\"@id\":\"https:\\\/\\\/www.nature-ride.be\\\/boutique\\\/wakeboards\\\/protections-wakeboards\\\/impact-vestes\\\/sooruz-ground-blue-men\\\/#breadcrumb\"},\"inLanguage\":\"en-GB\",\"potentialAction\":[{\"@type\":\"ReadAction\",\"target\":[\"https:\\\/\\\/www.nature-ride.be\\\/boutique\\\/wakeboards\\\/protections-wakeboards\\\/impact-vestes\\\/sooruz-ground-blue-men\\\/\"]}]},{\"@type\":\"ImageObject\",\"inLanguage\":\"en-GB\",\"@id\":\"https:\\\/\\\/www.nature-ride.be\\\/boutique\\\/wakeboards\\\/protections-wakeboards\\\/impact-vestes\\\/sooruz-ground-blue-men\\\/#primaryimage\",\"url\":\"https:\\\/\\\/www.nature-ride.be\\\/wp-content\\\/uploads\\\/2022\\\/04\\\/Sooruz-Ground-Blue-Men-1x1-1.jpg\",\"contentUrl\":\"https:\\\/\\\/www.nature-ride.be\\\/wp-content\\\/uploads\\\/2022\\\/04\\\/Sooruz-Ground-Blue-Men-1x1-1.jpg\",\"width\":1400,\"height\":1400},{\"@type\":\"BreadcrumbList\",\"@id\":\"https:\\\/\\\/www.nature-ride.be\\\/boutique\\\/wakeboards\\\/protections-wakeboards\\\/impact-vestes\\\/sooruz-ground-blue-men\\\/#breadcrumb\",\"itemListElement\":[{\"@type\":\"ListItem\",\"position\":1,\"name\":\"Accueil\",\"item\":\"https:\\\/\\\/www.nature-ride.be\\\/\"},{\"@type\":\"ListItem\",\"position\":2,\"name\":\"Boutique\",\"item\":\"https:\\\/\\\/www.nature-ride.be\\\/boutique\\\/\"},{\"@type\":\"ListItem\",\"position\":3,\"name\":\"So\u00f6ruz Ground Blue Men\"}]},{\"@type\":\"WebSite\",\"@id\":\"https:\\\/\\\/www.nature-ride.be\\\/#website\",\"url\":\"https:\\\/\\\/www.nature-ride.be\\\/\",\"name\":\"Nature-Ride\",\"description\":\"Nature-Ride - Le site n\u00b01 du ride \u00e9cologique\",\"publisher\":{\"@id\":\"https:\\\/\\\/www.nature-ride.be\\\/#organization\"},\"potentialAction\":[{\"@type\":\"SearchAction\",\"target\":{\"@type\":\"EntryPoint\",\"urlTemplate\":\"https:\\\/\\\/www.nature-ride.be\\\/?s={search_term_string}\"},\"query-input\":{\"@type\":\"PropertyValueSpecification\",\"valueRequired\":true,\"valueName\":\"search_term_string\"}}],\"inLanguage\":\"en-GB\"},{\"@type\":\"Organization\",\"@id\":\"https:\\\/\\\/www.nature-ride.be\\\/#organization\",\"name\":\"Nature-Ride\",\"url\":\"https:\\\/\\\/www.nature-ride.be\\\/\",\"logo\":{\"@type\":\"ImageObject\",\"inLanguage\":\"en-GB\",\"@id\":\"https:\\\/\\\/www.nature-ride.be\\\/#\\\/schema\\\/logo\\\/image\\\/\",\"url\":\"https:\\\/\\\/www.nature-ride.be\\\/wp-content\\\/uploads\\\/2021\\\/02\\\/Nature-Ride-LOGO-2.png\",\"contentUrl\":\"https:\\\/\\\/www.nature-ride.be\\\/wp-content\\\/uploads\\\/2021\\\/02\\\/Nature-Ride-LOGO-2.png\",\"width\":2952,\"height\":1314,\"caption\":\"Nature-Ride\"},\"image\":{\"@id\":\"https:\\\/\\\/www.nature-ride.be\\\/#\\\/schema\\\/logo\\\/image\\\/\"},\"sameAs\":[\"https:\\\/\\\/www.facebook.com\\\/NatureRideShop\\\/\",\"https:\\\/\\\/www.instagram.com\\\/naturerideshop\\\/\"]}]}<\/script>\n<!-- \/ Yoast SEO plugin. -->","yoast_head_json":{"title":"Nature-Ride - So\u00f6ruz Ground Blue Men","description":"So\u00f6ruz Surfwear est sur Nature-Ride! Marque fran\u00e7aise sp\u00e9cialiste des combinaisons de sports de glisse \u00e9cologiques et \u00e9co-responsable.","robots":{"index":"index","follow":"follow","max-snippet":"max-snippet:-1","max-image-preview":"max-image-preview:large","max-video-preview":"max-video-preview:-1"},"canonical":"https:\/\/www.nature-ride.be\/en\/boutique\/wakeboards\/protections-wakeboards\/impact-vestes\/sooruz-ground-blue-men\/","og_locale":"en_GB","og_type":"article","og_title":"Nature-Ride - So\u00f6ruz Ground Blue Men","og_description":"So\u00f6ruz Surfwear est sur Nature-Ride! Marque fran\u00e7aise sp\u00e9cialiste des combinaisons de sports de glisse \u00e9cologiques et \u00e9co-responsable.","og_url":"https:\/\/www.nature-ride.be\/en\/boutique\/wakeboards\/protections-wakeboards\/impact-vestes\/sooruz-ground-blue-men\/","og_site_name":"Nature-Ride","article_publisher":"https:\/\/www.facebook.com\/NatureRideShop\/","article_modified_time":"2022-09-01T02:31:32+00:00","og_image":[{"width":1400,"height":1400,"url":"https:\/\/www.nature-ride.be\/wp-content\/uploads\/2022\/04\/Sooruz-Ground-Blue-Men-1x1-1.jpg","type":"image\/jpeg"}],"twitter_card":"summary_large_image","schema":{"@context":"https:\/\/schema.org","@graph":[{"@type":"WebPage","@id":"https:\/\/www.nature-ride.be\/boutique\/wakeboards\/protections-wakeboards\/impact-vestes\/sooruz-ground-blue-men\/","url":"https:\/\/www.nature-ride.be\/boutique\/wakeboards\/protections-wakeboards\/impact-vestes\/sooruz-ground-blue-men\/","name":"Nature-Ride - So\u00f6ruz Ground Blue Men","isPartOf":{"@id":"https:\/\/www.nature-ride.be\/#website"},"primaryImageOfPage":{"@id":"https:\/\/www.nature-ride.be\/boutique\/wakeboards\/protections-wakeboards\/impact-vestes\/sooruz-ground-blue-men\/#primaryimage"},"image":{"@id":"https:\/\/www.nature-ride.be\/boutique\/wakeboards\/protections-wakeboards\/impact-vestes\/sooruz-ground-blue-men\/#primaryimage"},"thumbnailUrl":"https:\/\/www.nature-ride.be\/wp-content\/uploads\/2022\/04\/Sooruz-Ground-Blue-Men-1x1-1.jpg","datePublished":"2022-04-21T12:09:02+00:00","dateModified":"2022-09-01T02:31:32+00:00","description":"So\u00f6ruz Surfwear est sur Nature-Ride! Marque fran\u00e7aise sp\u00e9cialiste des combinaisons de sports de glisse \u00e9cologiques et \u00e9co-responsable.","breadcrumb":{"@id":"https:\/\/www.nature-ride.be\/boutique\/wakeboards\/protections-wakeboards\/impact-vestes\/sooruz-ground-blue-men\/#breadcrumb"},"inLanguage":"en-GB","potentialAction":[{"@type":"ReadAction","target":["https:\/\/www.nature-ride.be\/boutique\/wakeboards\/protections-wakeboards\/impact-vestes\/sooruz-ground-blue-men\/"]}]},{"@type":"ImageObject","inLanguage":"en-GB","@id":"https:\/\/www.nature-ride.be\/boutique\/wakeboards\/protections-wakeboards\/impact-vestes\/sooruz-ground-blue-men\/#primaryimage","url":"https:\/\/www.nature-ride.be\/wp-content\/uploads\/2022\/04\/Sooruz-Ground-Blue-Men-1x1-1.jpg","contentUrl":"https:\/\/www.nature-ride.be\/wp-content\/uploads\/2022\/04\/Sooruz-Ground-Blue-Men-1x1-1.jpg","width":1400,"height":1400},{"@type":"BreadcrumbList","@id":"https:\/\/www.nature-ride.be\/boutique\/wakeboards\/protections-wakeboards\/impact-vestes\/sooruz-ground-blue-men\/#breadcrumb","itemListElement":[{"@type":"ListItem","position":1,"name":"Accueil","item":"https:\/\/www.nature-ride.be\/"},{"@type":"ListItem","position":2,"name":"Boutique","item":"https:\/\/www.nature-ride.be\/boutique\/"},{"@type":"ListItem","position":3,"name":"So\u00f6ruz Ground Blue Men"}]},{"@type":"WebSite","@id":"https:\/\/www.nature-ride.be\/#website","url":"https:\/\/www.nature-ride.be\/","name":"Nature-Ride","description":"Nature-Ride - Le site n\u00b01 du ride \u00e9cologique","publisher":{"@id":"https:\/\/www.nature-ride.be\/#organization"},"potentialAction":[{"@type":"SearchAction","target":{"@type":"EntryPoint","urlTemplate":"https:\/\/www.nature-ride.be\/?s={search_term_string}"},"query-input":{"@type":"PropertyValueSpecification","valueRequired":true,"valueName":"search_term_string"}}],"inLanguage":"en-GB"},{"@type":"Organization","@id":"https:\/\/www.nature-ride.be\/#organization","name":"Nature-Ride","url":"https:\/\/www.nature-ride.be\/","logo":{"@type":"ImageObject","inLanguage":"en-GB","@id":"https:\/\/www.nature-ride.be\/#\/schema\/logo\/image\/","url":"https:\/\/www.nature-ride.be\/wp-content\/uploads\/2021\/02\/Nature-Ride-LOGO-2.png","contentUrl":"https:\/\/www.nature-ride.be\/wp-content\/uploads\/2021\/02\/Nature-Ride-LOGO-2.png","width":2952,"height":1314,"caption":"Nature-Ride"},"image":{"@id":"https:\/\/www.nature-ride.be\/#\/schema\/logo\/image\/"},"sameAs":["https:\/\/www.facebook.com\/NatureRideShop\/","https:\/\/www.instagram.com\/naturerideshop\/"]}]}},"_links":{"self":[{"href":"https:\/\/www.nature-ride.be\/en\/wp-json\/wp\/v2\/product\/19346","targetHints":{"allow":["GET"]}}],"collection":[{"href":"https:\/\/www.nature-ride.be\/en\/wp-json\/wp\/v2\/product"}],"about":[{"href":"https:\/\/www.nature-ride.be\/en\/wp-json\/wp\/v2\/types\/product"}],"replies":[{"embeddable":true,"href":"https:\/\/www.nature-ride.be\/en\/wp-json\/wp\/v2\/comments?post=19346"}],"version-history":[{"count":15,"href":"https:\/\/www.nature-ride.be\/en\/wp-json\/wp\/v2\/product\/19346\/revisions"}],"predecessor-version":[{"id":19362,"href":"https:\/\/www.nature-ride.be\/en\/wp-json\/wp\/v2\/product\/19346\/revisions\/19362"}],"wp:featuredmedia":[{"embeddable":true,"href":"https:\/\/www.nature-ride.be\/en\/wp-json\/wp\/v2\/media\/19363"}],"wp:attachment":[{"href":"https:\/\/www.nature-ride.be\/en\/wp-json\/wp\/v2\/media?parent=19346"}],"wp:term":[{"taxonomy":"product_brand","embeddable":true,"href":"https:\/\/www.nature-ride.be\/en\/wp-json\/wp\/v2\/product_brand?post=19346"},{"taxonomy":"product_cat","embeddable":true,"href":"https:\/\/www.nature-ride.be\/en\/wp-json\/wp\/v2\/product_cat?post=19346"},{"taxonomy":"product_tag","embeddable":true,"href":"https:\/\/www.nature-ride.be\/en\/wp-json\/wp\/v2\/product_tag?post=19346"}],"curies":[{"name":"wp","href":"https:\/\/api.w.org\/{rel}","templated":true}]}}