{"id":18778,"date":"2022-04-14T20:00:47","date_gmt":"2022-04-14T20:00:47","guid":{"rendered":"https:\/\/www.nature-ride.be\/?post_type=product&#038;p=18778"},"modified":"2022-04-15T19:58:12","modified_gmt":"2022-04-15T19:58:12","slug":"simwax-fart-50g","status":"publish","type":"product","link":"https:\/\/www.nature-ride.be\/en\/boutique\/snowboard\/accessoires-snowboard\/simwax-fart-50g\/","title":{"rendered":"SimWax Fart 50g"},"content":{"rendered":"<div data-elementor-type=\"product-post\" data-elementor-id=\"18778\" class=\"elementor elementor-18778\" data-elementor-post-type=\"product\">\n\t\t\t\t\t\t<section class=\"elementor-section elementor-top-section elementor-element elementor-element-87cf5aa elementor-section-boxed elementor-section-height-default elementor-section-height-default\" data-id=\"87cf5aa\" data-element_type=\"section\" data-e-type=\"section\">\n\t\t\t\t\t\t<div class=\"elementor-container elementor-column-gap-default\">\n\t\t\t\t\t<div class=\"elementor-column elementor-col-100 elementor-top-column elementor-element elementor-element-64ddbe8\" data-id=\"64ddbe8\" data-element_type=\"column\" data-e-type=\"column\">\n\t\t\t<div class=\"elementor-widget-wrap elementor-element-populated\">\n\t\t\t\t\t\t<div class=\"elementor-element elementor-element-b50ac9f elementor-widget elementor-widget-heading\" data-id=\"b50ac9f\" data-element_type=\"widget\" data-e-type=\"widget\" data-widget_type=\"heading.default\">\n\t\t\t\t<div class=\"elementor-widget-container\">\n\t\t\t\t\t<h2 class=\"elementor-heading-title elementor-size-default\">SimWax : Eco-friendly waxing and riding without fluoride!<\/h2>\t\t\t\t<\/div>\n\t\t\t\t<\/div>\n\t\t\t\t<div class=\"elementor-element elementor-element-1869922 elementor-widget elementor-widget-text-editor\" data-id=\"1869922\" data-element_type=\"widget\" data-e-type=\"widget\" data-widget_type=\"text-editor.default\">\n\t\t\t\t<div class=\"elementor-widget-container\">\n\t\t\t\t\t\t\t\t\t<p>Simwax is made from a mixture of natural and synthetic waxes, without fluorine.<\/p><p>Suitable for skiing and snowboarding<\/p><ul><li>Weight: 50g<\/li><li>Made in France<\/li><\/ul><p>Simwax is, for many years, the wish of a new generation of wax 100% ecological and respectful of the environment.<\/p><p>An artisanal and ecological wax, designed and manufactured by a passionate rider. It is 100% French and handmade, in the heart of the Landes, from beeswax, Landes pine resin and other natural materials.<\/p>\t\t\t\t\t\t\t\t<\/div>\n\t\t\t\t<\/div>\n\t\t\t\t\t<\/div>\n\t\t<\/div>\n\t\t\t\t\t<\/div>\n\t\t<\/section>\n\t\t\t\t<section class=\"elementor-section elementor-top-section elementor-element elementor-element-6a9dd2a elementor-section-boxed elementor-section-height-default elementor-section-height-default\" data-id=\"6a9dd2a\" data-element_type=\"section\" data-e-type=\"section\">\n\t\t\t\t\t\t<div class=\"elementor-container elementor-column-gap-default\">\n\t\t\t\t\t<div class=\"elementor-column elementor-col-100 elementor-top-column elementor-element elementor-element-1709ce2\" data-id=\"1709ce2\" data-element_type=\"column\" data-e-type=\"column\">\n\t\t\t<div class=\"elementor-widget-wrap elementor-element-populated\">\n\t\t\t\t\t\t<div class=\"elementor-element elementor-element-9069e96 elementor-widget elementor-widget-gallery\" data-id=\"9069e96\" data-element_type=\"widget\" data-e-type=\"widget\" data-settings=\"{&quot;columns&quot;:3,&quot;columns_mobile&quot;:2,&quot;aspect_ratio&quot;:&quot;1:1&quot;,&quot;lazyload&quot;:&quot;yes&quot;,&quot;gallery_layout&quot;:&quot;grid&quot;,&quot;columns_tablet&quot;:2,&quot;gap&quot;:{&quot;unit&quot;:&quot;px&quot;,&quot;size&quot;:10,&quot;sizes&quot;:[]},&quot;gap_tablet&quot;:{&quot;unit&quot;:&quot;px&quot;,&quot;size&quot;:10,&quot;sizes&quot;:[]},&quot;gap_mobile&quot;:{&quot;unit&quot;:&quot;px&quot;,&quot;size&quot;:10,&quot;sizes&quot;:[]},&quot;link_to&quot;:&quot;file&quot;,&quot;overlay_background&quot;:&quot;yes&quot;,&quot;content_hover_animation&quot;:&quot;fade-in&quot;}\" data-widget_type=\"gallery.default\">\n\t\t\t\t<div class=\"elementor-widget-container\">\n\t\t\t\t\t\t\t<div class=\"elementor-gallery__container\">\n\t\t\t\t\t\t\t<a class=\"e-gallery-item elementor-gallery-item elementor-animated-content\" href=\"https:\/\/www.nature-ride.be\/wp-content\/uploads\/2022\/04\/SimWax-Fart-1x1-1-1.jpg\" data-elementor-open-lightbox=\"yes\" data-elementor-lightbox-slideshow=\"9069e96\" data-elementor-lightbox-title=\"SimWax Fart 1x1 1\" data-e-action-hash=\"#elementor-action%3Aaction%3Dlightbox%26settings%3DeyJpZCI6MTg4MDAsInVybCI6Imh0dHBzOlwvXC93d3cubmF0dXJlLXJpZGUuYmVcL3dwLWNvbnRlbnRcL3VwbG9hZHNcLzIwMjJcLzA0XC9TaW1XYXgtRmFydC0xeDEtMS0xLmpwZyIsInNsaWRlc2hvdyI6IjkwNjllOTYifQ%3D%3D\">\n\t\t\t\t\t<div class=\"e-gallery-image elementor-gallery-item__image\" data-thumbnail=\"https:\/\/www.nature-ride.be\/wp-content\/uploads\/2022\/04\/SimWax-Fart-1x1-1-1.jpg\" data-width=\"1024\" data-height=\"1024\" aria-label=\"\" role=\"img\" ><\/div>\n\t\t\t\t\t\t\t\t\t\t\t<div class=\"elementor-gallery-item__overlay\"><\/div>\n\t\t\t\t\t\t\t\t\t\t\t\t\t\t<\/a>\n\t\t\t\t\t\t\t<a class=\"e-gallery-item elementor-gallery-item elementor-animated-content\" href=\"https:\/\/www.nature-ride.be\/wp-content\/uploads\/2022\/04\/SimWax-Fart-1x1-2-1.jpg\" data-elementor-open-lightbox=\"yes\" data-elementor-lightbox-slideshow=\"9069e96\" data-elementor-lightbox-title=\"SimWax Fart 1x1 2\" data-e-action-hash=\"#elementor-action%3Aaction%3Dlightbox%26settings%3DeyJpZCI6MTg4MDEsInVybCI6Imh0dHBzOlwvXC93d3cubmF0dXJlLXJpZGUuYmVcL3dwLWNvbnRlbnRcL3VwbG9hZHNcLzIwMjJcLzA0XC9TaW1XYXgtRmFydC0xeDEtMi0xLmpwZyIsInNsaWRlc2hvdyI6IjkwNjllOTYifQ%3D%3D\">\n\t\t\t\t\t<div class=\"e-gallery-image elementor-gallery-item__image\" data-thumbnail=\"https:\/\/www.nature-ride.be\/wp-content\/uploads\/2022\/04\/SimWax-Fart-1x1-2-1.jpg\" data-width=\"1024\" data-height=\"1024\" aria-label=\"\" role=\"img\" ><\/div>\n\t\t\t\t\t\t\t\t\t\t\t<div class=\"elementor-gallery-item__overlay\"><\/div>\n\t\t\t\t\t\t\t\t\t\t\t\t\t\t<\/a>\n\t\t\t\t\t\t\t<a class=\"e-gallery-item elementor-gallery-item elementor-animated-content\" href=\"https:\/\/www.nature-ride.be\/wp-content\/uploads\/2022\/04\/SimWax-Fart-1x1-3-1.jpg\" data-elementor-open-lightbox=\"yes\" data-elementor-lightbox-slideshow=\"9069e96\" data-elementor-lightbox-title=\"SimWax Fart 1x1 3\" data-e-action-hash=\"#elementor-action%3Aaction%3Dlightbox%26settings%3DeyJpZCI6MTg4MDIsInVybCI6Imh0dHBzOlwvXC93d3cubmF0dXJlLXJpZGUuYmVcL3dwLWNvbnRlbnRcL3VwbG9hZHNcLzIwMjJcLzA0XC9TaW1XYXgtRmFydC0xeDEtMy0xLmpwZyIsInNsaWRlc2hvdyI6IjkwNjllOTYifQ%3D%3D\">\n\t\t\t\t\t<div class=\"e-gallery-image elementor-gallery-item__image\" data-thumbnail=\"https:\/\/www.nature-ride.be\/wp-content\/uploads\/2022\/04\/SimWax-Fart-1x1-3-1.jpg\" data-width=\"1024\" data-height=\"1024\" aria-label=\"\" role=\"img\" ><\/div>\n\t\t\t\t\t\t\t\t\t\t\t<div class=\"elementor-gallery-item__overlay\"><\/div>\n\t\t\t\t\t\t\t\t\t\t\t\t\t\t<\/a>\n\t\t\t\t\t<\/div>\n\t\t\t\t\t<\/div>\n\t\t\t\t<\/div>\n\t\t\t\t\t<\/div>\n\t\t<\/div>\n\t\t\t\t\t<\/div>\n\t\t<\/section>\n\t\t\t\t<section class=\"elementor-section elementor-top-section elementor-element elementor-element-b66d6fa elementor-section-boxed elementor-section-height-default elementor-section-height-default\" data-id=\"b66d6fa\" data-element_type=\"section\" data-e-type=\"section\">\n\t\t\t\t\t\t<div class=\"elementor-container elementor-column-gap-default\">\n\t\t\t\t\t<div class=\"elementor-column elementor-col-100 elementor-top-column elementor-element elementor-element-2e44c3c\" data-id=\"2e44c3c\" data-element_type=\"column\" data-e-type=\"column\">\n\t\t\t<div class=\"elementor-widget-wrap elementor-element-populated\">\n\t\t\t\t\t\t<div class=\"elementor-element elementor-element-5e28c39 elementor-widget elementor-widget-image\" data-id=\"5e28c39\" data-element_type=\"widget\" data-e-type=\"widget\" data-widget_type=\"image.default\">\n\t\t\t\t<div class=\"elementor-widget-container\">\n\t\t\t\t\t\t\t\t\t\t\t\t\t\t\t<img fetchpriority=\"high\" decoding=\"async\" width=\"1920\" height=\"979\" src=\"https:\/\/www.nature-ride.be\/wp-content\/uploads\/2022\/04\/Simwax-fart-bann-2.jpg\" class=\"attachment-full size-full wp-image-18786\" alt=\"\" srcset=\"https:\/\/www.nature-ride.be\/wp-content\/uploads\/2022\/04\/Simwax-fart-bann-2.jpg 1920w, https:\/\/www.nature-ride.be\/wp-content\/uploads\/2022\/04\/Simwax-fart-bann-2-300x153.jpg 300w, https:\/\/www.nature-ride.be\/wp-content\/uploads\/2022\/04\/Simwax-fart-bann-2-1024x522.jpg 1024w, https:\/\/www.nature-ride.be\/wp-content\/uploads\/2022\/04\/Simwax-fart-bann-2-768x392.jpg 768w, https:\/\/www.nature-ride.be\/wp-content\/uploads\/2022\/04\/Simwax-fart-bann-2-1536x783.jpg 1536w, https:\/\/www.nature-ride.be\/wp-content\/uploads\/2022\/04\/Simwax-fart-bann-2-18x9.jpg 18w, https:\/\/www.nature-ride.be\/wp-content\/uploads\/2022\/04\/Simwax-fart-bann-2-600x306.jpg 600w\" sizes=\"(max-width: 1920px) 100vw, 1920px\" \/>\t\t\t\t\t\t\t\t\t\t\t\t\t\t\t<\/div>\n\t\t\t\t<\/div>\n\t\t\t\t<div class=\"elementor-element elementor-element-7bbfc43 elementor-widget elementor-widget-image\" data-id=\"7bbfc43\" data-element_type=\"widget\" data-e-type=\"widget\" data-widget_type=\"image.default\">\n\t\t\t\t<div class=\"elementor-widget-container\">\n\t\t\t\t\t\t\t\t\t\t\t\t\t\t\t<img decoding=\"async\" width=\"720\" height=\"130\" data-src=\"https:\/\/www.nature-ride.be\/wp-content\/uploads\/2022\/04\/SimWax-Bann1.jpg\" class=\"attachment-full size-full wp-image-18562 lazyload\" alt=\"\" data-srcset=\"https:\/\/www.nature-ride.be\/wp-content\/uploads\/2022\/04\/SimWax-Bann1.jpg 720w, https:\/\/www.nature-ride.be\/wp-content\/uploads\/2022\/04\/SimWax-Bann1-300x54.jpg 300w, https:\/\/www.nature-ride.be\/wp-content\/uploads\/2022\/04\/SimWax-Bann1-18x3.jpg 18w, https:\/\/www.nature-ride.be\/wp-content\/uploads\/2022\/04\/SimWax-Bann1-600x108.jpg 600w\" data-sizes=\"(max-width: 720px) 100vw, 720px\" src=\"data:image\/svg+xml;base64,PHN2ZyB3aWR0aD0iMSIgaGVpZ2h0PSIxIiB4bWxucz0iaHR0cDovL3d3dy53My5vcmcvMjAwMC9zdmciPjwvc3ZnPg==\" style=\"--smush-placeholder-width: 720px; --smush-placeholder-aspect-ratio: 720\/130;\" \/>\t\t\t\t\t\t\t\t\t\t\t\t\t\t\t<\/div>\n\t\t\t\t<\/div>\n\t\t\t\t\t<\/div>\n\t\t<\/div>\n\t\t\t\t\t<\/div>\n\t\t<\/section>\n\t\t\t\t<\/div>","protected":false},"excerpt":{"rendered":"<p><a href=\"https:\/\/www.nature-ride.be\/en\/simwax-presentation\/\"><img decoding=\"async\" class=\"alignnone wp-image-18554 lazyload\" data-src=\"https:\/\/www.nature-ride.be\/wp-content\/uploads\/2022\/04\/SimWax-logo-300x300.jpg\" alt=\"\" width=\"180\" height=\"180\" data-srcset=\"https:\/\/www.nature-ride.be\/wp-content\/uploads\/2022\/04\/SimWax-logo-300x300.jpg 300w, https:\/\/www.nature-ride.be\/wp-content\/uploads\/2022\/04\/SimWax-logo-150x150.jpg 150w, https:\/\/www.nature-ride.be\/wp-content\/uploads\/2022\/04\/SimWax-logo-768x768.jpg 768w, https:\/\/www.nature-ride.be\/wp-content\/uploads\/2022\/04\/SimWax-logo-12x12.jpg 12w, https:\/\/www.nature-ride.be\/wp-content\/uploads\/2022\/04\/SimWax-logo-600x600.jpg 600w, https:\/\/www.nature-ride.be\/wp-content\/uploads\/2022\/04\/SimWax-logo-100x100.jpg 100w, https:\/\/www.nature-ride.be\/wp-content\/uploads\/2022\/04\/SimWax-logo.jpg 970w\" data-sizes=\"(max-width: 180px) 100vw, 180px\" src=\"data:image\/svg+xml;base64,PHN2ZyB3aWR0aD0iMSIgaGVpZ2h0PSIxIiB4bWxucz0iaHR0cDovL3d3dy53My5vcmcvMjAwMC9zdmciPjwvc3ZnPg==\" style=\"--smush-placeholder-width: 180px; --smush-placeholder-aspect-ratio: 180\/180;\" \/><\/a><\/p>","protected":false},"featured_media":18800,"comment_status":"open","ping_status":"closed","template":"","meta":{"_monsterinsights_skip_tracking":false,"_monsterinsights_sitenote_active":false,"_monsterinsights_sitenote_note":"","_monsterinsights_sitenote_category":0,"site-sidebar-layout":"left-sidebar","site-content-layout":"page-builder","ast-site-content-layout":"default","site-content-style":"default","site-sidebar-style":"default","ast-global-header-display":"","ast-banner-title-visibility":"","ast-main-header-display":"","ast-hfb-above-header-display":"","ast-hfb-below-header-display":"","ast-hfb-mobile-header-display":"","site-post-title":"disabled","ast-breadcrumbs-content":"","ast-featured-img":"disabled","footer-sml-layout":"","ast-disable-related-posts":"","theme-transparent-header-meta":"default","adv-header-id-meta":"","stick-header-meta":"","header-above-stick-meta":"","header-main-stick-meta":"","header-below-stick-meta":"","astra-migrate-meta-layouts":"default","ast-page-background-enabled":"default","ast-page-background-meta":{"desktop":{"background-color":"","background-image":"","background-repeat":"repeat","background-position":"center center","background-size":"auto","background-attachment":"scroll","background-type":"","background-media":"","overlay-type":"","overlay-color":"","overlay-opacity":"","overlay-gradient":""},"tablet":{"background-color":"","background-image":"","background-repeat":"repeat","background-position":"center center","background-size":"auto","background-attachment":"scroll","background-type":"","background-media":"","overlay-type":"","overlay-color":"","overlay-opacity":"","overlay-gradient":""},"mobile":{"background-color":"","background-image":"","background-repeat":"repeat","background-position":"center center","background-size":"auto","background-attachment":"scroll","background-type":"","background-media":"","overlay-type":"","overlay-color":"","overlay-opacity":"","overlay-gradient":""}},"ast-content-background-meta":{"desktop":{"background-color":"var(--ast-global-color-5)","background-image":"","background-repeat":"repeat","background-position":"center center","background-size":"auto","background-attachment":"scroll","background-type":"","background-media":"","overlay-type":"","overlay-color":"","overlay-opacity":"","overlay-gradient":""},"tablet":{"background-color":"var(--ast-global-color-5)","background-image":"","background-repeat":"repeat","background-position":"center center","background-size":"auto","background-attachment":"scroll","background-type":"","background-media":"","overlay-type":"","overlay-color":"","overlay-opacity":"","overlay-gradient":""},"mobile":{"background-color":"var(--ast-global-color-5)","background-image":"","background-repeat":"repeat","background-position":"center center","background-size":"auto","background-attachment":"scroll","background-type":"","background-media":"","overlay-type":"","overlay-color":"","overlay-opacity":"","overlay-gradient":""}}},"product_brand":[209],"product_cat":[125,15],"product_tag":[],"class_list":{"0":"post-18778","1":"product","2":"type-product","3":"status-publish","4":"has-post-thumbnail","6":"product_brand-simwax","7":"product_cat-accessoires-snowboard","8":"product_cat-snowboard","9":"desktop-align-left","10":"tablet-align-left","11":"mobile-align-center","13":"first","14":"instock","15":"taxable","16":"shipping-taxable","17":"purchasable","18":"product-type-simple"},"yoast_head":"<!-- This site is optimized with the Yoast SEO plugin v27.5 - https:\/\/yoast.com\/product\/yoast-seo-wordpress\/ -->\n<title>Nature-Ride - SimWax Fart 50g<\/title>\n<meta name=\"description\" content=\"Le fart Simwax est fabriqu\u00e9 en France, de fa\u00e7on artisanale, \u00e0 base de produits naturels et sans fluor! Pour skis et snowboards.\" \/>\n<meta name=\"robots\" content=\"index, follow, max-snippet:-1, max-image-preview:large, max-video-preview:-1\" \/>\n<link rel=\"canonical\" href=\"https:\/\/www.nature-ride.be\/en\/boutique\/snowboard\/accessoires-snowboard\/simwax-fart-50g\/\" \/>\n<meta property=\"og:locale\" content=\"en_GB\" \/>\n<meta property=\"og:type\" content=\"article\" \/>\n<meta property=\"og:title\" content=\"Nature-Ride - SimWax Fart 50g\" \/>\n<meta property=\"og:description\" content=\"Le fart Simwax est fabriqu\u00e9 en France, de fa\u00e7on artisanale, \u00e0 base de produits naturels et sans fluor! Pour skis et snowboards.\" \/>\n<meta property=\"og:url\" content=\"https:\/\/www.nature-ride.be\/en\/boutique\/snowboard\/accessoires-snowboard\/simwax-fart-50g\/\" \/>\n<meta property=\"og:site_name\" content=\"Nature-Ride\" \/>\n<meta property=\"article:publisher\" content=\"https:\/\/www.facebook.com\/NatureRideShop\/\" \/>\n<meta property=\"article:modified_time\" content=\"2022-04-15T19:58:12+00:00\" \/>\n<meta property=\"og:image\" content=\"https:\/\/www.nature-ride.be\/wp-content\/uploads\/2022\/04\/SimWax-Fart-1x1-1-1.jpg\" \/>\n\t<meta property=\"og:image:width\" content=\"1024\" \/>\n\t<meta property=\"og:image:height\" content=\"1024\" \/>\n\t<meta property=\"og:image:type\" content=\"image\/jpeg\" \/>\n<meta name=\"twitter:card\" content=\"summary_large_image\" \/>\n<script type=\"application\/ld+json\" class=\"yoast-schema-graph\">{\"@context\":\"https:\\\/\\\/schema.org\",\"@graph\":[{\"@type\":\"WebPage\",\"@id\":\"https:\\\/\\\/www.nature-ride.be\\\/boutique\\\/snowboard\\\/accessoires-snowboard\\\/simwax-fart-50g\\\/\",\"url\":\"https:\\\/\\\/www.nature-ride.be\\\/boutique\\\/snowboard\\\/accessoires-snowboard\\\/simwax-fart-50g\\\/\",\"name\":\"Nature-Ride - SimWax Fart 50g\",\"isPartOf\":{\"@id\":\"https:\\\/\\\/www.nature-ride.be\\\/#website\"},\"primaryImageOfPage\":{\"@id\":\"https:\\\/\\\/www.nature-ride.be\\\/boutique\\\/snowboard\\\/accessoires-snowboard\\\/simwax-fart-50g\\\/#primaryimage\"},\"image\":{\"@id\":\"https:\\\/\\\/www.nature-ride.be\\\/boutique\\\/snowboard\\\/accessoires-snowboard\\\/simwax-fart-50g\\\/#primaryimage\"},\"thumbnailUrl\":\"https:\\\/\\\/www.nature-ride.be\\\/wp-content\\\/uploads\\\/2022\\\/04\\\/SimWax-Fart-1x1-1-1.jpg\",\"datePublished\":\"2022-04-14T20:00:47+00:00\",\"dateModified\":\"2022-04-15T19:58:12+00:00\",\"description\":\"Le fart Simwax est fabriqu\u00e9 en France, de fa\u00e7on artisanale, \u00e0 base de produits naturels et sans fluor! Pour skis et snowboards.\",\"breadcrumb\":{\"@id\":\"https:\\\/\\\/www.nature-ride.be\\\/boutique\\\/snowboard\\\/accessoires-snowboard\\\/simwax-fart-50g\\\/#breadcrumb\"},\"inLanguage\":\"en-GB\",\"potentialAction\":[{\"@type\":\"ReadAction\",\"target\":[\"https:\\\/\\\/www.nature-ride.be\\\/boutique\\\/snowboard\\\/accessoires-snowboard\\\/simwax-fart-50g\\\/\"]}]},{\"@type\":\"ImageObject\",\"inLanguage\":\"en-GB\",\"@id\":\"https:\\\/\\\/www.nature-ride.be\\\/boutique\\\/snowboard\\\/accessoires-snowboard\\\/simwax-fart-50g\\\/#primaryimage\",\"url\":\"https:\\\/\\\/www.nature-ride.be\\\/wp-content\\\/uploads\\\/2022\\\/04\\\/SimWax-Fart-1x1-1-1.jpg\",\"contentUrl\":\"https:\\\/\\\/www.nature-ride.be\\\/wp-content\\\/uploads\\\/2022\\\/04\\\/SimWax-Fart-1x1-1-1.jpg\",\"width\":1024,\"height\":1024},{\"@type\":\"BreadcrumbList\",\"@id\":\"https:\\\/\\\/www.nature-ride.be\\\/boutique\\\/snowboard\\\/accessoires-snowboard\\\/simwax-fart-50g\\\/#breadcrumb\",\"itemListElement\":[{\"@type\":\"ListItem\",\"position\":1,\"name\":\"Accueil\",\"item\":\"https:\\\/\\\/www.nature-ride.be\\\/\"},{\"@type\":\"ListItem\",\"position\":2,\"name\":\"Boutique\",\"item\":\"https:\\\/\\\/www.nature-ride.be\\\/boutique\\\/\"},{\"@type\":\"ListItem\",\"position\":3,\"name\":\"SimWax Fart 50g\"}]},{\"@type\":\"WebSite\",\"@id\":\"https:\\\/\\\/www.nature-ride.be\\\/#website\",\"url\":\"https:\\\/\\\/www.nature-ride.be\\\/\",\"name\":\"Nature-Ride\",\"description\":\"Nature-Ride - Le site n\u00b01 du ride \u00e9cologique\",\"publisher\":{\"@id\":\"https:\\\/\\\/www.nature-ride.be\\\/#organization\"},\"potentialAction\":[{\"@type\":\"SearchAction\",\"target\":{\"@type\":\"EntryPoint\",\"urlTemplate\":\"https:\\\/\\\/www.nature-ride.be\\\/?s={search_term_string}\"},\"query-input\":{\"@type\":\"PropertyValueSpecification\",\"valueRequired\":true,\"valueName\":\"search_term_string\"}}],\"inLanguage\":\"en-GB\"},{\"@type\":\"Organization\",\"@id\":\"https:\\\/\\\/www.nature-ride.be\\\/#organization\",\"name\":\"Nature-Ride\",\"url\":\"https:\\\/\\\/www.nature-ride.be\\\/\",\"logo\":{\"@type\":\"ImageObject\",\"inLanguage\":\"en-GB\",\"@id\":\"https:\\\/\\\/www.nature-ride.be\\\/#\\\/schema\\\/logo\\\/image\\\/\",\"url\":\"https:\\\/\\\/www.nature-ride.be\\\/wp-content\\\/uploads\\\/2021\\\/02\\\/Nature-Ride-LOGO-2.png\",\"contentUrl\":\"https:\\\/\\\/www.nature-ride.be\\\/wp-content\\\/uploads\\\/2021\\\/02\\\/Nature-Ride-LOGO-2.png\",\"width\":2952,\"height\":1314,\"caption\":\"Nature-Ride\"},\"image\":{\"@id\":\"https:\\\/\\\/www.nature-ride.be\\\/#\\\/schema\\\/logo\\\/image\\\/\"},\"sameAs\":[\"https:\\\/\\\/www.facebook.com\\\/NatureRideShop\\\/\",\"https:\\\/\\\/www.instagram.com\\\/naturerideshop\\\/\"]}]}<\/script>\n<!-- \/ Yoast SEO plugin. -->","yoast_head_json":{"title":"Nature-Ride - SimWax Fart 50g","description":"Le fart Simwax est fabriqu\u00e9 en France, de fa\u00e7on artisanale, \u00e0 base de produits naturels et sans fluor! Pour skis et snowboards.","robots":{"index":"index","follow":"follow","max-snippet":"max-snippet:-1","max-image-preview":"max-image-preview:large","max-video-preview":"max-video-preview:-1"},"canonical":"https:\/\/www.nature-ride.be\/en\/boutique\/snowboard\/accessoires-snowboard\/simwax-fart-50g\/","og_locale":"en_GB","og_type":"article","og_title":"Nature-Ride - SimWax Fart 50g","og_description":"Le fart Simwax est fabriqu\u00e9 en France, de fa\u00e7on artisanale, \u00e0 base de produits naturels et sans fluor! Pour skis et snowboards.","og_url":"https:\/\/www.nature-ride.be\/en\/boutique\/snowboard\/accessoires-snowboard\/simwax-fart-50g\/","og_site_name":"Nature-Ride","article_publisher":"https:\/\/www.facebook.com\/NatureRideShop\/","article_modified_time":"2022-04-15T19:58:12+00:00","og_image":[{"width":1024,"height":1024,"url":"https:\/\/www.nature-ride.be\/wp-content\/uploads\/2022\/04\/SimWax-Fart-1x1-1-1.jpg","type":"image\/jpeg"}],"twitter_card":"summary_large_image","schema":{"@context":"https:\/\/schema.org","@graph":[{"@type":"WebPage","@id":"https:\/\/www.nature-ride.be\/boutique\/snowboard\/accessoires-snowboard\/simwax-fart-50g\/","url":"https:\/\/www.nature-ride.be\/boutique\/snowboard\/accessoires-snowboard\/simwax-fart-50g\/","name":"Nature-Ride - SimWax Fart 50g","isPartOf":{"@id":"https:\/\/www.nature-ride.be\/#website"},"primaryImageOfPage":{"@id":"https:\/\/www.nature-ride.be\/boutique\/snowboard\/accessoires-snowboard\/simwax-fart-50g\/#primaryimage"},"image":{"@id":"https:\/\/www.nature-ride.be\/boutique\/snowboard\/accessoires-snowboard\/simwax-fart-50g\/#primaryimage"},"thumbnailUrl":"https:\/\/www.nature-ride.be\/wp-content\/uploads\/2022\/04\/SimWax-Fart-1x1-1-1.jpg","datePublished":"2022-04-14T20:00:47+00:00","dateModified":"2022-04-15T19:58:12+00:00","description":"Le fart Simwax est fabriqu\u00e9 en France, de fa\u00e7on artisanale, \u00e0 base de produits naturels et sans fluor! Pour skis et snowboards.","breadcrumb":{"@id":"https:\/\/www.nature-ride.be\/boutique\/snowboard\/accessoires-snowboard\/simwax-fart-50g\/#breadcrumb"},"inLanguage":"en-GB","potentialAction":[{"@type":"ReadAction","target":["https:\/\/www.nature-ride.be\/boutique\/snowboard\/accessoires-snowboard\/simwax-fart-50g\/"]}]},{"@type":"ImageObject","inLanguage":"en-GB","@id":"https:\/\/www.nature-ride.be\/boutique\/snowboard\/accessoires-snowboard\/simwax-fart-50g\/#primaryimage","url":"https:\/\/www.nature-ride.be\/wp-content\/uploads\/2022\/04\/SimWax-Fart-1x1-1-1.jpg","contentUrl":"https:\/\/www.nature-ride.be\/wp-content\/uploads\/2022\/04\/SimWax-Fart-1x1-1-1.jpg","width":1024,"height":1024},{"@type":"BreadcrumbList","@id":"https:\/\/www.nature-ride.be\/boutique\/snowboard\/accessoires-snowboard\/simwax-fart-50g\/#breadcrumb","itemListElement":[{"@type":"ListItem","position":1,"name":"Accueil","item":"https:\/\/www.nature-ride.be\/"},{"@type":"ListItem","position":2,"name":"Boutique","item":"https:\/\/www.nature-ride.be\/boutique\/"},{"@type":"ListItem","position":3,"name":"SimWax Fart 50g"}]},{"@type":"WebSite","@id":"https:\/\/www.nature-ride.be\/#website","url":"https:\/\/www.nature-ride.be\/","name":"Nature-Ride","description":"Nature-Ride - Le site n\u00b01 du ride \u00e9cologique","publisher":{"@id":"https:\/\/www.nature-ride.be\/#organization"},"potentialAction":[{"@type":"SearchAction","target":{"@type":"EntryPoint","urlTemplate":"https:\/\/www.nature-ride.be\/?s={search_term_string}"},"query-input":{"@type":"PropertyValueSpecification","valueRequired":true,"valueName":"search_term_string"}}],"inLanguage":"en-GB"},{"@type":"Organization","@id":"https:\/\/www.nature-ride.be\/#organization","name":"Nature-Ride","url":"https:\/\/www.nature-ride.be\/","logo":{"@type":"ImageObject","inLanguage":"en-GB","@id":"https:\/\/www.nature-ride.be\/#\/schema\/logo\/image\/","url":"https:\/\/www.nature-ride.be\/wp-content\/uploads\/2021\/02\/Nature-Ride-LOGO-2.png","contentUrl":"https:\/\/www.nature-ride.be\/wp-content\/uploads\/2021\/02\/Nature-Ride-LOGO-2.png","width":2952,"height":1314,"caption":"Nature-Ride"},"image":{"@id":"https:\/\/www.nature-ride.be\/#\/schema\/logo\/image\/"},"sameAs":["https:\/\/www.facebook.com\/NatureRideShop\/","https:\/\/www.instagram.com\/naturerideshop\/"]}]}},"_links":{"self":[{"href":"https:\/\/www.nature-ride.be\/en\/wp-json\/wp\/v2\/product\/18778","targetHints":{"allow":["GET"]}}],"collection":[{"href":"https:\/\/www.nature-ride.be\/en\/wp-json\/wp\/v2\/product"}],"about":[{"href":"https:\/\/www.nature-ride.be\/en\/wp-json\/wp\/v2\/types\/product"}],"replies":[{"embeddable":true,"href":"https:\/\/www.nature-ride.be\/en\/wp-json\/wp\/v2\/comments?post=18778"}],"version-history":[{"count":19,"href":"https:\/\/www.nature-ride.be\/en\/wp-json\/wp\/v2\/product\/18778\/revisions"}],"predecessor-version":[{"id":18952,"href":"https:\/\/www.nature-ride.be\/en\/wp-json\/wp\/v2\/product\/18778\/revisions\/18952"}],"wp:featuredmedia":[{"embeddable":true,"href":"https:\/\/www.nature-ride.be\/en\/wp-json\/wp\/v2\/media\/18800"}],"wp:attachment":[{"href":"https:\/\/www.nature-ride.be\/en\/wp-json\/wp\/v2\/media?parent=18778"}],"wp:term":[{"taxonomy":"product_brand","embeddable":true,"href":"https:\/\/www.nature-ride.be\/en\/wp-json\/wp\/v2\/product_brand?post=18778"},{"taxonomy":"product_cat","embeddable":true,"href":"https:\/\/www.nature-ride.be\/en\/wp-json\/wp\/v2\/product_cat?post=18778"},{"taxonomy":"product_tag","embeddable":true,"href":"https:\/\/www.nature-ride.be\/en\/wp-json\/wp\/v2\/product_tag?post=18778"}],"curies":[{"name":"wp","href":"https:\/\/api.w.org\/{rel}","templated":true}]}}