{"id":12843,"date":"2022-02-20T18:38:44","date_gmt":"2022-02-20T18:38:44","guid":{"rendered":"https:\/\/www.nature-ride.be\/?post_type=product&#038;p=12843"},"modified":"2023-06-11T14:10:48","modified_gmt":"2023-06-11T14:10:48","slug":"andale-lucas-pro-single-puig-bearings","status":"publish","type":"product","link":"https:\/\/www.nature-ride.be\/en\/boutique\/skateboard\/roulements\/andale-lucas-pro-single-puig-bearings\/","title":{"rendered":"Andal\u00e9 Lucas Pro Single Puig Bearings"},"content":{"rendered":"<div data-elementor-type=\"product-post\" data-elementor-id=\"12843\" class=\"elementor elementor-12843\" data-elementor-post-type=\"product\">\n\t\t\t\t\t\t<section class=\"elementor-section elementor-top-section elementor-element elementor-element-c21bd49 elementor-section-boxed elementor-section-height-default elementor-section-height-default\" data-id=\"c21bd49\" data-element_type=\"section\" data-e-type=\"section\">\n\t\t\t\t\t\t<div class=\"elementor-container elementor-column-gap-default\">\n\t\t\t\t\t<div class=\"elementor-column elementor-col-100 elementor-top-column elementor-element elementor-element-f011f36\" data-id=\"f011f36\" data-element_type=\"column\" data-e-type=\"column\">\n\t\t\t<div class=\"elementor-widget-wrap elementor-element-populated\">\n\t\t\t\t\t\t<div class=\"elementor-element elementor-element-03c1d62 elementor-widget elementor-widget-heading\" data-id=\"03c1d62\" data-element_type=\"widget\" data-e-type=\"widget\" data-widget_type=\"heading.default\">\n\t\t\t\t<div class=\"elementor-widget-container\">\n\t\t\t\t\t<h2 class=\"elementor-heading-title elementor-size-default\">Andal\u00e9 Lucas Pro Single Puig Bearings, the bearings of the pro skater Lucas Puig!<\/h2>\t\t\t\t<\/div>\n\t\t\t\t<\/div>\n\t\t\t\t\t<\/div>\n\t\t<\/div>\n\t\t\t\t\t<\/div>\n\t\t<\/section>\n\t\t\t\t<section class=\"elementor-section elementor-top-section elementor-element elementor-element-8e981a3 elementor-section-boxed elementor-section-height-default elementor-section-height-default\" data-id=\"8e981a3\" data-element_type=\"section\" data-e-type=\"section\">\n\t\t\t\t\t\t<div class=\"elementor-container elementor-column-gap-default\">\n\t\t\t\t\t<div class=\"elementor-column elementor-col-100 elementor-top-column elementor-element elementor-element-e038dd1\" data-id=\"e038dd1\" data-element_type=\"column\" data-e-type=\"column\">\n\t\t\t<div class=\"elementor-widget-wrap elementor-element-populated\">\n\t\t\t\t\t\t<div class=\"elementor-element elementor-element-791a66d elementor-widget elementor-widget-text-editor\" data-id=\"791a66d\" data-element_type=\"widget\" data-e-type=\"widget\" data-widget_type=\"text-editor.default\">\n\t\t\t\t<div class=\"elementor-widget-container\">\n\t\t\t\t\t\t\t\t\t<p>Andale Lucas Pro Single Puig bearings are the latest ball bearings from the brand. They have been extensively tested and approved by Pro Rider Lucas Puig himself. They are made to withstand the wear and tear of everyday skateboarding. It's the perfect choice for a durable setup at an affordable price.<\/p><ul><li>Lucas Puig Signature Pro bearings.<\/li><li>Andal\u00e9 Premium Pro Rated bearings designed and tested by Lucas Puig to withstand wear and tear and daily skateboarding use.<\/li><li>G5 precision ball bearings for true rolling and higher speeds.<\/li><li>High carbon steel and chromium alloy bearings for high resistance to cracking and bearing wear<\/li><li>Removable rubber shields for easy cleaning.<\/li><\/ul><p><strong>Contents: 8 bearings, 4 spacers<\/strong><\/p>\t\t\t\t\t\t\t\t<\/div>\n\t\t\t\t<\/div>\n\t\t\t\t\t<\/div>\n\t\t<\/div>\n\t\t\t\t\t<\/div>\n\t\t<\/section>\n\t\t\t\t<section class=\"elementor-section elementor-top-section elementor-element elementor-element-0644ff2 elementor-section-boxed elementor-section-height-default elementor-section-height-default\" data-id=\"0644ff2\" data-element_type=\"section\" data-e-type=\"section\">\n\t\t\t\t\t\t<div class=\"elementor-container elementor-column-gap-default\">\n\t\t\t\t\t<div class=\"elementor-column elementor-col-100 elementor-top-column elementor-element elementor-element-7ad09dd\" data-id=\"7ad09dd\" data-element_type=\"column\" data-e-type=\"column\">\n\t\t\t<div class=\"elementor-widget-wrap elementor-element-populated\">\n\t\t\t\t\t\t<div class=\"elementor-element elementor-element-529495c elementor-widget elementor-widget-gallery\" data-id=\"529495c\" data-element_type=\"widget\" data-e-type=\"widget\" data-settings=\"{&quot;aspect_ratio&quot;:&quot;1:1&quot;,&quot;columns_mobile&quot;:2,&quot;lazyload&quot;:&quot;yes&quot;,&quot;gallery_layout&quot;:&quot;grid&quot;,&quot;columns&quot;:4,&quot;columns_tablet&quot;:2,&quot;gap&quot;:{&quot;unit&quot;:&quot;px&quot;,&quot;size&quot;:10,&quot;sizes&quot;:[]},&quot;gap_tablet&quot;:{&quot;unit&quot;:&quot;px&quot;,&quot;size&quot;:10,&quot;sizes&quot;:[]},&quot;gap_mobile&quot;:{&quot;unit&quot;:&quot;px&quot;,&quot;size&quot;:10,&quot;sizes&quot;:[]},&quot;link_to&quot;:&quot;file&quot;,&quot;overlay_background&quot;:&quot;yes&quot;,&quot;content_hover_animation&quot;:&quot;fade-in&quot;}\" data-widget_type=\"gallery.default\">\n\t\t\t\t<div class=\"elementor-widget-container\">\n\t\t\t\t\t\t\t<div class=\"elementor-gallery__container\">\n\t\t\t\t\t\t\t<a class=\"e-gallery-item elementor-gallery-item elementor-animated-content\" href=\"https:\/\/www.nature-ride.be\/wp-content\/uploads\/2022\/02\/andale-lucas-puig1.jpg\" data-elementor-open-lightbox=\"yes\" data-elementor-lightbox-slideshow=\"529495c\" data-elementor-lightbox-title=\"andale-lucas-puig1\" data-e-action-hash=\"#elementor-action%3Aaction%3Dlightbox%26settings%3DeyJpZCI6MTI4NDQsInVybCI6Imh0dHBzOlwvXC93d3cubmF0dXJlLXJpZGUuYmVcL3dwLWNvbnRlbnRcL3VwbG9hZHNcLzIwMjJcLzAyXC9hbmRhbGUtbHVjYXMtcHVpZzEuanBnIiwic2xpZGVzaG93IjoiNTI5NDk1YyJ9\">\n\t\t\t\t\t<div class=\"e-gallery-image elementor-gallery-item__image\" data-thumbnail=\"https:\/\/www.nature-ride.be\/wp-content\/uploads\/2022\/02\/andale-lucas-puig1.jpg\" data-width=\"1024\" data-height=\"1024\" aria-label=\"\" role=\"img\" ><\/div>\n\t\t\t\t\t\t\t\t\t\t\t<div class=\"elementor-gallery-item__overlay\"><\/div>\n\t\t\t\t\t\t\t\t\t\t\t\t\t\t<\/a>\n\t\t\t\t\t\t\t<a class=\"e-gallery-item elementor-gallery-item elementor-animated-content\" href=\"https:\/\/www.nature-ride.be\/wp-content\/uploads\/2022\/02\/andale-lucas-puig2.jpg\" data-elementor-open-lightbox=\"yes\" data-elementor-lightbox-slideshow=\"529495c\" data-elementor-lightbox-title=\"andale-lucas-puig2\" data-e-action-hash=\"#elementor-action%3Aaction%3Dlightbox%26settings%3DeyJpZCI6MTI4NDUsInVybCI6Imh0dHBzOlwvXC93d3cubmF0dXJlLXJpZGUuYmVcL3dwLWNvbnRlbnRcL3VwbG9hZHNcLzIwMjJcLzAyXC9hbmRhbGUtbHVjYXMtcHVpZzIuanBnIiwic2xpZGVzaG93IjoiNTI5NDk1YyJ9\">\n\t\t\t\t\t<div class=\"e-gallery-image elementor-gallery-item__image\" data-thumbnail=\"https:\/\/www.nature-ride.be\/wp-content\/uploads\/2022\/02\/andale-lucas-puig2.jpg\" data-width=\"1024\" data-height=\"1024\" aria-label=\"\" role=\"img\" ><\/div>\n\t\t\t\t\t\t\t\t\t\t\t<div class=\"elementor-gallery-item__overlay\"><\/div>\n\t\t\t\t\t\t\t\t\t\t\t\t\t\t<\/a>\n\t\t\t\t\t\t\t<a class=\"e-gallery-item elementor-gallery-item elementor-animated-content\" href=\"https:\/\/www.nature-ride.be\/wp-content\/uploads\/2022\/02\/andale-lucas-puig3.jpg\" data-elementor-open-lightbox=\"yes\" data-elementor-lightbox-slideshow=\"529495c\" data-elementor-lightbox-title=\"andale-lucas-puig3\" data-e-action-hash=\"#elementor-action%3Aaction%3Dlightbox%26settings%3DeyJpZCI6MTI4NDYsInVybCI6Imh0dHBzOlwvXC93d3cubmF0dXJlLXJpZGUuYmVcL3dwLWNvbnRlbnRcL3VwbG9hZHNcLzIwMjJcLzAyXC9hbmRhbGUtbHVjYXMtcHVpZzMuanBnIiwic2xpZGVzaG93IjoiNTI5NDk1YyJ9\">\n\t\t\t\t\t<div class=\"e-gallery-image elementor-gallery-item__image\" data-thumbnail=\"https:\/\/www.nature-ride.be\/wp-content\/uploads\/2022\/02\/andale-lucas-puig3.jpg\" data-width=\"1024\" data-height=\"1024\" aria-label=\"\" role=\"img\" ><\/div>\n\t\t\t\t\t\t\t\t\t\t\t<div class=\"elementor-gallery-item__overlay\"><\/div>\n\t\t\t\t\t\t\t\t\t\t\t\t\t\t<\/a>\n\t\t\t\t\t\t\t<a class=\"e-gallery-item elementor-gallery-item elementor-animated-content\" href=\"https:\/\/www.nature-ride.be\/wp-content\/uploads\/2022\/02\/andale-lucas-puig4.jpg\" data-elementor-open-lightbox=\"yes\" data-elementor-lightbox-slideshow=\"529495c\" data-elementor-lightbox-title=\"andale-lucas-puig4\" data-e-action-hash=\"#elementor-action%3Aaction%3Dlightbox%26settings%3DeyJpZCI6MTI4NDcsInVybCI6Imh0dHBzOlwvXC93d3cubmF0dXJlLXJpZGUuYmVcL3dwLWNvbnRlbnRcL3VwbG9hZHNcLzIwMjJcLzAyXC9hbmRhbGUtbHVjYXMtcHVpZzQuanBnIiwic2xpZGVzaG93IjoiNTI5NDk1YyJ9\">\n\t\t\t\t\t<div class=\"e-gallery-image elementor-gallery-item__image\" data-thumbnail=\"https:\/\/www.nature-ride.be\/wp-content\/uploads\/2022\/02\/andale-lucas-puig4.jpg\" data-width=\"1024\" data-height=\"1024\" aria-label=\"\" role=\"img\" ><\/div>\n\t\t\t\t\t\t\t\t\t\t\t<div class=\"elementor-gallery-item__overlay\"><\/div>\n\t\t\t\t\t\t\t\t\t\t\t\t\t\t<\/a>\n\t\t\t\t\t<\/div>\n\t\t\t\t\t<\/div>\n\t\t\t\t<\/div>\n\t\t\t\t\t<\/div>\n\t\t<\/div>\n\t\t\t\t\t<\/div>\n\t\t<\/section>\n\t\t\t\t<\/div>","protected":false},"excerpt":{"rendered":"<p><a href=\"https:\/\/www.nature-ride.be\/en\/andale-presentation\/\"><img decoding=\"async\" class=\"alignnone wp-image-5478 size-medium lazyload\" data-src=\"https:\/\/www.nature-ride.be\/wp-content\/uploads\/2021\/11\/Andale_Bearings_Blue_Logo_2020-300x92.png\" alt=\"\" width=\"300\" height=\"92\" data-srcset=\"https:\/\/www.nature-ride.be\/wp-content\/uploads\/2021\/11\/Andale_Bearings_Blue_Logo_2020-300x92.png 300w, https:\/\/www.nature-ride.be\/wp-content\/uploads\/2021\/11\/Andale_Bearings_Blue_Logo_2020-18x6.png 18w, https:\/\/www.nature-ride.be\/wp-content\/uploads\/2021\/11\/Andale_Bearings_Blue_Logo_2020.png 350w\" data-sizes=\"(max-width: 300px) 100vw, 300px\" src=\"data:image\/svg+xml;base64,PHN2ZyB3aWR0aD0iMSIgaGVpZ2h0PSIxIiB4bWxucz0iaHR0cDovL3d3dy53My5vcmcvMjAwMC9zdmciPjwvc3ZnPg==\" style=\"--smush-placeholder-width: 300px; --smush-placeholder-aspect-ratio: 300\/92;\" \/><\/a><\/p>","protected":false},"featured_media":12844,"comment_status":"open","ping_status":"closed","template":"","meta":{"_monsterinsights_skip_tracking":false,"_monsterinsights_sitenote_active":false,"_monsterinsights_sitenote_note":"","_monsterinsights_sitenote_category":0,"site-sidebar-layout":"left-sidebar","site-content-layout":"page-builder","ast-site-content-layout":"default","site-content-style":"default","site-sidebar-style":"default","ast-global-header-display":"","ast-banner-title-visibility":"","ast-main-header-display":"","ast-hfb-above-header-display":"","ast-hfb-below-header-display":"","ast-hfb-mobile-header-display":"","site-post-title":"disabled","ast-breadcrumbs-content":"","ast-featured-img":"disabled","footer-sml-layout":"","ast-disable-related-posts":"","theme-transparent-header-meta":"default","adv-header-id-meta":"","stick-header-meta":"","header-above-stick-meta":"","header-main-stick-meta":"","header-below-stick-meta":"","astra-migrate-meta-layouts":"default","ast-page-background-enabled":"default","ast-page-background-meta":{"desktop":{"background-color":"","background-image":"","background-repeat":"repeat","background-position":"center center","background-size":"auto","background-attachment":"scroll","background-type":"","background-media":"","overlay-type":"","overlay-color":"","overlay-opacity":"","overlay-gradient":""},"tablet":{"background-color":"","background-image":"","background-repeat":"repeat","background-position":"center center","background-size":"auto","background-attachment":"scroll","background-type":"","background-media":"","overlay-type":"","overlay-color":"","overlay-opacity":"","overlay-gradient":""},"mobile":{"background-color":"","background-image":"","background-repeat":"repeat","background-position":"center center","background-size":"auto","background-attachment":"scroll","background-type":"","background-media":"","overlay-type":"","overlay-color":"","overlay-opacity":"","overlay-gradient":""}},"ast-content-background-meta":{"desktop":{"background-color":"var(--ast-global-color-5)","background-image":"","background-repeat":"repeat","background-position":"center center","background-size":"auto","background-attachment":"scroll","background-type":"","background-media":"","overlay-type":"","overlay-color":"","overlay-opacity":"","overlay-gradient":""},"tablet":{"background-color":"var(--ast-global-color-5)","background-image":"","background-repeat":"repeat","background-position":"center center","background-size":"auto","background-attachment":"scroll","background-type":"","background-media":"","overlay-type":"","overlay-color":"","overlay-opacity":"","overlay-gradient":""},"mobile":{"background-color":"var(--ast-global-color-5)","background-image":"","background-repeat":"repeat","background-position":"center center","background-size":"auto","background-attachment":"scroll","background-type":"","background-media":"","overlay-type":"","overlay-color":"","overlay-opacity":"","overlay-gradient":""}}},"product_brand":[185],"product_cat":[136,16],"product_tag":[],"class_list":{"0":"post-12843","1":"product","2":"type-product","3":"status-publish","4":"has-post-thumbnail","6":"product_brand-andale","7":"product_cat-roulements","8":"product_cat-skateboard","9":"desktop-align-left","10":"tablet-align-left","11":"mobile-align-center","13":"first","14":"instock","15":"taxable","16":"shipping-taxable","17":"purchasable","18":"product-type-simple"},"yoast_head":"<!-- This site is optimized with the Yoast SEO plugin v27.5 - https:\/\/yoast.com\/product\/yoast-seo-wordpress\/ -->\n<title>Nature-Ride - Andal\u00e9 Lucas Pro Single Puig Bearings<\/title>\n<meta name=\"description\" content=\"Retrouvez la gamme de roulements skate Andal\u00e9 Bearings sur Nature-Ride! Des pi\u00e8ces test\u00e9es et approuv\u00e9es par les riders.\" \/>\n<meta name=\"robots\" content=\"index, follow, max-snippet:-1, max-image-preview:large, max-video-preview:-1\" \/>\n<link rel=\"canonical\" href=\"https:\/\/www.nature-ride.be\/en\/boutique\/skateboard\/roulements\/andale-lucas-pro-single-puig-bearings\/\" \/>\n<meta property=\"og:locale\" content=\"en_GB\" \/>\n<meta property=\"og:type\" content=\"article\" \/>\n<meta property=\"og:title\" content=\"Nature-Ride - Andal\u00e9 Lucas Pro Single Puig Bearings\" \/>\n<meta property=\"og:description\" content=\"Retrouvez la gamme de roulements skate Andal\u00e9 Bearings sur Nature-Ride! Des pi\u00e8ces test\u00e9es et approuv\u00e9es par les riders.\" \/>\n<meta property=\"og:url\" content=\"https:\/\/www.nature-ride.be\/en\/boutique\/skateboard\/roulements\/andale-lucas-pro-single-puig-bearings\/\" \/>\n<meta property=\"og:site_name\" content=\"Nature-Ride\" \/>\n<meta property=\"article:publisher\" content=\"https:\/\/www.facebook.com\/NatureRideShop\/\" \/>\n<meta property=\"article:modified_time\" content=\"2023-06-11T14:10:48+00:00\" \/>\n<meta property=\"og:image\" content=\"https:\/\/www.nature-ride.be\/wp-content\/uploads\/2022\/02\/andale-lucas-puig1.jpg\" \/>\n\t<meta property=\"og:image:width\" content=\"1024\" \/>\n\t<meta property=\"og:image:height\" content=\"1024\" \/>\n\t<meta property=\"og:image:type\" content=\"image\/jpeg\" \/>\n<meta name=\"twitter:card\" content=\"summary_large_image\" \/>\n<script type=\"application\/ld+json\" class=\"yoast-schema-graph\">{\"@context\":\"https:\\\/\\\/schema.org\",\"@graph\":[{\"@type\":\"WebPage\",\"@id\":\"https:\\\/\\\/www.nature-ride.be\\\/boutique\\\/skateboard\\\/roulements\\\/andale-lucas-pro-single-puig-bearings\\\/\",\"url\":\"https:\\\/\\\/www.nature-ride.be\\\/boutique\\\/skateboard\\\/roulements\\\/andale-lucas-pro-single-puig-bearings\\\/\",\"name\":\"Nature-Ride - Andal\u00e9 Lucas Pro Single Puig Bearings\",\"isPartOf\":{\"@id\":\"https:\\\/\\\/www.nature-ride.be\\\/#website\"},\"primaryImageOfPage\":{\"@id\":\"https:\\\/\\\/www.nature-ride.be\\\/boutique\\\/skateboard\\\/roulements\\\/andale-lucas-pro-single-puig-bearings\\\/#primaryimage\"},\"image\":{\"@id\":\"https:\\\/\\\/www.nature-ride.be\\\/boutique\\\/skateboard\\\/roulements\\\/andale-lucas-pro-single-puig-bearings\\\/#primaryimage\"},\"thumbnailUrl\":\"https:\\\/\\\/www.nature-ride.be\\\/wp-content\\\/uploads\\\/2022\\\/02\\\/andale-lucas-puig1.jpg\",\"datePublished\":\"2022-02-20T18:38:44+00:00\",\"dateModified\":\"2023-06-11T14:10:48+00:00\",\"description\":\"Retrouvez la gamme de roulements skate Andal\u00e9 Bearings sur Nature-Ride! Des pi\u00e8ces test\u00e9es et approuv\u00e9es par les riders.\",\"breadcrumb\":{\"@id\":\"https:\\\/\\\/www.nature-ride.be\\\/boutique\\\/skateboard\\\/roulements\\\/andale-lucas-pro-single-puig-bearings\\\/#breadcrumb\"},\"inLanguage\":\"en-GB\",\"potentialAction\":[{\"@type\":\"ReadAction\",\"target\":[\"https:\\\/\\\/www.nature-ride.be\\\/boutique\\\/skateboard\\\/roulements\\\/andale-lucas-pro-single-puig-bearings\\\/\"]}]},{\"@type\":\"ImageObject\",\"inLanguage\":\"en-GB\",\"@id\":\"https:\\\/\\\/www.nature-ride.be\\\/boutique\\\/skateboard\\\/roulements\\\/andale-lucas-pro-single-puig-bearings\\\/#primaryimage\",\"url\":\"https:\\\/\\\/www.nature-ride.be\\\/wp-content\\\/uploads\\\/2022\\\/02\\\/andale-lucas-puig1.jpg\",\"contentUrl\":\"https:\\\/\\\/www.nature-ride.be\\\/wp-content\\\/uploads\\\/2022\\\/02\\\/andale-lucas-puig1.jpg\",\"width\":1024,\"height\":1024},{\"@type\":\"BreadcrumbList\",\"@id\":\"https:\\\/\\\/www.nature-ride.be\\\/boutique\\\/skateboard\\\/roulements\\\/andale-lucas-pro-single-puig-bearings\\\/#breadcrumb\",\"itemListElement\":[{\"@type\":\"ListItem\",\"position\":1,\"name\":\"Accueil\",\"item\":\"https:\\\/\\\/www.nature-ride.be\\\/\"},{\"@type\":\"ListItem\",\"position\":2,\"name\":\"Boutique\",\"item\":\"https:\\\/\\\/www.nature-ride.be\\\/boutique\\\/\"},{\"@type\":\"ListItem\",\"position\":3,\"name\":\"Andal\u00e9 Lucas Pro Single Puig Bearings\"}]},{\"@type\":\"WebSite\",\"@id\":\"https:\\\/\\\/www.nature-ride.be\\\/#website\",\"url\":\"https:\\\/\\\/www.nature-ride.be\\\/\",\"name\":\"Nature-Ride\",\"description\":\"Nature-Ride - Le site n\u00b01 du ride \u00e9cologique\",\"publisher\":{\"@id\":\"https:\\\/\\\/www.nature-ride.be\\\/#organization\"},\"potentialAction\":[{\"@type\":\"SearchAction\",\"target\":{\"@type\":\"EntryPoint\",\"urlTemplate\":\"https:\\\/\\\/www.nature-ride.be\\\/?s={search_term_string}\"},\"query-input\":{\"@type\":\"PropertyValueSpecification\",\"valueRequired\":true,\"valueName\":\"search_term_string\"}}],\"inLanguage\":\"en-GB\"},{\"@type\":\"Organization\",\"@id\":\"https:\\\/\\\/www.nature-ride.be\\\/#organization\",\"name\":\"Nature-Ride\",\"url\":\"https:\\\/\\\/www.nature-ride.be\\\/\",\"logo\":{\"@type\":\"ImageObject\",\"inLanguage\":\"en-GB\",\"@id\":\"https:\\\/\\\/www.nature-ride.be\\\/#\\\/schema\\\/logo\\\/image\\\/\",\"url\":\"https:\\\/\\\/www.nature-ride.be\\\/wp-content\\\/uploads\\\/2021\\\/02\\\/Nature-Ride-LOGO-2.png\",\"contentUrl\":\"https:\\\/\\\/www.nature-ride.be\\\/wp-content\\\/uploads\\\/2021\\\/02\\\/Nature-Ride-LOGO-2.png\",\"width\":2952,\"height\":1314,\"caption\":\"Nature-Ride\"},\"image\":{\"@id\":\"https:\\\/\\\/www.nature-ride.be\\\/#\\\/schema\\\/logo\\\/image\\\/\"},\"sameAs\":[\"https:\\\/\\\/www.facebook.com\\\/NatureRideShop\\\/\",\"https:\\\/\\\/www.instagram.com\\\/naturerideshop\\\/\"]}]}<\/script>\n<!-- \/ Yoast SEO plugin. -->","yoast_head_json":{"title":"Nature-Ride - Andal\u00e9 Lucas Pro Single Puig Bearings","description":"Retrouvez la gamme de roulements skate Andal\u00e9 Bearings sur Nature-Ride! Des pi\u00e8ces test\u00e9es et approuv\u00e9es par les riders.","robots":{"index":"index","follow":"follow","max-snippet":"max-snippet:-1","max-image-preview":"max-image-preview:large","max-video-preview":"max-video-preview:-1"},"canonical":"https:\/\/www.nature-ride.be\/en\/boutique\/skateboard\/roulements\/andale-lucas-pro-single-puig-bearings\/","og_locale":"en_GB","og_type":"article","og_title":"Nature-Ride - Andal\u00e9 Lucas Pro Single Puig Bearings","og_description":"Retrouvez la gamme de roulements skate Andal\u00e9 Bearings sur Nature-Ride! Des pi\u00e8ces test\u00e9es et approuv\u00e9es par les riders.","og_url":"https:\/\/www.nature-ride.be\/en\/boutique\/skateboard\/roulements\/andale-lucas-pro-single-puig-bearings\/","og_site_name":"Nature-Ride","article_publisher":"https:\/\/www.facebook.com\/NatureRideShop\/","article_modified_time":"2023-06-11T14:10:48+00:00","og_image":[{"width":1024,"height":1024,"url":"https:\/\/www.nature-ride.be\/wp-content\/uploads\/2022\/02\/andale-lucas-puig1.jpg","type":"image\/jpeg"}],"twitter_card":"summary_large_image","schema":{"@context":"https:\/\/schema.org","@graph":[{"@type":"WebPage","@id":"https:\/\/www.nature-ride.be\/boutique\/skateboard\/roulements\/andale-lucas-pro-single-puig-bearings\/","url":"https:\/\/www.nature-ride.be\/boutique\/skateboard\/roulements\/andale-lucas-pro-single-puig-bearings\/","name":"Nature-Ride - Andal\u00e9 Lucas Pro Single Puig Bearings","isPartOf":{"@id":"https:\/\/www.nature-ride.be\/#website"},"primaryImageOfPage":{"@id":"https:\/\/www.nature-ride.be\/boutique\/skateboard\/roulements\/andale-lucas-pro-single-puig-bearings\/#primaryimage"},"image":{"@id":"https:\/\/www.nature-ride.be\/boutique\/skateboard\/roulements\/andale-lucas-pro-single-puig-bearings\/#primaryimage"},"thumbnailUrl":"https:\/\/www.nature-ride.be\/wp-content\/uploads\/2022\/02\/andale-lucas-puig1.jpg","datePublished":"2022-02-20T18:38:44+00:00","dateModified":"2023-06-11T14:10:48+00:00","description":"Retrouvez la gamme de roulements skate Andal\u00e9 Bearings sur Nature-Ride! Des pi\u00e8ces test\u00e9es et approuv\u00e9es par les riders.","breadcrumb":{"@id":"https:\/\/www.nature-ride.be\/boutique\/skateboard\/roulements\/andale-lucas-pro-single-puig-bearings\/#breadcrumb"},"inLanguage":"en-GB","potentialAction":[{"@type":"ReadAction","target":["https:\/\/www.nature-ride.be\/boutique\/skateboard\/roulements\/andale-lucas-pro-single-puig-bearings\/"]}]},{"@type":"ImageObject","inLanguage":"en-GB","@id":"https:\/\/www.nature-ride.be\/boutique\/skateboard\/roulements\/andale-lucas-pro-single-puig-bearings\/#primaryimage","url":"https:\/\/www.nature-ride.be\/wp-content\/uploads\/2022\/02\/andale-lucas-puig1.jpg","contentUrl":"https:\/\/www.nature-ride.be\/wp-content\/uploads\/2022\/02\/andale-lucas-puig1.jpg","width":1024,"height":1024},{"@type":"BreadcrumbList","@id":"https:\/\/www.nature-ride.be\/boutique\/skateboard\/roulements\/andale-lucas-pro-single-puig-bearings\/#breadcrumb","itemListElement":[{"@type":"ListItem","position":1,"name":"Accueil","item":"https:\/\/www.nature-ride.be\/"},{"@type":"ListItem","position":2,"name":"Boutique","item":"https:\/\/www.nature-ride.be\/boutique\/"},{"@type":"ListItem","position":3,"name":"Andal\u00e9 Lucas Pro Single Puig Bearings"}]},{"@type":"WebSite","@id":"https:\/\/www.nature-ride.be\/#website","url":"https:\/\/www.nature-ride.be\/","name":"Nature-Ride","description":"Nature-Ride - Le site n\u00b01 du ride \u00e9cologique","publisher":{"@id":"https:\/\/www.nature-ride.be\/#organization"},"potentialAction":[{"@type":"SearchAction","target":{"@type":"EntryPoint","urlTemplate":"https:\/\/www.nature-ride.be\/?s={search_term_string}"},"query-input":{"@type":"PropertyValueSpecification","valueRequired":true,"valueName":"search_term_string"}}],"inLanguage":"en-GB"},{"@type":"Organization","@id":"https:\/\/www.nature-ride.be\/#organization","name":"Nature-Ride","url":"https:\/\/www.nature-ride.be\/","logo":{"@type":"ImageObject","inLanguage":"en-GB","@id":"https:\/\/www.nature-ride.be\/#\/schema\/logo\/image\/","url":"https:\/\/www.nature-ride.be\/wp-content\/uploads\/2021\/02\/Nature-Ride-LOGO-2.png","contentUrl":"https:\/\/www.nature-ride.be\/wp-content\/uploads\/2021\/02\/Nature-Ride-LOGO-2.png","width":2952,"height":1314,"caption":"Nature-Ride"},"image":{"@id":"https:\/\/www.nature-ride.be\/#\/schema\/logo\/image\/"},"sameAs":["https:\/\/www.facebook.com\/NatureRideShop\/","https:\/\/www.instagram.com\/naturerideshop\/"]}]}},"_links":{"self":[{"href":"https:\/\/www.nature-ride.be\/en\/wp-json\/wp\/v2\/product\/12843","targetHints":{"allow":["GET"]}}],"collection":[{"href":"https:\/\/www.nature-ride.be\/en\/wp-json\/wp\/v2\/product"}],"about":[{"href":"https:\/\/www.nature-ride.be\/en\/wp-json\/wp\/v2\/types\/product"}],"replies":[{"embeddable":true,"href":"https:\/\/www.nature-ride.be\/en\/wp-json\/wp\/v2\/comments?post=12843"}],"version-history":[{"count":21,"href":"https:\/\/www.nature-ride.be\/en\/wp-json\/wp\/v2\/product\/12843\/revisions"}],"predecessor-version":[{"id":17199,"href":"https:\/\/www.nature-ride.be\/en\/wp-json\/wp\/v2\/product\/12843\/revisions\/17199"}],"wp:featuredmedia":[{"embeddable":true,"href":"https:\/\/www.nature-ride.be\/en\/wp-json\/wp\/v2\/media\/12844"}],"wp:attachment":[{"href":"https:\/\/www.nature-ride.be\/en\/wp-json\/wp\/v2\/media?parent=12843"}],"wp:term":[{"taxonomy":"product_brand","embeddable":true,"href":"https:\/\/www.nature-ride.be\/en\/wp-json\/wp\/v2\/product_brand?post=12843"},{"taxonomy":"product_cat","embeddable":true,"href":"https:\/\/www.nature-ride.be\/en\/wp-json\/wp\/v2\/product_cat?post=12843"},{"taxonomy":"product_tag","embeddable":true,"href":"https:\/\/www.nature-ride.be\/en\/wp-json\/wp\/v2\/product_tag?post=12843"}],"curies":[{"name":"wp","href":"https:\/\/api.w.org\/{rel}","templated":true}]}}