{"id":6768,"date":"2022-01-09T13:29:12","date_gmt":"2022-01-09T13:29:12","guid":{"rendered":"https:\/\/www.nature-ride.be\/?page_id=6768"},"modified":"2023-04-05T10:50:12","modified_gmt":"2023-04-05T10:50:12","slug":"quelle-taille-de-casque-choisir-snowboard","status":"publish","type":"page","link":"https:\/\/www.nature-ride.be\/en\/quelle-taille-de-casque-choisir-snowboard\/","title":{"rendered":"Quelle taille de casque choisir ? snowboard"},"content":{"rendered":"<div data-elementor-type=\"wp-page\" data-elementor-id=\"6768\" class=\"elementor elementor-6768\" data-elementor-post-type=\"page\">\n\t\t\t\t\t\t<section class=\"elementor-section elementor-top-section elementor-element elementor-element-b37f90b elementor-section-boxed elementor-section-height-default elementor-section-height-default\" data-id=\"b37f90b\" data-element_type=\"section\" data-e-type=\"section\">\n\t\t\t\t\t\t<div class=\"elementor-container elementor-column-gap-default\">\n\t\t\t\t\t<div class=\"elementor-column elementor-col-100 elementor-top-column elementor-element elementor-element-3e7dcd5\" data-id=\"3e7dcd5\" data-element_type=\"column\" data-e-type=\"column\">\n\t\t\t<div class=\"elementor-widget-wrap elementor-element-populated\">\n\t\t\t\t\t\t<div class=\"elementor-element elementor-element-276904f elementor-widget elementor-widget-heading\" data-id=\"276904f\" data-element_type=\"widget\" data-e-type=\"widget\" data-widget_type=\"heading.default\">\n\t\t\t\t<div class=\"elementor-widget-container\">\n\t\t\t\t\t<h2 class=\"elementor-heading-title elementor-size-default\">Which size of helmet to choose?<\/h2>\t\t\t\t<\/div>\n\t\t\t\t<\/div>\n\t\t\t\t\t<\/div>\n\t\t<\/div>\n\t\t\t\t\t<\/div>\n\t\t<\/section>\n\t\t\t\t<section class=\"elementor-section elementor-top-section elementor-element elementor-element-8696b19 elementor-section-boxed elementor-section-height-default elementor-section-height-default\" data-id=\"8696b19\" data-element_type=\"section\" data-e-type=\"section\">\n\t\t\t\t\t\t<div class=\"elementor-container elementor-column-gap-default\">\n\t\t\t\t\t<div class=\"elementor-column elementor-col-100 elementor-top-column elementor-element elementor-element-ad2bb6f\" data-id=\"ad2bb6f\" data-element_type=\"column\" data-e-type=\"column\">\n\t\t\t<div class=\"elementor-widget-wrap elementor-element-populated\">\n\t\t\t\t\t\t<div class=\"elementor-element elementor-element-fe72429 elementor-widget elementor-widget-text-editor\" data-id=\"fe72429\" data-element_type=\"widget\" data-e-type=\"widget\" data-widget_type=\"text-editor.default\">\n\t\t\t\t<div class=\"elementor-widget-container\">\n\t\t\t\t\t\t\t\t\t<p style=\"text-align: center;\">Don't forget your helmet! And get one that fits! Here are some tips to help you find your way around.<\/p>\t\t\t\t\t\t\t\t<\/div>\n\t\t\t\t<\/div>\n\t\t\t\t<div class=\"elementor-element elementor-element-d3a6c53 elementor-widget elementor-widget-spacer\" data-id=\"d3a6c53\" data-element_type=\"widget\" data-e-type=\"widget\" data-widget_type=\"spacer.default\">\n\t\t\t\t<div class=\"elementor-widget-container\">\n\t\t\t\t\t\t\t<div class=\"elementor-spacer\">\n\t\t\t<div class=\"elementor-spacer-inner\"><\/div>\n\t\t<\/div>\n\t\t\t\t\t\t<\/div>\n\t\t\t\t<\/div>\n\t\t\t\t\t<\/div>\n\t\t<\/div>\n\t\t\t\t\t<\/div>\n\t\t<\/section>\n\t\t\t\t<section class=\"elementor-section elementor-top-section elementor-element elementor-element-e248b6b elementor-section-boxed elementor-section-height-default elementor-section-height-default\" data-id=\"e248b6b\" data-element_type=\"section\" data-e-type=\"section\">\n\t\t\t\t\t\t<div class=\"elementor-container elementor-column-gap-default\">\n\t\t\t\t\t<div class=\"elementor-column elementor-col-100 elementor-top-column elementor-element elementor-element-f42a059\" data-id=\"f42a059\" data-element_type=\"column\" data-e-type=\"column\">\n\t\t\t<div class=\"elementor-widget-wrap elementor-element-populated\">\n\t\t\t\t\t\t<div class=\"elementor-element elementor-element-b36c440 elementor-widget elementor-widget-heading\" data-id=\"b36c440\" data-element_type=\"widget\" data-e-type=\"widget\" data-widget_type=\"heading.default\">\n\t\t\t\t<div class=\"elementor-widget-container\">\n\t\t\t\t\t<h2 class=\"elementor-heading-title elementor-size-default\">Size guide<\/h2>\t\t\t\t<\/div>\n\t\t\t\t<\/div>\n\t\t\t\t<div class=\"elementor-element elementor-element-6b4c112 elementor-widget elementor-widget-text-editor\" data-id=\"6b4c112\" data-element_type=\"widget\" data-e-type=\"widget\" data-widget_type=\"text-editor.default\">\n\t\t\t\t<div class=\"elementor-widget-container\">\n\t\t\t\t\t\t\t\t\t<p><img fetchpriority=\"high\" decoding=\"async\" class=\"size-medium wp-image-6640 alignleft\" src=\"https:\/\/www.nature-ride.be\/wp-content\/uploads\/2022\/01\/guide-de-tailles-casque-1-219x300.jpg\" alt=\"\" width=\"219\" height=\"300\" srcset=\"https:\/\/www.nature-ride.be\/wp-content\/uploads\/2022\/01\/guide-de-tailles-casque-1-219x300.jpg 219w, https:\/\/www.nature-ride.be\/wp-content\/uploads\/2022\/01\/guide-de-tailles-casque-1-9x12.jpg 9w, https:\/\/www.nature-ride.be\/wp-content\/uploads\/2022\/01\/guide-de-tailles-casque-1.jpg 229w\" sizes=\"(max-width: 219px) 100vw, 219px\" \/>Tip 1: To measure your head circumference, measure where it is widest, i.e. about 2.5 cm above the eyebrow.<\/p><p>Tip 2: If you are between sizes, go for the larger size.<\/p>\t\t\t\t\t\t\t\t<\/div>\n\t\t\t\t<\/div>\n\t\t\t\t\t<\/div>\n\t\t<\/div>\n\t\t\t\t\t<\/div>\n\t\t<\/section>\n\t\t\t\t<section class=\"elementor-section elementor-top-section elementor-element elementor-element-903d6aa elementor-section-boxed elementor-section-height-default elementor-section-height-default\" data-id=\"903d6aa\" data-element_type=\"section\" data-e-type=\"section\">\n\t\t\t\t\t\t<div class=\"elementor-container elementor-column-gap-default\">\n\t\t\t\t\t<div class=\"elementor-column elementor-col-100 elementor-top-column elementor-element elementor-element-eef6c33\" data-id=\"eef6c33\" data-element_type=\"column\" data-e-type=\"column\">\n\t\t\t<div class=\"elementor-widget-wrap elementor-element-populated\">\n\t\t\t\t\t\t<div class=\"elementor-element elementor-element-eb0158a elementor-widget elementor-widget-image\" data-id=\"eb0158a\" data-element_type=\"widget\" data-e-type=\"widget\" data-widget_type=\"image.default\">\n\t\t\t\t<div class=\"elementor-widget-container\">\n\t\t\t\t\t\t\t\t\t\t\t\t\t\t\t<img decoding=\"async\" width=\"760\" height=\"193\" data-src=\"https:\/\/www.nature-ride.be\/wp-content\/uploads\/2021\/08\/TSG-BANNIERE-BLANCHE.png\" class=\"attachment-full size-full wp-image-2687 lazyload\" alt=\"\" data-srcset=\"https:\/\/www.nature-ride.be\/wp-content\/uploads\/2021\/08\/TSG-BANNIERE-BLANCHE.png 760w, https:\/\/www.nature-ride.be\/wp-content\/uploads\/2021\/08\/TSG-BANNIERE-BLANCHE-600x152.png 600w, https:\/\/www.nature-ride.be\/wp-content\/uploads\/2021\/08\/TSG-BANNIERE-BLANCHE-300x76.png 300w, https:\/\/www.nature-ride.be\/wp-content\/uploads\/2021\/08\/TSG-BANNIERE-BLANCHE-18x5.png 18w\" data-sizes=\"(max-width: 760px) 100vw, 760px\" src=\"data:image\/svg+xml;base64,PHN2ZyB3aWR0aD0iMSIgaGVpZ2h0PSIxIiB4bWxucz0iaHR0cDovL3d3dy53My5vcmcvMjAwMC9zdmciPjwvc3ZnPg==\" style=\"--smush-placeholder-width: 760px; --smush-placeholder-aspect-ratio: 760\/193;\" \/>\t\t\t\t\t\t\t\t\t\t\t\t\t\t\t<\/div>\n\t\t\t\t<\/div>\n\t\t\t\t\t<\/div>\n\t\t<\/div>\n\t\t\t\t\t<\/div>\n\t\t<\/section>\n\t\t\t\t<section class=\"elementor-section elementor-top-section elementor-element elementor-element-3999e31 elementor-section-boxed elementor-section-height-default elementor-section-height-default\" data-id=\"3999e31\" data-element_type=\"section\" data-e-type=\"section\">\n\t\t\t\t\t\t<div class=\"elementor-container elementor-column-gap-default\">\n\t\t\t\t\t<div class=\"elementor-column elementor-col-100 elementor-top-column elementor-element elementor-element-e440f69\" data-id=\"e440f69\" data-element_type=\"column\" data-e-type=\"column\">\n\t\t\t<div class=\"elementor-widget-wrap elementor-element-populated\">\n\t\t\t\t\t\t<div class=\"elementor-element elementor-element-38d65bb elementor-widget elementor-widget-image\" data-id=\"38d65bb\" data-element_type=\"widget\" data-e-type=\"widget\" data-widget_type=\"image.default\">\n\t\t\t\t<div class=\"elementor-widget-container\">\n\t\t\t\t\t\t\t\t\t\t\t\t\t\t\t<img decoding=\"async\" width=\"818\" height=\"739\" data-src=\"https:\/\/www.nature-ride.be\/wp-content\/uploads\/2022\/01\/TSG-guide-tailles-casques-snow.jpg\" class=\"attachment-full size-full wp-image-6782 lazyload\" alt=\"\" data-srcset=\"https:\/\/www.nature-ride.be\/wp-content\/uploads\/2022\/01\/TSG-guide-tailles-casques-snow.jpg 818w, https:\/\/www.nature-ride.be\/wp-content\/uploads\/2022\/01\/TSG-guide-tailles-casques-snow-600x542.jpg 600w, https:\/\/www.nature-ride.be\/wp-content\/uploads\/2022\/01\/TSG-guide-tailles-casques-snow-300x271.jpg 300w, https:\/\/www.nature-ride.be\/wp-content\/uploads\/2022\/01\/TSG-guide-tailles-casques-snow-768x694.jpg 768w, https:\/\/www.nature-ride.be\/wp-content\/uploads\/2022\/01\/TSG-guide-tailles-casques-snow-13x12.jpg 13w\" data-sizes=\"(max-width: 818px) 100vw, 818px\" src=\"data:image\/svg+xml;base64,PHN2ZyB3aWR0aD0iMSIgaGVpZ2h0PSIxIiB4bWxucz0iaHR0cDovL3d3dy53My5vcmcvMjAwMC9zdmciPjwvc3ZnPg==\" style=\"--smush-placeholder-width: 818px; --smush-placeholder-aspect-ratio: 818\/739;\" \/>\t\t\t\t\t\t\t\t\t\t\t\t\t\t\t<\/div>\n\t\t\t\t<\/div>\n\t\t\t\t\t<\/div>\n\t\t<\/div>\n\t\t\t\t\t<\/div>\n\t\t<\/section>\n\t\t\t\t<section class=\"elementor-section elementor-top-section elementor-element elementor-element-153feeb elementor-section-boxed elementor-section-height-default elementor-section-height-default\" data-id=\"153feeb\" data-element_type=\"section\" data-e-type=\"section\">\n\t\t\t\t\t\t<div class=\"elementor-container elementor-column-gap-default\">\n\t\t\t\t\t<div class=\"elementor-column elementor-col-100 elementor-top-column elementor-element elementor-element-e6df8bd\" data-id=\"e6df8bd\" data-element_type=\"column\" data-e-type=\"column\">\n\t\t\t<div class=\"elementor-widget-wrap elementor-element-populated\">\n\t\t\t\t\t\t<div class=\"elementor-element elementor-element-30f69f1 elementor-cta--skin-cover elementor-animated-content elementor-bg-transform elementor-bg-transform-zoom-in elementor-widget elementor-widget-call-to-action\" data-id=\"30f69f1\" data-element_type=\"widget\" data-e-type=\"widget\" data-widget_type=\"call-to-action.default\">\n\t\t\t\t<div class=\"elementor-widget-container\">\n\t\t\t\t\t\t\t<a class=\"elementor-cta\" href=\"https:\/\/www.nature-ride.be\/en\/product-category\/snowboard\/protections-snowboard\/casques-protections-snowboard\/\">\n\t\t\t\t\t<div class=\"elementor-cta__bg-wrapper\">\n\t\t\t\t<div class=\"elementor-cta__bg elementor-bg lazyload\" style=\"background-image:inherit;\" role=\"img\" aria-label=\"TSG snow helmet 6\" data-bg-image=\"url(https:\/\/www.nature-ride.be\/wp-content\/uploads\/2022\/01\/TSG-snow-helmet-6.jpg)\"><\/div>\n\t\t\t\t<div class=\"elementor-cta__bg-overlay\"><\/div>\n\t\t\t<\/div>\n\t\t\t\t\t\t\t<div class=\"elementor-cta__content\">\n\t\t\t\t\n\t\t\t\t\t\t\t\t\t<h2 class=\"elementor-cta__title elementor-cta__content-item elementor-content-item elementor-animated-item--grow\">\n\t\t\t\t\t\tHelmets available!\t\t\t\t\t<\/h2>\n\t\t\t\t\n\t\t\t\t\n\t\t\t\t\t\t\t\t\t<div class=\"elementor-cta__button-wrapper elementor-cta__content-item elementor-content-item elementor-animated-item--grow\">\n\t\t\t\t\t<span class=\"elementor-cta__button elementor-button elementor-size-xl\">\n\t\t\t\t\t\tCheck out our range of helmets\t\t\t\t\t<\/span>\n\t\t\t\t\t<\/div>\n\t\t\t\t\t\t\t<\/div>\n\t\t\t\t\t\t<\/a>\n\t\t\t\t\t\t<\/div>\n\t\t\t\t<\/div>\n\t\t\t\t\t<\/div>\n\t\t<\/div>\n\t\t\t\t\t<\/div>\n\t\t<\/section>\n\t\t\t\t<\/div>","protected":false},"excerpt":{"rendered":"<p>Quelle taille de casque choisir ? N&#8217;oublie pas ton casque! Et prends en un \u00e0 ta taille! On te donne quelques conseils pour te permettre de t&#8217;y retrouver. Guide de taille Conseil n\u00b01: Pour prendre la mesure de ton tour de t\u00eate, mesure l\u00e0 o\u00f9 elle est la plus large, c&#8217;est \u00e0 dire environ 2,5 [&hellip;]<\/p>\n","protected":false},"author":1,"featured_media":0,"parent":0,"menu_order":0,"comment_status":"closed","ping_status":"closed","template":"elementor_header_footer","meta":{"_monsterinsights_skip_tracking":false,"_monsterinsights_sitenote_active":false,"_monsterinsights_sitenote_note":"","_monsterinsights_sitenote_category":0,"site-sidebar-layout":"left-sidebar","site-content-layout":"page-builder","ast-site-content-layout":"default","site-content-style":"default","site-sidebar-style":"default","ast-global-header-display":"","ast-banner-title-visibility":"","ast-main-header-display":"","ast-hfb-above-header-display":"","ast-hfb-below-header-display":"","ast-hfb-mobile-header-display":"","site-post-title":"disabled","ast-breadcrumbs-content":"","ast-featured-img":"disabled","footer-sml-layout":"","ast-disable-related-posts":"","theme-transparent-header-meta":"","adv-header-id-meta":"","stick-header-meta":"","header-above-stick-meta":"","header-main-stick-meta":"","header-below-stick-meta":"","astra-migrate-meta-layouts":"default","ast-page-background-enabled":"default","ast-page-background-meta":{"desktop":{"background-color":"","background-image":"","background-repeat":"repeat","background-position":"center center","background-size":"auto","background-attachment":"scroll","background-type":"","background-media":"","overlay-type":"","overlay-color":"","overlay-opacity":"","overlay-gradient":""},"tablet":{"background-color":"","background-image":"","background-repeat":"repeat","background-position":"center center","background-size":"auto","background-attachment":"scroll","background-type":"","background-media":"","overlay-type":"","overlay-color":"","overlay-opacity":"","overlay-gradient":""},"mobile":{"background-color":"","background-image":"","background-repeat":"repeat","background-position":"center center","background-size":"auto","background-attachment":"scroll","background-type":"","background-media":"","overlay-type":"","overlay-color":"","overlay-opacity":"","overlay-gradient":""}},"ast-content-background-meta":{"desktop":{"background-color":"var(--ast-global-color-5)","background-image":"","background-repeat":"repeat","background-position":"center center","background-size":"auto","background-attachment":"scroll","background-type":"","background-media":"","overlay-type":"","overlay-color":"","overlay-opacity":"","overlay-gradient":""},"tablet":{"background-color":"var(--ast-global-color-5)","background-image":"","background-repeat":"repeat","background-position":"center center","background-size":"auto","background-attachment":"scroll","background-type":"","background-media":"","overlay-type":"","overlay-color":"","overlay-opacity":"","overlay-gradient":""},"mobile":{"background-color":"var(--ast-global-color-5)","background-image":"","background-repeat":"repeat","background-position":"center center","background-size":"auto","background-attachment":"scroll","background-type":"","background-media":"","overlay-type":"","overlay-color":"","overlay-opacity":"","overlay-gradient":""}},"footnotes":""},"class_list":["post-6768","page","type-page","status-publish","hentry"],"yoast_head":"<!-- This site is optimized with the Yoast SEO plugin v27.5 - https:\/\/yoast.com\/product\/yoast-seo-wordpress\/ -->\n<title>Quelle taille de casque choisir ? snowboard - Nature-Ride<\/title>\n<meta name=\"description\" content=\"Sur ton snowboard, n&#039;oublie pas ton casque! Et prends en un \u00e0 ta taille! On te donne quelques conseils pour te permettre de t\u2019y retrouver.\" \/>\n<meta name=\"robots\" content=\"index, follow, max-snippet:-1, max-image-preview:large, max-video-preview:-1\" \/>\n<link rel=\"canonical\" href=\"https:\/\/www.nature-ride.be\/en\/quelle-taille-de-casque-choisir-snowboard\/\" \/>\n<meta property=\"og:locale\" content=\"en_GB\" \/>\n<meta property=\"og:type\" content=\"article\" \/>\n<meta property=\"og:title\" content=\"Quelle taille de casque choisir ? snowboard - Nature-Ride\" \/>\n<meta property=\"og:description\" content=\"Sur ton snowboard, n&#039;oublie pas ton casque! Et prends en un \u00e0 ta taille! On te donne quelques conseils pour te permettre de t\u2019y retrouver.\" \/>\n<meta property=\"og:url\" content=\"https:\/\/www.nature-ride.be\/en\/quelle-taille-de-casque-choisir-snowboard\/\" \/>\n<meta property=\"og:site_name\" content=\"Nature-Ride\" \/>\n<meta property=\"article:publisher\" content=\"https:\/\/www.facebook.com\/NatureRideShop\/\" \/>\n<meta property=\"article:modified_time\" content=\"2023-04-05T10:50:12+00:00\" \/>\n<meta property=\"og:image\" content=\"https:\/\/www.nature-ride.be\/wp-content\/uploads\/2022\/01\/guide-de-tailles-casque-1-219x300.jpg\" \/>\n<meta name=\"twitter:card\" content=\"summary_large_image\" \/>\n<meta name=\"twitter:label1\" content=\"Estimated reading time\" \/>\n\t<meta name=\"twitter:data1\" content=\"2 minutes\" \/>\n<script type=\"application\/ld+json\" class=\"yoast-schema-graph\">{\"@context\":\"https:\\\/\\\/schema.org\",\"@graph\":[{\"@type\":\"WebPage\",\"@id\":\"https:\\\/\\\/www.nature-ride.be\\\/quelle-taille-de-casque-choisir-snowboard\\\/\",\"url\":\"https:\\\/\\\/www.nature-ride.be\\\/quelle-taille-de-casque-choisir-snowboard\\\/\",\"name\":\"Quelle taille de casque choisir ? snowboard - Nature-Ride\",\"isPartOf\":{\"@id\":\"https:\\\/\\\/www.nature-ride.be\\\/#website\"},\"primaryImageOfPage\":{\"@id\":\"https:\\\/\\\/www.nature-ride.be\\\/quelle-taille-de-casque-choisir-snowboard\\\/#primaryimage\"},\"image\":{\"@id\":\"https:\\\/\\\/www.nature-ride.be\\\/quelle-taille-de-casque-choisir-snowboard\\\/#primaryimage\"},\"thumbnailUrl\":\"https:\\\/\\\/www.nature-ride.be\\\/wp-content\\\/uploads\\\/2022\\\/01\\\/guide-de-tailles-casque-1-219x300.jpg\",\"datePublished\":\"2022-01-09T13:29:12+00:00\",\"dateModified\":\"2023-04-05T10:50:12+00:00\",\"description\":\"Sur ton snowboard, n'oublie pas ton casque! Et prends en un \u00e0 ta taille! On te donne quelques conseils pour te permettre de t\u2019y retrouver.\",\"breadcrumb\":{\"@id\":\"https:\\\/\\\/www.nature-ride.be\\\/quelle-taille-de-casque-choisir-snowboard\\\/#breadcrumb\"},\"inLanguage\":\"en-GB\",\"potentialAction\":[{\"@type\":\"ReadAction\",\"target\":[\"https:\\\/\\\/www.nature-ride.be\\\/quelle-taille-de-casque-choisir-snowboard\\\/\"]}]},{\"@type\":\"ImageObject\",\"inLanguage\":\"en-GB\",\"@id\":\"https:\\\/\\\/www.nature-ride.be\\\/quelle-taille-de-casque-choisir-snowboard\\\/#primaryimage\",\"url\":\"https:\\\/\\\/www.nature-ride.be\\\/wp-content\\\/uploads\\\/2022\\\/01\\\/guide-de-tailles-casque-1-219x300.jpg\",\"contentUrl\":\"https:\\\/\\\/www.nature-ride.be\\\/wp-content\\\/uploads\\\/2022\\\/01\\\/guide-de-tailles-casque-1-219x300.jpg\"},{\"@type\":\"BreadcrumbList\",\"@id\":\"https:\\\/\\\/www.nature-ride.be\\\/quelle-taille-de-casque-choisir-snowboard\\\/#breadcrumb\",\"itemListElement\":[{\"@type\":\"ListItem\",\"position\":1,\"name\":\"Accueil\",\"item\":\"https:\\\/\\\/www.nature-ride.be\\\/\"},{\"@type\":\"ListItem\",\"position\":2,\"name\":\"Quelle taille de casque choisir ? snowboard\"}]},{\"@type\":\"WebSite\",\"@id\":\"https:\\\/\\\/www.nature-ride.be\\\/#website\",\"url\":\"https:\\\/\\\/www.nature-ride.be\\\/\",\"name\":\"Nature-Ride\",\"description\":\"Nature-Ride - Le site n\u00b01 du ride \u00e9cologique\",\"publisher\":{\"@id\":\"https:\\\/\\\/www.nature-ride.be\\\/#organization\"},\"potentialAction\":[{\"@type\":\"SearchAction\",\"target\":{\"@type\":\"EntryPoint\",\"urlTemplate\":\"https:\\\/\\\/www.nature-ride.be\\\/?s={search_term_string}\"},\"query-input\":{\"@type\":\"PropertyValueSpecification\",\"valueRequired\":true,\"valueName\":\"search_term_string\"}}],\"inLanguage\":\"en-GB\"},{\"@type\":\"Organization\",\"@id\":\"https:\\\/\\\/www.nature-ride.be\\\/#organization\",\"name\":\"Nature-Ride\",\"url\":\"https:\\\/\\\/www.nature-ride.be\\\/\",\"logo\":{\"@type\":\"ImageObject\",\"inLanguage\":\"en-GB\",\"@id\":\"https:\\\/\\\/www.nature-ride.be\\\/#\\\/schema\\\/logo\\\/image\\\/\",\"url\":\"https:\\\/\\\/www.nature-ride.be\\\/wp-content\\\/uploads\\\/2021\\\/02\\\/Nature-Ride-LOGO-2.png\",\"contentUrl\":\"https:\\\/\\\/www.nature-ride.be\\\/wp-content\\\/uploads\\\/2021\\\/02\\\/Nature-Ride-LOGO-2.png\",\"width\":2952,\"height\":1314,\"caption\":\"Nature-Ride\"},\"image\":{\"@id\":\"https:\\\/\\\/www.nature-ride.be\\\/#\\\/schema\\\/logo\\\/image\\\/\"},\"sameAs\":[\"https:\\\/\\\/www.facebook.com\\\/NatureRideShop\\\/\",\"https:\\\/\\\/www.instagram.com\\\/naturerideshop\\\/\"]}]}<\/script>\n<!-- \/ Yoast SEO plugin. -->","yoast_head_json":{"title":"Quelle taille de casque choisir ? snowboard - Nature-Ride","description":"Sur ton snowboard, n'oublie pas ton casque! Et prends en un \u00e0 ta taille! On te donne quelques conseils pour te permettre de t\u2019y retrouver.","robots":{"index":"index","follow":"follow","max-snippet":"max-snippet:-1","max-image-preview":"max-image-preview:large","max-video-preview":"max-video-preview:-1"},"canonical":"https:\/\/www.nature-ride.be\/en\/quelle-taille-de-casque-choisir-snowboard\/","og_locale":"en_GB","og_type":"article","og_title":"Quelle taille de casque choisir ? snowboard - Nature-Ride","og_description":"Sur ton snowboard, n'oublie pas ton casque! Et prends en un \u00e0 ta taille! On te donne quelques conseils pour te permettre de t\u2019y retrouver.","og_url":"https:\/\/www.nature-ride.be\/en\/quelle-taille-de-casque-choisir-snowboard\/","og_site_name":"Nature-Ride","article_publisher":"https:\/\/www.facebook.com\/NatureRideShop\/","article_modified_time":"2023-04-05T10:50:12+00:00","og_image":[{"url":"https:\/\/www.nature-ride.be\/wp-content\/uploads\/2022\/01\/guide-de-tailles-casque-1-219x300.jpg","type":"","width":"","height":""}],"twitter_card":"summary_large_image","twitter_misc":{"Estimated reading time":"2 minutes"},"schema":{"@context":"https:\/\/schema.org","@graph":[{"@type":"WebPage","@id":"https:\/\/www.nature-ride.be\/quelle-taille-de-casque-choisir-snowboard\/","url":"https:\/\/www.nature-ride.be\/quelle-taille-de-casque-choisir-snowboard\/","name":"Quelle taille de casque choisir ? snowboard - Nature-Ride","isPartOf":{"@id":"https:\/\/www.nature-ride.be\/#website"},"primaryImageOfPage":{"@id":"https:\/\/www.nature-ride.be\/quelle-taille-de-casque-choisir-snowboard\/#primaryimage"},"image":{"@id":"https:\/\/www.nature-ride.be\/quelle-taille-de-casque-choisir-snowboard\/#primaryimage"},"thumbnailUrl":"https:\/\/www.nature-ride.be\/wp-content\/uploads\/2022\/01\/guide-de-tailles-casque-1-219x300.jpg","datePublished":"2022-01-09T13:29:12+00:00","dateModified":"2023-04-05T10:50:12+00:00","description":"Sur ton snowboard, n'oublie pas ton casque! Et prends en un \u00e0 ta taille! On te donne quelques conseils pour te permettre de t\u2019y retrouver.","breadcrumb":{"@id":"https:\/\/www.nature-ride.be\/quelle-taille-de-casque-choisir-snowboard\/#breadcrumb"},"inLanguage":"en-GB","potentialAction":[{"@type":"ReadAction","target":["https:\/\/www.nature-ride.be\/quelle-taille-de-casque-choisir-snowboard\/"]}]},{"@type":"ImageObject","inLanguage":"en-GB","@id":"https:\/\/www.nature-ride.be\/quelle-taille-de-casque-choisir-snowboard\/#primaryimage","url":"https:\/\/www.nature-ride.be\/wp-content\/uploads\/2022\/01\/guide-de-tailles-casque-1-219x300.jpg","contentUrl":"https:\/\/www.nature-ride.be\/wp-content\/uploads\/2022\/01\/guide-de-tailles-casque-1-219x300.jpg"},{"@type":"BreadcrumbList","@id":"https:\/\/www.nature-ride.be\/quelle-taille-de-casque-choisir-snowboard\/#breadcrumb","itemListElement":[{"@type":"ListItem","position":1,"name":"Accueil","item":"https:\/\/www.nature-ride.be\/"},{"@type":"ListItem","position":2,"name":"Quelle taille de casque choisir ? snowboard"}]},{"@type":"WebSite","@id":"https:\/\/www.nature-ride.be\/#website","url":"https:\/\/www.nature-ride.be\/","name":"Nature-Ride","description":"Nature-Ride - Le site n\u00b01 du ride \u00e9cologique","publisher":{"@id":"https:\/\/www.nature-ride.be\/#organization"},"potentialAction":[{"@type":"SearchAction","target":{"@type":"EntryPoint","urlTemplate":"https:\/\/www.nature-ride.be\/?s={search_term_string}"},"query-input":{"@type":"PropertyValueSpecification","valueRequired":true,"valueName":"search_term_string"}}],"inLanguage":"en-GB"},{"@type":"Organization","@id":"https:\/\/www.nature-ride.be\/#organization","name":"Nature-Ride","url":"https:\/\/www.nature-ride.be\/","logo":{"@type":"ImageObject","inLanguage":"en-GB","@id":"https:\/\/www.nature-ride.be\/#\/schema\/logo\/image\/","url":"https:\/\/www.nature-ride.be\/wp-content\/uploads\/2021\/02\/Nature-Ride-LOGO-2.png","contentUrl":"https:\/\/www.nature-ride.be\/wp-content\/uploads\/2021\/02\/Nature-Ride-LOGO-2.png","width":2952,"height":1314,"caption":"Nature-Ride"},"image":{"@id":"https:\/\/www.nature-ride.be\/#\/schema\/logo\/image\/"},"sameAs":["https:\/\/www.facebook.com\/NatureRideShop\/","https:\/\/www.instagram.com\/naturerideshop\/"]}]}},"_links":{"self":[{"href":"https:\/\/www.nature-ride.be\/en\/wp-json\/wp\/v2\/pages\/6768","targetHints":{"allow":["GET"]}}],"collection":[{"href":"https:\/\/www.nature-ride.be\/en\/wp-json\/wp\/v2\/pages"}],"about":[{"href":"https:\/\/www.nature-ride.be\/en\/wp-json\/wp\/v2\/types\/page"}],"author":[{"embeddable":true,"href":"https:\/\/www.nature-ride.be\/en\/wp-json\/wp\/v2\/users\/1"}],"replies":[{"embeddable":true,"href":"https:\/\/www.nature-ride.be\/en\/wp-json\/wp\/v2\/comments?post=6768"}],"version-history":[{"count":30,"href":"https:\/\/www.nature-ride.be\/en\/wp-json\/wp\/v2\/pages\/6768\/revisions"}],"predecessor-version":[{"id":20040,"href":"https:\/\/www.nature-ride.be\/en\/wp-json\/wp\/v2\/pages\/6768\/revisions\/20040"}],"wp:attachment":[{"href":"https:\/\/www.nature-ride.be\/en\/wp-json\/wp\/v2\/media?parent=6768"}],"curies":[{"name":"wp","href":"https:\/\/api.w.org\/{rel}","templated":true}]}}