{"id":21714,"date":"2022-11-02T21:52:58","date_gmt":"2022-11-02T21:52:58","guid":{"rendered":"https:\/\/www.nature-ride.be\/?page_id=21714"},"modified":"2023-04-05T10:50:13","modified_gmt":"2023-04-05T10:50:13","slug":"quelle-taille-de-combinaison-choisir","status":"publish","type":"page","link":"https:\/\/www.nature-ride.be\/en\/quelle-taille-de-combinaison-choisir\/","title":{"rendered":"Quelle taille de combinaison choisir ?"},"content":{"rendered":"<div data-elementor-type=\"wp-page\" data-elementor-id=\"21714\" class=\"elementor elementor-21714\" data-elementor-post-type=\"page\">\n\t\t\t\t\t\t<section class=\"elementor-section elementor-top-section elementor-element elementor-element-c5d54ff elementor-section-boxed elementor-section-height-default elementor-section-height-default\" data-id=\"c5d54ff\" data-element_type=\"section\" data-e-type=\"section\">\n\t\t\t\t\t\t<div class=\"elementor-container elementor-column-gap-default\">\n\t\t\t\t\t<div class=\"elementor-column elementor-col-100 elementor-top-column elementor-element elementor-element-045300f\" data-id=\"045300f\" data-element_type=\"column\" data-e-type=\"column\">\n\t\t\t<div class=\"elementor-widget-wrap elementor-element-populated\">\n\t\t\t\t\t\t<div class=\"elementor-element elementor-element-cb6558b elementor-widget elementor-widget-heading\" data-id=\"cb6558b\" data-element_type=\"widget\" data-e-type=\"widget\" data-widget_type=\"heading.default\">\n\t\t\t\t<div class=\"elementor-widget-container\">\n\t\t\t\t\t<h2 class=\"elementor-heading-title elementor-size-default\">Quelle taille de combinaison choisir ?<\/h2>\t\t\t\t<\/div>\n\t\t\t\t<\/div>\n\t\t\t\t\t<\/div>\n\t\t<\/div>\n\t\t\t\t\t<\/div>\n\t\t<\/section>\n\t\t\t\t<section class=\"elementor-section elementor-top-section elementor-element elementor-element-e9926b5 elementor-section-boxed elementor-section-height-default elementor-section-height-default\" data-id=\"e9926b5\" data-element_type=\"section\" data-e-type=\"section\">\n\t\t\t\t\t\t<div class=\"elementor-container elementor-column-gap-default\">\n\t\t\t\t\t<div class=\"elementor-column elementor-col-100 elementor-top-column elementor-element elementor-element-e2e825d\" data-id=\"e2e825d\" data-element_type=\"column\" data-e-type=\"column\">\n\t\t\t<div class=\"elementor-widget-wrap elementor-element-populated\">\n\t\t\t\t\t\t<div class=\"elementor-element elementor-element-d380272 elementor-widget elementor-widget-text-editor\" data-id=\"d380272\" data-element_type=\"widget\" data-e-type=\"widget\" data-widget_type=\"text-editor.default\">\n\t\t\t\t<div class=\"elementor-widget-container\">\n\t\t\t\t\t\t\t\t\t<p>Every water sportsman knows that water can be cold! Very cold! A wetsuit is therefore a must.<\/p><p>It is really important to have a suit that fits you for optimal efficiency. Here is some information to help you choose the size of your future suit.<\/p><p>Don't forget to recycle your old suits! So\u00f6ruz has set up a recycling programme. More info here -&gt; <a href=\"https:\/\/surfwear.sooruz.com\/recycle\/\">Second Life Program<\/a><\/p>\t\t\t\t\t\t\t\t<\/div>\n\t\t\t\t<\/div>\n\t\t\t\t\t<\/div>\n\t\t<\/div>\n\t\t\t\t\t<\/div>\n\t\t<\/section>\n\t\t\t\t<section class=\"elementor-section elementor-top-section elementor-element elementor-element-2f39cc7 elementor-section-boxed elementor-section-height-default elementor-section-height-default\" data-id=\"2f39cc7\" data-element_type=\"section\" data-e-type=\"section\">\n\t\t\t\t\t\t<div class=\"elementor-container elementor-column-gap-default\">\n\t\t\t\t\t<div class=\"elementor-column elementor-col-100 elementor-top-column elementor-element elementor-element-6c73af0\" data-id=\"6c73af0\" data-element_type=\"column\" data-e-type=\"column\">\n\t\t\t<div class=\"elementor-widget-wrap elementor-element-populated\">\n\t\t\t\t\t\t<div class=\"elementor-element elementor-element-f6952ea elementor-widget elementor-widget-image\" data-id=\"f6952ea\" data-element_type=\"widget\" data-e-type=\"widget\" data-widget_type=\"image.default\">\n\t\t\t\t<div class=\"elementor-widget-container\">\n\t\t\t\t\t\t\t\t\t\t\t\t\t\t\t<img fetchpriority=\"high\" decoding=\"async\" width=\"258\" height=\"195\" src=\"https:\/\/www.nature-ride.be\/wp-content\/uploads\/2021\/12\/logo.png\" class=\"attachment-full size-full wp-image-6254\" alt=\"\" srcset=\"https:\/\/www.nature-ride.be\/wp-content\/uploads\/2021\/12\/logo.png 258w, https:\/\/www.nature-ride.be\/wp-content\/uploads\/2021\/12\/logo-16x12.png 16w\" sizes=\"(max-width: 258px) 100vw, 258px\" \/>\t\t\t\t\t\t\t\t\t\t\t\t\t\t\t<\/div>\n\t\t\t\t<\/div>\n\t\t\t\t<div class=\"elementor-element elementor-element-0e6b682 elementor-widget elementor-widget-image\" data-id=\"0e6b682\" data-element_type=\"widget\" data-e-type=\"widget\" data-widget_type=\"image.default\">\n\t\t\t\t<div class=\"elementor-widget-container\">\n\t\t\t\t\t\t\t\t\t\t\t\t\t\t\t<img decoding=\"async\" width=\"1607\" height=\"1106\" data-src=\"https:\/\/www.nature-ride.be\/wp-content\/uploads\/2022\/11\/3003_GUIDEDESTAILLES_COMBI_OLD.jpg\" class=\"attachment-full size-full wp-image-21718 lazyload\" alt=\"\" data-srcset=\"https:\/\/www.nature-ride.be\/wp-content\/uploads\/2022\/11\/3003_GUIDEDESTAILLES_COMBI_OLD.jpg 1607w, https:\/\/www.nature-ride.be\/wp-content\/uploads\/2022\/11\/3003_GUIDEDESTAILLES_COMBI_OLD-300x206.jpg 300w, https:\/\/www.nature-ride.be\/wp-content\/uploads\/2022\/11\/3003_GUIDEDESTAILLES_COMBI_OLD-1024x705.jpg 1024w, https:\/\/www.nature-ride.be\/wp-content\/uploads\/2022\/11\/3003_GUIDEDESTAILLES_COMBI_OLD-768x529.jpg 768w, https:\/\/www.nature-ride.be\/wp-content\/uploads\/2022\/11\/3003_GUIDEDESTAILLES_COMBI_OLD-1536x1057.jpg 1536w, https:\/\/www.nature-ride.be\/wp-content\/uploads\/2022\/11\/3003_GUIDEDESTAILLES_COMBI_OLD-18x12.jpg 18w, https:\/\/www.nature-ride.be\/wp-content\/uploads\/2022\/11\/3003_GUIDEDESTAILLES_COMBI_OLD-600x413.jpg 600w\" data-sizes=\"(max-width: 1607px) 100vw, 1607px\" src=\"data:image\/svg+xml;base64,PHN2ZyB3aWR0aD0iMSIgaGVpZ2h0PSIxIiB4bWxucz0iaHR0cDovL3d3dy53My5vcmcvMjAwMC9zdmciPjwvc3ZnPg==\" style=\"--smush-placeholder-width: 1607px; --smush-placeholder-aspect-ratio: 1607\/1106;\" \/>\t\t\t\t\t\t\t\t\t\t\t\t\t\t\t<\/div>\n\t\t\t\t<\/div>\n\t\t\t\t<div class=\"elementor-element elementor-element-cf326f7 elementor-widget elementor-widget-spacer\" data-id=\"cf326f7\" data-element_type=\"widget\" data-e-type=\"widget\" data-widget_type=\"spacer.default\">\n\t\t\t\t<div class=\"elementor-widget-container\">\n\t\t\t\t\t\t\t<div class=\"elementor-spacer\">\n\t\t\t<div class=\"elementor-spacer-inner\"><\/div>\n\t\t<\/div>\n\t\t\t\t\t\t<\/div>\n\t\t\t\t<\/div>\n\t\t\t\t\t<\/div>\n\t\t<\/div>\n\t\t\t\t\t<\/div>\n\t\t<\/section>\n\t\t\t\t<section class=\"elementor-section elementor-top-section elementor-element elementor-element-21c95b2 elementor-section-boxed elementor-section-height-default elementor-section-height-default\" data-id=\"21c95b2\" data-element_type=\"section\" data-e-type=\"section\">\n\t\t\t\t\t\t<div class=\"elementor-container elementor-column-gap-default\">\n\t\t\t\t\t<div class=\"elementor-column elementor-col-100 elementor-top-column elementor-element elementor-element-32aa105\" data-id=\"32aa105\" data-element_type=\"column\" data-e-type=\"column\">\n\t\t\t<div class=\"elementor-widget-wrap elementor-element-populated\">\n\t\t\t\t\t\t<div class=\"elementor-element elementor-element-a16a5da elementor-cta--skin-cover elementor-animated-content elementor-bg-transform elementor-bg-transform-zoom-in elementor-widget elementor-widget-call-to-action\" data-id=\"a16a5da\" data-element_type=\"widget\" data-e-type=\"widget\" data-widget_type=\"call-to-action.default\">\n\t\t\t\t<div class=\"elementor-widget-container\">\n\t\t\t\t\t\t\t<a class=\"elementor-cta\" href=\"https:\/\/www.nature-ride.be\/en\/product-category\/wakeboards\/combinaisons\/\">\n\t\t\t\t\t<div class=\"elementor-cta__bg-wrapper\">\n\t\t\t\t<div class=\"elementor-cta__bg elementor-bg lazyload\" style=\"background-image:inherit;\" role=\"img\" aria-label=\"Sooruz combi\" data-bg-image=\"url(https:\/\/www.nature-ride.be\/wp-content\/uploads\/2022\/11\/Sooruz-combi.jpg)\"><\/div>\n\t\t\t\t<div class=\"elementor-cta__bg-overlay\"><\/div>\n\t\t\t<\/div>\n\t\t\t\t\t\t\t<div class=\"elementor-cta__content\">\n\t\t\t\t\n\t\t\t\t\t\t\t\t\t<h2 class=\"elementor-cta__title elementor-cta__content-item elementor-content-item elementor-animated-item--grow\">\n\t\t\t\t\t\twetsuits available!\t\t\t\t\t<\/h2>\n\t\t\t\t\n\t\t\t\t\n\t\t\t\t\t\t\t\t\t<div class=\"elementor-cta__button-wrapper elementor-cta__content-item elementor-content-item elementor-animated-item--grow\">\n\t\t\t\t\t<span class=\"elementor-cta__button elementor-button elementor-size-xl\">\n\t\t\t\t\t\tCheck out our range of wetsuit\t\t\t\t\t<\/span>\n\t\t\t\t\t<\/div>\n\t\t\t\t\t\t\t<\/div>\n\t\t\t\t\t\t<\/a>\n\t\t\t\t\t\t<\/div>\n\t\t\t\t<\/div>\n\t\t\t\t\t<\/div>\n\t\t<\/div>\n\t\t\t\t\t<\/div>\n\t\t<\/section>\n\t\t\t\t<\/div>","protected":false},"excerpt":{"rendered":"<p>Quelle taille de combinaison choisir ? Chaque pratiquant de sport nautique le sait, l&#8217;eau peut-\u00eatre froide ! Tr\u00e8s froide ! La combinaison est donc un indispensable. Il est vraiment important d&#8217;avoir une combinaison \u00e0 sa taille pour que son efficacit\u00e9 soit optimale. Voici quelques informations qui pourront t&#8217;aider dans le choix de la taille de [&hellip;]<\/p>\n","protected":false},"author":1,"featured_media":0,"parent":0,"menu_order":0,"comment_status":"closed","ping_status":"closed","template":"elementor_header_footer","meta":{"_monsterinsights_skip_tracking":false,"_monsterinsights_sitenote_active":false,"_monsterinsights_sitenote_note":"","_monsterinsights_sitenote_category":0,"site-sidebar-layout":"default","site-content-layout":"page-builder","ast-site-content-layout":"default","site-content-style":"default","site-sidebar-style":"default","ast-global-header-display":"","ast-banner-title-visibility":"","ast-main-header-display":"","ast-hfb-above-header-display":"","ast-hfb-below-header-display":"","ast-hfb-mobile-header-display":"","site-post-title":"disabled","ast-breadcrumbs-content":"","ast-featured-img":"disabled","footer-sml-layout":"","ast-disable-related-posts":"","theme-transparent-header-meta":"","adv-header-id-meta":"","stick-header-meta":"","header-above-stick-meta":"","header-main-stick-meta":"","header-below-stick-meta":"","astra-migrate-meta-layouts":"default","ast-page-background-enabled":"default","ast-page-background-meta":{"desktop":{"background-color":"","background-image":"","background-repeat":"repeat","background-position":"center center","background-size":"auto","background-attachment":"scroll","background-type":"","background-media":"","overlay-type":"","overlay-color":"","overlay-opacity":"","overlay-gradient":""},"tablet":{"background-color":"","background-image":"","background-repeat":"repeat","background-position":"center center","background-size":"auto","background-attachment":"scroll","background-type":"","background-media":"","overlay-type":"","overlay-color":"","overlay-opacity":"","overlay-gradient":""},"mobile":{"background-color":"","background-image":"","background-repeat":"repeat","background-position":"center center","background-size":"auto","background-attachment":"scroll","background-type":"","background-media":"","overlay-type":"","overlay-color":"","overlay-opacity":"","overlay-gradient":""}},"ast-content-background-meta":{"desktop":{"background-color":"var(--ast-global-color-5)","background-image":"","background-repeat":"repeat","background-position":"center center","background-size":"auto","background-attachment":"scroll","background-type":"","background-media":"","overlay-type":"","overlay-color":"","overlay-opacity":"","overlay-gradient":""},"tablet":{"background-color":"var(--ast-global-color-5)","background-image":"","background-repeat":"repeat","background-position":"center center","background-size":"auto","background-attachment":"scroll","background-type":"","background-media":"","overlay-type":"","overlay-color":"","overlay-opacity":"","overlay-gradient":""},"mobile":{"background-color":"var(--ast-global-color-5)","background-image":"","background-repeat":"repeat","background-position":"center center","background-size":"auto","background-attachment":"scroll","background-type":"","background-media":"","overlay-type":"","overlay-color":"","overlay-opacity":"","overlay-gradient":""}},"footnotes":""},"class_list":["post-21714","page","type-page","status-publish","hentry"],"yoast_head":"<!-- This site is optimized with the Yoast SEO plugin v27.5 - https:\/\/yoast.com\/product\/yoast-seo-wordpress\/ -->\n<title>Quelle taille de combinaison choisir ? - Nature-Ride<\/title>\n<meta name=\"robots\" content=\"index, follow, max-snippet:-1, max-image-preview:large, max-video-preview:-1\" \/>\n<link rel=\"canonical\" href=\"https:\/\/www.nature-ride.be\/en\/quelle-taille-de-combinaison-choisir\/\" \/>\n<meta property=\"og:locale\" content=\"en_GB\" \/>\n<meta property=\"og:type\" content=\"article\" \/>\n<meta property=\"og:title\" content=\"Quelle taille de combinaison choisir ? - Nature-Ride\" \/>\n<meta property=\"og:description\" content=\"Quelle taille de combinaison choisir ? Chaque pratiquant de sport nautique le sait, l&#8217;eau peut-\u00eatre froide ! Tr\u00e8s froide ! La combinaison est donc un indispensable. Il est vraiment important d&#8217;avoir une combinaison \u00e0 sa taille pour que son efficacit\u00e9 soit optimale. Voici quelques informations qui pourront t&#8217;aider dans le choix de la taille de [&hellip;]\" \/>\n<meta property=\"og:url\" content=\"https:\/\/www.nature-ride.be\/en\/quelle-taille-de-combinaison-choisir\/\" \/>\n<meta property=\"og:site_name\" content=\"Nature-Ride\" \/>\n<meta property=\"article:publisher\" content=\"https:\/\/www.facebook.com\/NatureRideShop\/\" \/>\n<meta property=\"article:modified_time\" content=\"2023-04-05T10:50:13+00:00\" \/>\n<meta property=\"og:image\" content=\"https:\/\/www.nature-ride.be\/wp-content\/uploads\/2021\/12\/logo.png\" \/>\n<meta name=\"twitter:card\" content=\"summary_large_image\" \/>\n<script type=\"application\/ld+json\" class=\"yoast-schema-graph\">{\"@context\":\"https:\\\/\\\/schema.org\",\"@graph\":[{\"@type\":\"WebPage\",\"@id\":\"https:\\\/\\\/www.nature-ride.be\\\/quelle-taille-de-combinaison-choisir\\\/\",\"url\":\"https:\\\/\\\/www.nature-ride.be\\\/quelle-taille-de-combinaison-choisir\\\/\",\"name\":\"Quelle taille de combinaison choisir ? - Nature-Ride\",\"isPartOf\":{\"@id\":\"https:\\\/\\\/www.nature-ride.be\\\/#website\"},\"primaryImageOfPage\":{\"@id\":\"https:\\\/\\\/www.nature-ride.be\\\/quelle-taille-de-combinaison-choisir\\\/#primaryimage\"},\"image\":{\"@id\":\"https:\\\/\\\/www.nature-ride.be\\\/quelle-taille-de-combinaison-choisir\\\/#primaryimage\"},\"thumbnailUrl\":\"https:\\\/\\\/www.nature-ride.be\\\/wp-content\\\/uploads\\\/2021\\\/12\\\/logo.png\",\"datePublished\":\"2022-11-02T21:52:58+00:00\",\"dateModified\":\"2023-04-05T10:50:13+00:00\",\"breadcrumb\":{\"@id\":\"https:\\\/\\\/www.nature-ride.be\\\/quelle-taille-de-combinaison-choisir\\\/#breadcrumb\"},\"inLanguage\":\"en-GB\",\"potentialAction\":[{\"@type\":\"ReadAction\",\"target\":[\"https:\\\/\\\/www.nature-ride.be\\\/quelle-taille-de-combinaison-choisir\\\/\"]}]},{\"@type\":\"ImageObject\",\"inLanguage\":\"en-GB\",\"@id\":\"https:\\\/\\\/www.nature-ride.be\\\/quelle-taille-de-combinaison-choisir\\\/#primaryimage\",\"url\":\"https:\\\/\\\/www.nature-ride.be\\\/wp-content\\\/uploads\\\/2021\\\/12\\\/logo.png\",\"contentUrl\":\"https:\\\/\\\/www.nature-ride.be\\\/wp-content\\\/uploads\\\/2021\\\/12\\\/logo.png\"},{\"@type\":\"BreadcrumbList\",\"@id\":\"https:\\\/\\\/www.nature-ride.be\\\/quelle-taille-de-combinaison-choisir\\\/#breadcrumb\",\"itemListElement\":[{\"@type\":\"ListItem\",\"position\":1,\"name\":\"Accueil\",\"item\":\"https:\\\/\\\/www.nature-ride.be\\\/\"},{\"@type\":\"ListItem\",\"position\":2,\"name\":\"Quelle taille de combinaison choisir ?\"}]},{\"@type\":\"WebSite\",\"@id\":\"https:\\\/\\\/www.nature-ride.be\\\/#website\",\"url\":\"https:\\\/\\\/www.nature-ride.be\\\/\",\"name\":\"Nature-Ride\",\"description\":\"Nature-Ride - Le site n\u00b01 du ride \u00e9cologique\",\"publisher\":{\"@id\":\"https:\\\/\\\/www.nature-ride.be\\\/#organization\"},\"potentialAction\":[{\"@type\":\"SearchAction\",\"target\":{\"@type\":\"EntryPoint\",\"urlTemplate\":\"https:\\\/\\\/www.nature-ride.be\\\/?s={search_term_string}\"},\"query-input\":{\"@type\":\"PropertyValueSpecification\",\"valueRequired\":true,\"valueName\":\"search_term_string\"}}],\"inLanguage\":\"en-GB\"},{\"@type\":\"Organization\",\"@id\":\"https:\\\/\\\/www.nature-ride.be\\\/#organization\",\"name\":\"Nature-Ride\",\"url\":\"https:\\\/\\\/www.nature-ride.be\\\/\",\"logo\":{\"@type\":\"ImageObject\",\"inLanguage\":\"en-GB\",\"@id\":\"https:\\\/\\\/www.nature-ride.be\\\/#\\\/schema\\\/logo\\\/image\\\/\",\"url\":\"https:\\\/\\\/www.nature-ride.be\\\/wp-content\\\/uploads\\\/2021\\\/02\\\/Nature-Ride-LOGO-2.png\",\"contentUrl\":\"https:\\\/\\\/www.nature-ride.be\\\/wp-content\\\/uploads\\\/2021\\\/02\\\/Nature-Ride-LOGO-2.png\",\"width\":2952,\"height\":1314,\"caption\":\"Nature-Ride\"},\"image\":{\"@id\":\"https:\\\/\\\/www.nature-ride.be\\\/#\\\/schema\\\/logo\\\/image\\\/\"},\"sameAs\":[\"https:\\\/\\\/www.facebook.com\\\/NatureRideShop\\\/\",\"https:\\\/\\\/www.instagram.com\\\/naturerideshop\\\/\"]}]}<\/script>\n<!-- \/ Yoast SEO plugin. -->","yoast_head_json":{"title":"Quelle taille de combinaison choisir ? - Nature-Ride","robots":{"index":"index","follow":"follow","max-snippet":"max-snippet:-1","max-image-preview":"max-image-preview:large","max-video-preview":"max-video-preview:-1"},"canonical":"https:\/\/www.nature-ride.be\/en\/quelle-taille-de-combinaison-choisir\/","og_locale":"en_GB","og_type":"article","og_title":"Quelle taille de combinaison choisir ? - Nature-Ride","og_description":"Quelle taille de combinaison choisir ? Chaque pratiquant de sport nautique le sait, l&#8217;eau peut-\u00eatre froide ! Tr\u00e8s froide ! La combinaison est donc un indispensable. Il est vraiment important d&#8217;avoir une combinaison \u00e0 sa taille pour que son efficacit\u00e9 soit optimale. Voici quelques informations qui pourront t&#8217;aider dans le choix de la taille de [&hellip;]","og_url":"https:\/\/www.nature-ride.be\/en\/quelle-taille-de-combinaison-choisir\/","og_site_name":"Nature-Ride","article_publisher":"https:\/\/www.facebook.com\/NatureRideShop\/","article_modified_time":"2023-04-05T10:50:13+00:00","og_image":[{"url":"https:\/\/www.nature-ride.be\/wp-content\/uploads\/2021\/12\/logo.png","type":"","width":"","height":""}],"twitter_card":"summary_large_image","schema":{"@context":"https:\/\/schema.org","@graph":[{"@type":"WebPage","@id":"https:\/\/www.nature-ride.be\/quelle-taille-de-combinaison-choisir\/","url":"https:\/\/www.nature-ride.be\/quelle-taille-de-combinaison-choisir\/","name":"Quelle taille de combinaison choisir ? - Nature-Ride","isPartOf":{"@id":"https:\/\/www.nature-ride.be\/#website"},"primaryImageOfPage":{"@id":"https:\/\/www.nature-ride.be\/quelle-taille-de-combinaison-choisir\/#primaryimage"},"image":{"@id":"https:\/\/www.nature-ride.be\/quelle-taille-de-combinaison-choisir\/#primaryimage"},"thumbnailUrl":"https:\/\/www.nature-ride.be\/wp-content\/uploads\/2021\/12\/logo.png","datePublished":"2022-11-02T21:52:58+00:00","dateModified":"2023-04-05T10:50:13+00:00","breadcrumb":{"@id":"https:\/\/www.nature-ride.be\/quelle-taille-de-combinaison-choisir\/#breadcrumb"},"inLanguage":"en-GB","potentialAction":[{"@type":"ReadAction","target":["https:\/\/www.nature-ride.be\/quelle-taille-de-combinaison-choisir\/"]}]},{"@type":"ImageObject","inLanguage":"en-GB","@id":"https:\/\/www.nature-ride.be\/quelle-taille-de-combinaison-choisir\/#primaryimage","url":"https:\/\/www.nature-ride.be\/wp-content\/uploads\/2021\/12\/logo.png","contentUrl":"https:\/\/www.nature-ride.be\/wp-content\/uploads\/2021\/12\/logo.png"},{"@type":"BreadcrumbList","@id":"https:\/\/www.nature-ride.be\/quelle-taille-de-combinaison-choisir\/#breadcrumb","itemListElement":[{"@type":"ListItem","position":1,"name":"Accueil","item":"https:\/\/www.nature-ride.be\/"},{"@type":"ListItem","position":2,"name":"Quelle taille de combinaison choisir ?"}]},{"@type":"WebSite","@id":"https:\/\/www.nature-ride.be\/#website","url":"https:\/\/www.nature-ride.be\/","name":"Nature-Ride","description":"Nature-Ride - Le site n\u00b01 du ride \u00e9cologique","publisher":{"@id":"https:\/\/www.nature-ride.be\/#organization"},"potentialAction":[{"@type":"SearchAction","target":{"@type":"EntryPoint","urlTemplate":"https:\/\/www.nature-ride.be\/?s={search_term_string}"},"query-input":{"@type":"PropertyValueSpecification","valueRequired":true,"valueName":"search_term_string"}}],"inLanguage":"en-GB"},{"@type":"Organization","@id":"https:\/\/www.nature-ride.be\/#organization","name":"Nature-Ride","url":"https:\/\/www.nature-ride.be\/","logo":{"@type":"ImageObject","inLanguage":"en-GB","@id":"https:\/\/www.nature-ride.be\/#\/schema\/logo\/image\/","url":"https:\/\/www.nature-ride.be\/wp-content\/uploads\/2021\/02\/Nature-Ride-LOGO-2.png","contentUrl":"https:\/\/www.nature-ride.be\/wp-content\/uploads\/2021\/02\/Nature-Ride-LOGO-2.png","width":2952,"height":1314,"caption":"Nature-Ride"},"image":{"@id":"https:\/\/www.nature-ride.be\/#\/schema\/logo\/image\/"},"sameAs":["https:\/\/www.facebook.com\/NatureRideShop\/","https:\/\/www.instagram.com\/naturerideshop\/"]}]}},"_links":{"self":[{"href":"https:\/\/www.nature-ride.be\/en\/wp-json\/wp\/v2\/pages\/21714","targetHints":{"allow":["GET"]}}],"collection":[{"href":"https:\/\/www.nature-ride.be\/en\/wp-json\/wp\/v2\/pages"}],"about":[{"href":"https:\/\/www.nature-ride.be\/en\/wp-json\/wp\/v2\/types\/page"}],"author":[{"embeddable":true,"href":"https:\/\/www.nature-ride.be\/en\/wp-json\/wp\/v2\/users\/1"}],"replies":[{"embeddable":true,"href":"https:\/\/www.nature-ride.be\/en\/wp-json\/wp\/v2\/comments?post=21714"}],"version-history":[{"count":30,"href":"https:\/\/www.nature-ride.be\/en\/wp-json\/wp\/v2\/pages\/21714\/revisions"}],"predecessor-version":[{"id":21750,"href":"https:\/\/www.nature-ride.be\/en\/wp-json\/wp\/v2\/pages\/21714\/revisions\/21750"}],"wp:attachment":[{"href":"https:\/\/www.nature-ride.be\/en\/wp-json\/wp\/v2\/media?parent=21714"}],"curies":[{"name":"wp","href":"https:\/\/api.w.org\/{rel}","templated":true}]}}